{"id":80930,"date":"2021-02-21T20:13:37","date_gmt":"2021-02-21T20:13:37","guid":{"rendered":"https:\/\/www.autonvaraosahaku.fi\/?product=topran-502-092-ikkunannostin"},"modified":"2021-02-21T20:13:38","modified_gmt":"2021-02-21T20:13:38","slug":"topran-502-092-ikkunannostin","status":"publish","type":"product","link":"https:\/\/www.autonvaraosahaku.fi\/?product=topran-502-092-ikkunannostin","title":{"rendered":"TOPRAN 502 092 Ikkunannostin"},"content":{"rendered":"<p>Asennuspuoli: Taakse, vasen; Varusteet: ajoneuvoille s\u00e4hk\u00f6-ikkunahisseill\u00e4; Lis\u00e4tarvike\/lis\u00e4tieto: Ilman s\u00e4hk\u00f6moottoria; Ikkunannostimet: Yksikiskoinen innunannostin; parilliset tuotenumerot: 502 093; Moottorinumero: 318dN47; BMW: 3 Touring E91,3 E90; 51357140589; Lasinnostin<\/p>\n","protected":false},"excerpt":{"rendered":"<p>TOPRAN Ikkunannostin 502 092 Lasinnostin BMW,3 Touring E91,3 E90<\/p>\n","protected":false},"featured_media":0,"template":"","meta":{"site-sidebar-layout":"default","site-content-layout":"default","ast-global-header-display":"","ast-main-header-display":"","ast-hfb-above-header-display":"","ast-hfb-below-header-display":"","ast-hfb-mobile-header-display":"","site-post-title":"","ast-breadcrumbs-content":"","ast-featured-img":"","footer-sml-layout":"","theme-transparent-header-meta":"","adv-header-id-meta":"","stick-header-meta":"","header-above-stick-meta":"","header-main-stick-meta":"","header-below-stick-meta":""},"pwb-brand":[18],"product_cat":[203],"product_tag":[],"class_list":{"0":"post-80930","1":"product","2":"type-product","3":"status-publish","5":"pwb-brand-topran","6":"product_cat-ikkunannostin","7":"desktop-align-left","8":"tablet-align-left","9":"mobile-align-left","11":"first","12":"instock","13":"product-type-external"},"brands":[{"id":18,"name":"TOPRAN","slug":"topran"}],"_links":{"self":[{"href":"https:\/\/www.autonvaraosahaku.fi\/index.php?rest_route=\/wp\/v2\/product\/80930","targetHints":{"allow":["GET"]}}],"collection":[{"href":"https:\/\/www.autonvaraosahaku.fi\/index.php?rest_route=\/wp\/v2\/product"}],"about":[{"href":"https:\/\/www.autonvaraosahaku.fi\/index.php?rest_route=\/wp\/v2\/types\/product"}],"wp:attachment":[{"href":"https:\/\/www.autonvaraosahaku.fi\/index.php?rest_route=%2Fwp%2Fv2%2Fmedia&parent=80930"}],"wp:term":[{"taxonomy":"pwb-brand","embeddable":true,"href":"https:\/\/www.autonvaraosahaku.fi\/index.php?rest_route=%2Fwp%2Fv2%2Fpwb-brand&post=80930"},{"taxonomy":"product_cat","embeddable":true,"href":"https:\/\/www.autonvaraosahaku.fi\/index.php?rest_route=%2Fwp%2Fv2%2Fproduct_cat&post=80930"},{"taxonomy":"product_tag","embeddable":true,"href":"https:\/\/www.autonvaraosahaku.fi\/index.php?rest_route=%2Fwp%2Fv2%2Fproduct_tag&post=80930"}],"curies":[{"name":"wp","href":"https:\/\/api.w.org\/{rel}","templated":true}]}}