{"id":80988,"date":"2021-02-21T20:13:52","date_gmt":"2021-02-21T20:13:52","guid":{"rendered":"https:\/\/www.autonvaraosahaku.fi\/?product=febi-bilstein-46502-muut-luokat"},"modified":"2021-02-21T20:13:58","modified_gmt":"2021-02-21T20:13:58","slug":"febi-bilstein-46502-muut-luokat","status":"publish","type":"product","link":"https:\/\/www.autonvaraosahaku.fi\/?product=febi-bilstein-46502-muut-luokat","title":{"rendered":"FEBI BILSTEIN 46502 Muut luokat"},"content":{"rendered":"<p>Liittimi\u00e4: 7; Materiaali: Alumiinivalu; Paino [kg]: 0,160, 0,160; Katalysaattorimalli: f\u00fcr Fahrzeuge mit nachger\u00fcstetem Kat; MERCEDES-BENZ: C-CLASS W202,190 W201,SLK R170,Stufenheck W124,SL R107,C-CLASS Kombi S202,Stufenheck W123,S-CLASS W126,KOMBI Kombi S124,E-CLASS W124,COUPE C124,E-CLASS Kombi S124,COUPE C123,S-CLASS Coupe C126,KOMBI Kombi S123,E-CLASS Cabriolet A124,SL Coupe C107,E-CLASS Coupe C124,CABRIOLET A124; 1244620093, 2025450104, A1244620093, A2025450104<\/p>\n","protected":false},"excerpt":{"rendered":"<p>FEBI BILSTEIN Virtalukko 46502  MERCEDES-BENZ,C-CLASS W202,190 W201,SLK R170,Stufenheck W124,SL R107,C-CLASS Kombi S202,Stufenheck W123,S-CLASS W126<\/p>\n","protected":false},"featured_media":0,"template":"","meta":{"site-sidebar-layout":"default","site-content-layout":"default","ast-global-header-display":"","ast-main-header-display":"","ast-hfb-above-header-display":"","ast-hfb-below-header-display":"","ast-hfb-mobile-header-display":"","site-post-title":"","ast-breadcrumbs-content":"","ast-featured-img":"","footer-sml-layout":"","theme-transparent-header-meta":"","adv-header-id-meta":"","stick-header-meta":"","header-above-stick-meta":"","header-main-stick-meta":"","header-below-stick-meta":""},"pwb-brand":[50],"product_cat":[37],"product_tag":[],"class_list":{"0":"post-80988","1":"product","2":"type-product","3":"status-publish","5":"pwb-brand-febi-bilstein","6":"product_cat-muut-luokat","7":"desktop-align-left","8":"tablet-align-left","9":"mobile-align-left","11":"first","12":"instock","13":"product-type-external"},"brands":[{"id":50,"name":"FEBI BILSTEIN","slug":"febi-bilstein"}],"_links":{"self":[{"href":"https:\/\/www.autonvaraosahaku.fi\/index.php?rest_route=\/wp\/v2\/product\/80988","targetHints":{"allow":["GET"]}}],"collection":[{"href":"https:\/\/www.autonvaraosahaku.fi\/index.php?rest_route=\/wp\/v2\/product"}],"about":[{"href":"https:\/\/www.autonvaraosahaku.fi\/index.php?rest_route=\/wp\/v2\/types\/product"}],"wp:attachment":[{"href":"https:\/\/www.autonvaraosahaku.fi\/index.php?rest_route=%2Fwp%2Fv2%2Fmedia&parent=80988"}],"wp:term":[{"taxonomy":"pwb-brand","embeddable":true,"href":"https:\/\/www.autonvaraosahaku.fi\/index.php?rest_route=%2Fwp%2Fv2%2Fpwb-brand&post=80988"},{"taxonomy":"product_cat","embeddable":true,"href":"https:\/\/www.autonvaraosahaku.fi\/index.php?rest_route=%2Fwp%2Fv2%2Fproduct_cat&post=80988"},{"taxonomy":"product_tag","embeddable":true,"href":"https:\/\/www.autonvaraosahaku.fi\/index.php?rest_route=%2Fwp%2Fv2%2Fproduct_tag&post=80988"}],"curies":[{"name":"wp","href":"https:\/\/api.w.org\/{rel}","templated":true}]}}