{"id":8100,"date":"2021-02-21T14:02:06","date_gmt":"2021-02-21T14:02:06","guid":{"rendered":"https:\/\/www.autonvaraosahaku.fi\/?product=fa1-114-846-pakoputken-asennussarja"},"modified":"2021-02-21T14:02:06","modified_gmt":"2021-02-21T14:02:06","slug":"fa1-114-846-pakoputken-asennussarja","status":"publish","type":"product","link":"https:\/\/www.autonvaraosahaku.fi\/?product=fa1-114-846-pakoputken-asennussarja","title":{"rendered":"FA1 114-846 Pakoputken asennussarja"},"content":{"rendered":"<p>Putkiliitokset: Kaksoiskiristin; L\u00e4pimitta [mm]: 45; Pituus (mm): 90; Materiaali: Ruostumaton ter\u00e4s; Pakoputkisto: f\u00fcr Endschalld\u00e4mpfer; VW: GOLF IV 1J1,GOLF V 1K1,POLO 9N_,GOLF VI 5K1,GOLF PLUS 5M1, 521,LUPO 6X1, 6E1,POLO 6R, 6C,GOLF III 1H1,GOLF IV Variant 1J5,POLO 6N2,POLO 6N1,CADDY III Kombi 2KB, 2KJ, 2CB, 2CJ,FOX 5Z1, 5Z3,GOLF VI Variant AJ5,GOLF V Variant 1K5,UP,CADDY III Kasten 2KA, 2KH, 2CA, 2CH,BORA 1J2,NEW BEETLE 9C1, 1C1,BORA Kombi 1J6,GOLF III Variant 1H5,NEW BEETLE Cabriolet 1Y7,VENTO 1H2,POLO Stufenheck,POLO Stufenheck 9A4,POLO Van 6R,POLO AW1, BZ1; AUDI: A6 Avant 4F5, C6,A3 8L1,A4 Avant 8ED, B7,A4 Avant 8E5, B6,A4 8E2, B6,A2 8Z0,A6 4F2, C6,A4 Cabriolet 8H7, B6, 8HE, B7,A4 8EC, B7,A1 8X1, 8XF,A1 Sportback 8XA, 8XK; NISSAN: KUBISTAR Kasten X80,MICRA V K14; SKODA: OCTAVIA Combi 1Z5,FABIA Combi 6Y5,FABIA,FABIA 6Y2,OCTAVIA Combi 1U5,FABIA Combi,ROOMSTER 5J,YETI 5L,OCTAVIA 1Z3,OCTAVIA 1U2,RAPID Spaceback NH1,FABIA Stufenheck 6Y3,ROOMSTER Praktik 5J,RAPID NH3,FABIA Praktik,FABIA NJ3,FABIA Kombi NJ5; SEAT: IBIZA IV 6L1,LEON 1P1,IBIZA V 6J5, 6P5,LEON 1M1,ALTEA 5P1,ALTEA XL 5P5, 5P8,IBIZA V ST 6J8, 6P8,TOLEDO II 1M2,IBIZA V SPORTCOUPE 6J1, 6P1,CORDOBA 6L2,TOLEDO III 5P2,TOLEDO IV KG3,IBIZA V KJ1; CHEVROLET: CRUZE J300,CRUZE Station Wagon J308,CRUZE Schr\u00e4gheck J305; MINI: MINI R50, R53,MINI CLUBMAN R55; OPEL: CORSA B 73_, 78_, 79_,INSIGNIA Caravan,INSIGNIA,INSIGNIA Stufenheck,CORSA E; TOYOTA: PROACE Kasten\/Kombi; DACIA: DUSTER,SANDERO,LOGAN MCV KS_,DOKKER,LOGAN LS_,DOKKER Express,LOGAN EXPRESS FS_,LOGAN Pick-up US_,LOGAN II,DUSTER Kasten; 18107511597, 18207791251, 9456123680, 1556171, 2067500QAA, 13278367, 856077, 173610, 173612, 1K0253141, 1H0253141B; Putkenliitin, Pakoputkisto<\/p>\n","protected":false},"excerpt":{"rendered":"<p>FA1 Pakoputken Kiristin 114-846 Putkenliitin, Pakoputkisto VW,AUDI,NISSAN,GOLF IV 1J1,GOLF V 1K1,POLO 9N_,GOLF VI 5K1,GOLF PLUS 5M1, 521,LUPO 6X1, 6E1<\/p>\n","protected":false},"featured_media":0,"template":"","meta":{"site-sidebar-layout":"default","site-content-layout":"default","ast-global-header-display":"","ast-main-header-display":"","ast-hfb-above-header-display":"","ast-hfb-below-header-display":"","ast-hfb-mobile-header-display":"","site-post-title":"","ast-breadcrumbs-content":"","ast-featured-img":"","footer-sml-layout":"","theme-transparent-header-meta":"","adv-header-id-meta":"","stick-header-meta":"","header-above-stick-meta":"","header-main-stick-meta":"","header-below-stick-meta":""},"pwb-brand":[39],"product_cat":[101],"product_tag":[],"class_list":{"0":"post-8100","1":"product","2":"type-product","3":"status-publish","5":"pwb-brand-fa1","6":"product_cat-pakoputken-asennussarja","7":"desktop-align-left","8":"tablet-align-left","9":"mobile-align-left","11":"first","12":"instock","13":"product-type-external"},"brands":[{"id":39,"name":"FA1","slug":"fa1"}],"_links":{"self":[{"href":"https:\/\/www.autonvaraosahaku.fi\/index.php?rest_route=\/wp\/v2\/product\/8100","targetHints":{"allow":["GET"]}}],"collection":[{"href":"https:\/\/www.autonvaraosahaku.fi\/index.php?rest_route=\/wp\/v2\/product"}],"about":[{"href":"https:\/\/www.autonvaraosahaku.fi\/index.php?rest_route=\/wp\/v2\/types\/product"}],"wp:attachment":[{"href":"https:\/\/www.autonvaraosahaku.fi\/index.php?rest_route=%2Fwp%2Fv2%2Fmedia&parent=8100"}],"wp:term":[{"taxonomy":"pwb-brand","embeddable":true,"href":"https:\/\/www.autonvaraosahaku.fi\/index.php?rest_route=%2Fwp%2Fv2%2Fpwb-brand&post=8100"},{"taxonomy":"product_cat","embeddable":true,"href":"https:\/\/www.autonvaraosahaku.fi\/index.php?rest_route=%2Fwp%2Fv2%2Fproduct_cat&post=8100"},{"taxonomy":"product_tag","embeddable":true,"href":"https:\/\/www.autonvaraosahaku.fi\/index.php?rest_route=%2Fwp%2Fv2%2Fproduct_tag&post=8100"}],"curies":[{"name":"wp","href":"https:\/\/api.w.org\/{rel}","templated":true}]}}