{"id":81014,"date":"2021-02-21T20:14:07","date_gmt":"2021-02-21T20:14:07","guid":{"rendered":"https:\/\/www.autonvaraosahaku.fi\/?product=ridex-3926a0044-ilmamassamittari"},"modified":"2021-02-21T20:14:08","modified_gmt":"2021-02-21T20:14:08","slug":"ridex-3926a0044-ilmamassamittari","status":"publish","type":"product","link":"https:\/\/www.autonvaraosahaku.fi\/?product=ridex-3926a0044-ilmamassamittari","title":{"rendered":"RIDEX 3926A0044 Ilmamassamittari"},"content":{"rendered":"<p>Sis\u00e4\u00e4ntulol\u00e4pimitta [mm]: 70; Ulostulon l\u00e4pimitta [mm]: 70,3; Pituus (mm): 119; Kotelomalli: Kopalla; Korvaava tuote\/korvaava tiedote 2: ilman integroitua ilmanl\u00e4mp\u00f6tilasensoria; Liittimi\u00e4: 6; J\u00e4nnite (V): 12; Moottorinumero: M51D256T1; LAND ROVER: RANGE ROVER II LP; OPEL: OMEGA B Caravan 21_, 22_, 23_,OMEGA B 25_, 26_, 27_; BMW: 5 E39,5 Touring E39,3 E36,7 E38,3 Touring E36; VAUXHALL: OMEGA B,OMEGA B Estate; 13622246084, 2246084, 90528813, 90528813, 90528813, 90528813, 13622246084, 2246084, 836625, 90528813; Ilmam\u00e4\u00e4r\u00e4mittari,MAF Anturi<\/p>\n","protected":false},"excerpt":{"rendered":"<p>RIDEX Ilmamassamittari 3926A0044 Ilmam\u00e4\u00e4r\u00e4mittari,MAF Anturi LAND ROVER,OPEL,BMW,RANGE ROVER II LP,OMEGA B Caravan 21_, 22_, 23_,OMEGA B 25_, 26_, 27_<\/p>\n","protected":false},"featured_media":0,"template":"","meta":{"site-sidebar-layout":"default","site-content-layout":"default","ast-global-header-display":"","ast-main-header-display":"","ast-hfb-above-header-display":"","ast-hfb-below-header-display":"","ast-hfb-mobile-header-display":"","site-post-title":"","ast-breadcrumbs-content":"","ast-featured-img":"","footer-sml-layout":"","theme-transparent-header-meta":"","adv-header-id-meta":"","stick-header-meta":"","header-above-stick-meta":"","header-main-stick-meta":"","header-below-stick-meta":""},"pwb-brand":[157],"product_cat":[270],"product_tag":[],"class_list":{"0":"post-81014","1":"product","2":"type-product","3":"status-publish","5":"pwb-brand-ridex","6":"product_cat-ilmamassamittari","7":"desktop-align-left","8":"tablet-align-left","9":"mobile-align-left","11":"first","12":"instock","13":"product-type-external"},"brands":[{"id":157,"name":"RIDEX","slug":"ridex"}],"_links":{"self":[{"href":"https:\/\/www.autonvaraosahaku.fi\/index.php?rest_route=\/wp\/v2\/product\/81014","targetHints":{"allow":["GET"]}}],"collection":[{"href":"https:\/\/www.autonvaraosahaku.fi\/index.php?rest_route=\/wp\/v2\/product"}],"about":[{"href":"https:\/\/www.autonvaraosahaku.fi\/index.php?rest_route=\/wp\/v2\/types\/product"}],"wp:attachment":[{"href":"https:\/\/www.autonvaraosahaku.fi\/index.php?rest_route=%2Fwp%2Fv2%2Fmedia&parent=81014"}],"wp:term":[{"taxonomy":"pwb-brand","embeddable":true,"href":"https:\/\/www.autonvaraosahaku.fi\/index.php?rest_route=%2Fwp%2Fv2%2Fpwb-brand&post=81014"},{"taxonomy":"product_cat","embeddable":true,"href":"https:\/\/www.autonvaraosahaku.fi\/index.php?rest_route=%2Fwp%2Fv2%2Fproduct_cat&post=81014"},{"taxonomy":"product_tag","embeddable":true,"href":"https:\/\/www.autonvaraosahaku.fi\/index.php?rest_route=%2Fwp%2Fv2%2Fproduct_tag&post=81014"}],"curies":[{"name":"wp","href":"https:\/\/api.w.org\/{rel}","templated":true}]}}