{"id":81016,"date":"2021-02-21T20:14:07","date_gmt":"2021-02-21T20:14:07","guid":{"rendered":"https:\/\/www.autonvaraosahaku.fi\/?product=mapco-8518-jarrukengat"},"modified":"2021-02-21T20:14:09","modified_gmt":"2021-02-21T20:14:09","slug":"mapco-8518-jarrukengat","status":"publish","type":"product","link":"https:\/\/www.autonvaraosahaku.fi\/?product=mapco-8518-jarrukengat","title":{"rendered":"MAPCO 8518 Jarrukeng\u00e4t"},"content":{"rendered":"<p>Asennuspuoli: Taka-akseli; L\u00e4pimitta [mm]: 190; Leveys (mm): 45; Lis\u00e4tarvike\/lis\u00e4tieto: Ilman jousta; Jarru- \/ ajo-ominaisuus: f\u00fcr ABS; TOYOTA: RAV 4 II CLA2_, XA2_, ZCA2_, ACA2_,PREVIA MCR3_, ACR3_, CLR3_,AVENSIS VERSO _CLM2_, _ACM2_,SUPRA JZA80,PREVIA TCR2_, TCR1_,CROWN Stufenheck JZS13_, YS13_, LS13_, GS13_,ALPHARD ATH1_, MNH1_, ANH1_; LEXUS: RX MHU3_, GSU3_, MCU3_,IS I JCE1_, GXE1_,GS GRS19_, UZS19_, GWS19_,GS UZS161, JZS160,IS SportCross,LS UCF20,SC UZZ40_,GS JZS147; 4654044010, 4654048010, 4654048020, 4654050010, 4655044010, 4655048010, 4655048020, 4655050010, 4659044010, 4659048010, 4659048020, 4659050010, 4654028010, 4654044010, 4654048010, 4654048020, 4654050010, 4655028010, 4655044010, 4655048010, 4655050010, 4658050010, 4659028010, 4659044010, 4659048010, 4659048020, 4659050010; Jarrukenk\u00e4sarja<\/p>\n","protected":false},"excerpt":{"rendered":"<p>MAPCO Jarrukeng\u00e4t 8518 Jarrukenk\u00e4sarja TOYOTA,LEXUS,RAV 4 II CLA2_, XA2_, ZCA2_, ACA2_,PREVIA MCR3_, ACR3_, CLR3_,AVENSIS VERSO _CLM2_, _ACM2_<\/p>\n","protected":false},"featured_media":0,"template":"","meta":{"site-sidebar-layout":"default","site-content-layout":"default","ast-global-header-display":"","ast-main-header-display":"","ast-hfb-above-header-display":"","ast-hfb-below-header-display":"","ast-hfb-mobile-header-display":"","site-post-title":"","ast-breadcrumbs-content":"","ast-featured-img":"","footer-sml-layout":"","theme-transparent-header-meta":"","adv-header-id-meta":"","stick-header-meta":"","header-above-stick-meta":"","header-main-stick-meta":"","header-below-stick-meta":""},"pwb-brand":[36],"product_cat":[176],"product_tag":[],"class_list":{"0":"post-81016","1":"product","2":"type-product","3":"status-publish","5":"pwb-brand-mapco","6":"product_cat-jarrukengat","7":"desktop-align-left","8":"tablet-align-left","9":"mobile-align-left","11":"first","12":"instock","13":"product-type-external"},"brands":[{"id":36,"name":"MAPCO","slug":"mapco"}],"_links":{"self":[{"href":"https:\/\/www.autonvaraosahaku.fi\/index.php?rest_route=\/wp\/v2\/product\/81016","targetHints":{"allow":["GET"]}}],"collection":[{"href":"https:\/\/www.autonvaraosahaku.fi\/index.php?rest_route=\/wp\/v2\/product"}],"about":[{"href":"https:\/\/www.autonvaraosahaku.fi\/index.php?rest_route=\/wp\/v2\/types\/product"}],"wp:attachment":[{"href":"https:\/\/www.autonvaraosahaku.fi\/index.php?rest_route=%2Fwp%2Fv2%2Fmedia&parent=81016"}],"wp:term":[{"taxonomy":"pwb-brand","embeddable":true,"href":"https:\/\/www.autonvaraosahaku.fi\/index.php?rest_route=%2Fwp%2Fv2%2Fpwb-brand&post=81016"},{"taxonomy":"product_cat","embeddable":true,"href":"https:\/\/www.autonvaraosahaku.fi\/index.php?rest_route=%2Fwp%2Fv2%2Fproduct_cat&post=81016"},{"taxonomy":"product_tag","embeddable":true,"href":"https:\/\/www.autonvaraosahaku.fi\/index.php?rest_route=%2Fwp%2Fv2%2Fproduct_tag&post=81016"}],"curies":[{"name":"wp","href":"https:\/\/api.w.org\/{rel}","templated":true}]}}