{"id":81031,"date":"2021-02-21T20:14:14","date_gmt":"2021-02-21T20:14:14","guid":{"rendered":"https:\/\/www.autonvaraosahaku.fi\/?product=frenkit-257911-jarrusatula-korjaussarja"},"modified":"2021-02-21T20:14:15","modified_gmt":"2021-02-21T20:14:15","slug":"frenkit-257911-jarrusatula-korjaussarja","status":"publish","type":"product","link":"https:\/\/www.autonvaraosahaku.fi\/?product=frenkit-257911-jarrusatula-korjaussarja","title":{"rendered":"FRENKIT 257911 Jarrusatula korjaussarja"},"content":{"rendered":"<p>L\u00e4pimitta [mm]: 57; Asennuspuoli: Etuakseli; Jarruj\u00e4rjestelm\u00e4: Ate; T\u00e4yssarja: ; Versio: Kit+Piston; VW: TIGUAN 5N_,SHARAN 7N1, 7N2; AUDI: A4 Avant 8K5, B8,A4 8K2, B8,A5 8T3,A5 Sportback 8TA,Q3 8U,A4 Allroad 8KH, B8,A5 Cabriolet 8F7; MAZDA: 5 CR19,3 BK,6 Station Wagon GY,6 GG,3 BL,5 CW,3 Stufenheck BK,3 Stufenheck BL; SEAT: ALHAMBRA 710, 711; HONDA: ACCORD VII CL,ACCORD VIII CU,ACCORD VII Tourer CM,CIVIC IX FK,ACCORD VIII Kombi,CIVIC VIII Stufenheck FD, FA,ACCORD VII CM,CIVIC IX Tourer FK,ACCORD VII CP,CIVIC X Schr\u00e4gheck FC_, FK,CIVIC X Stufenheck FC_; LANCIA: DELTA III 844; TOYOTA: AVENSIS _T22_,AVENSIS Station Wagon _T22_,AVENSIS Liftback _T22_; ROVER: 75 RJ,75 Tourer RJ; BMW: 3 Touring E91,3 E90,X1 E84,3 Coupe E92,3 Cabriolet E93,Z4 E89; VOLVO: V70 II SW,V50 MW,S60 I,C30,S80 I TS, XY,S40 II MS,XC70 CROSS COUNTRY,C70 II Cabriolet,V40 Schr\u00e4gheck; Korjaussarja, Jarrusatula<\/p>\n","protected":false},"excerpt":{"rendered":"<p>FRENKIT Jarrusatula Korjaussarja 257911 Korjaussarja, Jarrusatula VW,AUDI,MAZDA,TIGUAN 5N_,SHARAN 7N1, 7N2,A4 Avant 8K5, B8,A4 8K2, B8,A5 8T3<\/p>\n","protected":false},"featured_media":0,"template":"","meta":{"site-sidebar-layout":"default","site-content-layout":"default","ast-global-header-display":"","ast-main-header-display":"","ast-hfb-above-header-display":"","ast-hfb-below-header-display":"","ast-hfb-mobile-header-display":"","site-post-title":"","ast-breadcrumbs-content":"","ast-featured-img":"","footer-sml-layout":"","theme-transparent-header-meta":"","adv-header-id-meta":"","stick-header-meta":"","header-above-stick-meta":"","header-main-stick-meta":"","header-below-stick-meta":""},"pwb-brand":[474],"product_cat":[57],"product_tag":[],"class_list":{"0":"post-81031","1":"product","2":"type-product","3":"status-publish","5":"pwb-brand-frenkit","6":"product_cat-jarrusatula-korjaussarja","7":"desktop-align-left","8":"tablet-align-left","9":"mobile-align-left","11":"first","12":"instock","13":"product-type-external"},"brands":[{"id":474,"name":"FRENKIT","slug":"frenkit"}],"_links":{"self":[{"href":"https:\/\/www.autonvaraosahaku.fi\/index.php?rest_route=\/wp\/v2\/product\/81031","targetHints":{"allow":["GET"]}}],"collection":[{"href":"https:\/\/www.autonvaraosahaku.fi\/index.php?rest_route=\/wp\/v2\/product"}],"about":[{"href":"https:\/\/www.autonvaraosahaku.fi\/index.php?rest_route=\/wp\/v2\/types\/product"}],"wp:attachment":[{"href":"https:\/\/www.autonvaraosahaku.fi\/index.php?rest_route=%2Fwp%2Fv2%2Fmedia&parent=81031"}],"wp:term":[{"taxonomy":"pwb-brand","embeddable":true,"href":"https:\/\/www.autonvaraosahaku.fi\/index.php?rest_route=%2Fwp%2Fv2%2Fpwb-brand&post=81031"},{"taxonomy":"product_cat","embeddable":true,"href":"https:\/\/www.autonvaraosahaku.fi\/index.php?rest_route=%2Fwp%2Fv2%2Fproduct_cat&post=81031"},{"taxonomy":"product_tag","embeddable":true,"href":"https:\/\/www.autonvaraosahaku.fi\/index.php?rest_route=%2Fwp%2Fv2%2Fproduct_tag&post=81031"}],"curies":[{"name":"wp","href":"https:\/\/api.w.org\/{rel}","templated":true}]}}