{"id":81045,"date":"2021-02-21T20:14:14","date_gmt":"2021-02-21T20:14:14","guid":{"rendered":"https:\/\/www.autonvaraosahaku.fi\/?product=frenkit-248936-jarrusatula-korjaussarja"},"modified":"2021-02-21T20:14:19","modified_gmt":"2021-02-21T20:14:19","slug":"frenkit-248936-jarrusatula-korjaussarja","status":"publish","type":"product","link":"https:\/\/www.autonvaraosahaku.fi\/?product=frenkit-248936-jarrusatula-korjaussarja","title":{"rendered":"FRENKIT 248936 Jarrusatula korjaussarja"},"content":{"rendered":"<p>L\u00e4pimitta [mm]: 48; Asennuspuoli: Etuakseli; Jarruj\u00e4rjestelm\u00e4: Tokico; T\u00e4yssarja: ; Versio: Kit+Piston; NISSAN: 100 NX B13,SUNNY II Coupe B12,SUNNY III N14,PULSAR V Schr\u00e4gheck N14,SUNNY III Liftback N14,SUNNY II Hatchback N13,SUNNY II N13,SUNNY Kasten Y10,SUNNY II Traveller B12,CHERRY III N12,SUNNY I B11,SUNNY I Coupe B11,SUNNY I Traveller B11; SUZUKI: VITARA ET, TA,VITARA Cabrio ET, TA,X-90 EL; SUBARU: LIBERO Bus E10, E12,JUSTY I KAD,REX II; Korjaussarja, Jarrusatula<\/p>\n","protected":false},"excerpt":{"rendered":"<p>FRENKIT Jarrusatula Korjaussarja 248936 Korjaussarja, Jarrusatula NISSAN,SUZUKI,SUBARU,100 NX B13,SUNNY II Coupe B12,SUNNY III N14<\/p>\n","protected":false},"featured_media":0,"template":"","meta":{"site-sidebar-layout":"default","site-content-layout":"default","ast-global-header-display":"","ast-main-header-display":"","ast-hfb-above-header-display":"","ast-hfb-below-header-display":"","ast-hfb-mobile-header-display":"","site-post-title":"","ast-breadcrumbs-content":"","ast-featured-img":"","footer-sml-layout":"","theme-transparent-header-meta":"","adv-header-id-meta":"","stick-header-meta":"","header-above-stick-meta":"","header-main-stick-meta":"","header-below-stick-meta":""},"pwb-brand":[474],"product_cat":[57],"product_tag":[],"class_list":{"0":"post-81045","1":"product","2":"type-product","3":"status-publish","5":"pwb-brand-frenkit","6":"product_cat-jarrusatula-korjaussarja","7":"desktop-align-left","8":"tablet-align-left","9":"mobile-align-left","11":"first","12":"instock","13":"product-type-external"},"brands":[{"id":474,"name":"FRENKIT","slug":"frenkit"}],"_links":{"self":[{"href":"https:\/\/www.autonvaraosahaku.fi\/index.php?rest_route=\/wp\/v2\/product\/81045","targetHints":{"allow":["GET"]}}],"collection":[{"href":"https:\/\/www.autonvaraosahaku.fi\/index.php?rest_route=\/wp\/v2\/product"}],"about":[{"href":"https:\/\/www.autonvaraosahaku.fi\/index.php?rest_route=\/wp\/v2\/types\/product"}],"wp:attachment":[{"href":"https:\/\/www.autonvaraosahaku.fi\/index.php?rest_route=%2Fwp%2Fv2%2Fmedia&parent=81045"}],"wp:term":[{"taxonomy":"pwb-brand","embeddable":true,"href":"https:\/\/www.autonvaraosahaku.fi\/index.php?rest_route=%2Fwp%2Fv2%2Fpwb-brand&post=81045"},{"taxonomy":"product_cat","embeddable":true,"href":"https:\/\/www.autonvaraosahaku.fi\/index.php?rest_route=%2Fwp%2Fv2%2Fproduct_cat&post=81045"},{"taxonomy":"product_tag","embeddable":true,"href":"https:\/\/www.autonvaraosahaku.fi\/index.php?rest_route=%2Fwp%2Fv2%2Fproduct_tag&post=81045"}],"curies":[{"name":"wp","href":"https:\/\/api.w.org\/{rel}","templated":true}]}}