{"id":81046,"date":"2021-02-21T20:14:14","date_gmt":"2021-02-21T20:14:14","guid":{"rendered":"https:\/\/www.autonvaraosahaku.fi\/?product=hjs-82-22-4312-pakoputken-asennussarja"},"modified":"2021-02-21T20:14:19","modified_gmt":"2021-02-21T20:14:19","slug":"hjs-82-22-4312-pakoputken-asennussarja","status":"publish","type":"product","link":"https:\/\/www.autonvaraosahaku.fi\/?product=hjs-82-22-4312-pakoputken-asennussarja","title":{"rendered":"HJS 82 22 4312 Pakoputken asennussarja"},"content":{"rendered":"<p>Pakoputkisto: keski\u00e4\u00e4nenvaimentajalle; Vain jnk. yhteydess\u00e4: OE-Schalld\u00e4mpfer; Asennuspuoli: Edess\u00e4; Putki-\u00d8 (mm): 50; Moottorinumero: EP6CDT (5F02\/5FV); CITRO\u00cbN: DS3,C3 Picasso,C3 II,DS3 Cabriolet; PEUGEOT: 207 WA_, WC_,207 CC WD_,207 SW WK_,208,2008; DS: DS 3,DS 3 Cabriolet; 1608916580, 1609241380, 1613186380, 1613186680, 1613186880, 1717GR, 1717QC, 1717QF, 1717QK, 1717QZ, 1717TL, PSA4255, PSA4259, 1608916580, 1609241380, 1613186180, 1613186380, 1613186680, 1613186880, 1717GJ, 1717GQ, 1717GR, 1717QJ, 1717QK, 1717TK, 1717TL, PSA4255; Pakoputken Kannatinkumi,Pidike, Vaimennin<\/p>\n","protected":false},"excerpt":{"rendered":"<p>HJS Pakoputken Kannatin 82 22 4312 Pakoputken Kannatinkumi,Pidike, Vaimennin CITRO\u00cbN,PEUGEOT,DS,DS3,C3 Picasso,C3 II,DS3 Cabriolet,207 WA_, WC_<\/p>\n","protected":false},"featured_media":0,"template":"","meta":{"site-sidebar-layout":"default","site-content-layout":"default","ast-global-header-display":"","ast-main-header-display":"","ast-hfb-above-header-display":"","ast-hfb-below-header-display":"","ast-hfb-mobile-header-display":"","site-post-title":"","ast-breadcrumbs-content":"","ast-featured-img":"","footer-sml-layout":"","theme-transparent-header-meta":"","adv-header-id-meta":"","stick-header-meta":"","header-above-stick-meta":"","header-main-stick-meta":"","header-below-stick-meta":""},"pwb-brand":[344],"product_cat":[101],"product_tag":[],"class_list":{"0":"post-81046","1":"product","2":"type-product","3":"status-publish","5":"pwb-brand-hjs","6":"product_cat-pakoputken-asennussarja","7":"desktop-align-left","8":"tablet-align-left","9":"mobile-align-left","11":"first","12":"instock","13":"product-type-external"},"brands":[{"id":344,"name":"HJS","slug":"hjs"}],"_links":{"self":[{"href":"https:\/\/www.autonvaraosahaku.fi\/index.php?rest_route=\/wp\/v2\/product\/81046","targetHints":{"allow":["GET"]}}],"collection":[{"href":"https:\/\/www.autonvaraosahaku.fi\/index.php?rest_route=\/wp\/v2\/product"}],"about":[{"href":"https:\/\/www.autonvaraosahaku.fi\/index.php?rest_route=\/wp\/v2\/types\/product"}],"wp:attachment":[{"href":"https:\/\/www.autonvaraosahaku.fi\/index.php?rest_route=%2Fwp%2Fv2%2Fmedia&parent=81046"}],"wp:term":[{"taxonomy":"pwb-brand","embeddable":true,"href":"https:\/\/www.autonvaraosahaku.fi\/index.php?rest_route=%2Fwp%2Fv2%2Fpwb-brand&post=81046"},{"taxonomy":"product_cat","embeddable":true,"href":"https:\/\/www.autonvaraosahaku.fi\/index.php?rest_route=%2Fwp%2Fv2%2Fproduct_cat&post=81046"},{"taxonomy":"product_tag","embeddable":true,"href":"https:\/\/www.autonvaraosahaku.fi\/index.php?rest_route=%2Fwp%2Fv2%2Fproduct_tag&post=81046"}],"curies":[{"name":"wp","href":"https:\/\/api.w.org\/{rel}","templated":true}]}}