{"id":81047,"date":"2021-02-21T20:14:14","date_gmt":"2021-02-21T20:14:14","guid":{"rendered":"https:\/\/www.autonvaraosahaku.fi\/?product=topran-114-928-tyhjakayntimoottori"},"modified":"2021-02-21T20:14:20","modified_gmt":"2021-02-21T20:14:20","slug":"topran-114-928-tyhjakayntimoottori","status":"publish","type":"product","link":"https:\/\/www.autonvaraosahaku.fi\/?product=topran-114-928-tyhjakayntimoottori","title":{"rendered":"TOPRAN 114 928 Tyhj\u00e4k\u00e4yntimoottori"},"content":{"rendered":"<p>Venttiilimalli: Takaiskuventtiili; K\u00e4ytt\u00f6: paineohjattu; OE-numerolle: 035 103 245G; Moottorinumero: AUQ; VW: PASSAT Variant 3B6,PASSAT 3B3; AUDI: A4 Avant 8ED, B7,A4 Avant 8E5, B6,A4 8E2, B6,A4 8EC, B7,TT 8N3,TT Roadster 8N9; SKODA: SUPERB 3U4; SEAT: EXEO ST 3R5,EXEO 3R2; 035103245G, 035103245G, 035103245G, 035103245G<\/p>\n","protected":false},"excerpt":{"rendered":"<p>TOPRAN Venttiili, Ilmanohjaus-Imuilma 114 928  VW,AUDI,SKODA,PASSAT Variant 3B6,PASSAT 3B3,A4 Avant 8ED, B7,A4 Avant 8E5, B6,A4 8E2, B6,A4 8EC, B7<\/p>\n","protected":false},"featured_media":0,"template":"","meta":{"site-sidebar-layout":"default","site-content-layout":"default","ast-global-header-display":"","ast-main-header-display":"","ast-hfb-above-header-display":"","ast-hfb-below-header-display":"","ast-hfb-mobile-header-display":"","site-post-title":"","ast-breadcrumbs-content":"","ast-featured-img":"","footer-sml-layout":"","theme-transparent-header-meta":"","adv-header-id-meta":"","stick-header-meta":"","header-above-stick-meta":"","header-main-stick-meta":"","header-below-stick-meta":""},"pwb-brand":[18],"product_cat":[254],"product_tag":[],"class_list":{"0":"post-81047","1":"product","2":"type-product","3":"status-publish","5":"pwb-brand-topran","6":"product_cat-tyhjakayntimoottori","7":"desktop-align-left","8":"tablet-align-left","9":"mobile-align-left","11":"first","12":"instock","13":"product-type-external"},"brands":[{"id":18,"name":"TOPRAN","slug":"topran"}],"_links":{"self":[{"href":"https:\/\/www.autonvaraosahaku.fi\/index.php?rest_route=\/wp\/v2\/product\/81047","targetHints":{"allow":["GET"]}}],"collection":[{"href":"https:\/\/www.autonvaraosahaku.fi\/index.php?rest_route=\/wp\/v2\/product"}],"about":[{"href":"https:\/\/www.autonvaraosahaku.fi\/index.php?rest_route=\/wp\/v2\/types\/product"}],"wp:attachment":[{"href":"https:\/\/www.autonvaraosahaku.fi\/index.php?rest_route=%2Fwp%2Fv2%2Fmedia&parent=81047"}],"wp:term":[{"taxonomy":"pwb-brand","embeddable":true,"href":"https:\/\/www.autonvaraosahaku.fi\/index.php?rest_route=%2Fwp%2Fv2%2Fpwb-brand&post=81047"},{"taxonomy":"product_cat","embeddable":true,"href":"https:\/\/www.autonvaraosahaku.fi\/index.php?rest_route=%2Fwp%2Fv2%2Fproduct_cat&post=81047"},{"taxonomy":"product_tag","embeddable":true,"href":"https:\/\/www.autonvaraosahaku.fi\/index.php?rest_route=%2Fwp%2Fv2%2Fproduct_tag&post=81047"}],"curies":[{"name":"wp","href":"https:\/\/api.w.org\/{rel}","templated":true}]}}