{"id":81058,"date":"2021-02-21T20:14:22","date_gmt":"2021-02-21T20:14:22","guid":{"rendered":"https:\/\/www.autonvaraosahaku.fi\/?product=ridex-47c0029-painelaakeri"},"modified":"2021-02-21T20:14:25","modified_gmt":"2021-02-21T20:14:25","slug":"ridex-47c0029-painelaakeri","status":"publish","type":"product","link":"https:\/\/www.autonvaraosahaku.fi\/?product=ridex-47c0029-painelaakeri","title":{"rendered":"RIDEX 47C0029 Painelaakeri"},"content":{"rendered":"<p>Kiinnitysreikien lukum\u00e4\u00e4r\u00e4: 3; Paino [kg]: 0,320, 0,32; Ulkol\u00e4pimitta [mm]: 65,0; Materiaali: Alumiini; Moottorinumero: A14NEL; CHEVROLET: ORLANDO J309,CRUZE J300,CRUZE Station Wagon J308,AVEO Schr\u00e4gheck T300,CRUZE Schr\u00e4gheck J305,TRAX,AVEO Stufenheck T300,MALIBU V300; SAAB: 9-5 YS3G; OPEL: CORSA D,ZAFIRA B A05,ASTRA H Caravan L35,MERIVA,ASTRA H L48,ASTRA J Sports Tourer,INSIGNIA Caravan,VECTRA C Caravan,ASTRA J,ASTRA H GTC L08,MERIVA B,SIGNUM,VECTRA C,ZAFIRA TOURER C P12,MOKKA,VECTRA C GTS,ASTRA H TwinTop L67,INSIGNIA,INSIGNIA Stufenheck,ZAFIRA B Van,ASTRA GTC J,ASTRA J Stufenheck,CORSA D Van,CASCADA W13,CORSA C Kasten F08, W5L,ASTRA H Stufenheck L69,ASTRA H Kasten L70,CORSA E,INSIGNIA A Country Tourer G09,ASTRA G CLASSIC Caravan F35,ASTRA G CLASSIC T98; FIAT: GRANDE PUNTO 199,PUNTO EVO 199,CROMA 194,LINEA 323; ALFA ROMEO: 159 Sportwagon 939,MITO 955,159 939,BRERA,SPIDER 939; VAUXHALL: CORSA Mk III D L_8,INSIGNIA Mk I A,ZAFIRA Mk II B M75,ASTRA Mk V H CC,VECTRA Mk II C CC,INSIGNIA Mk I A Estate,ASTRA Mk V H Estate,ZAFIRA Mk III P12,VECTRA Mk II C Estate,ASTRA Mk V H Convertible,VECTRA Mk II C,ASTRA Mk VI J CC,INSIGNIA Mk I A Sedan,ASTRA Mk VI J,MERIVA Mk I A,SIGNUM,CORSAVAN Mk III D,MERIVA Mk II B,ASTRA Mk VI J Sedan,ASTRA Mk VI J Estate,MOKKA,ASTRAVAN Mk IV G,ASTRAVAN Mk V H,CORSA Mk IV E,ASTRA Mk IV G Convertible; 55197680, 55197680, 55558917, 55558918, 05679349, 55558917, 55558918, 5679349, 55197680, 55558917, 55558918, 055352048, 055558917, 055558918, 055563511, 055563645, 055563646, 05679349, 0679078, 0679079, 55352048, 55558917, 55558918, 55563511, 55563645, 55563646, 5679349, 679078, 679079, 55563645, 00679078, 055558917, 055558918, 055563645, 055583074, 05679349, 0679078, 55558917, 55558918, 55563645, 55583074, 5679349, 679078<\/p>\n","protected":false},"excerpt":{"rendered":"<p>RIDEX Irroitusmekanismi Kytkin 47C0029  CHEVROLET,SAAB,OPEL,ORLANDO J309,CRUZE J300,CRUZE Station Wagon J308,AVEO Schr\u00e4gheck T300<\/p>\n","protected":false},"featured_media":0,"template":"","meta":{"site-sidebar-layout":"default","site-content-layout":"default","ast-global-header-display":"","ast-main-header-display":"","ast-hfb-above-header-display":"","ast-hfb-below-header-display":"","ast-hfb-mobile-header-display":"","site-post-title":"","ast-breadcrumbs-content":"","ast-featured-img":"","footer-sml-layout":"","theme-transparent-header-meta":"","adv-header-id-meta":"","stick-header-meta":"","header-above-stick-meta":"","header-main-stick-meta":"","header-below-stick-meta":""},"pwb-brand":[157],"product_cat":[223],"product_tag":[],"class_list":{"0":"post-81058","1":"product","2":"type-product","3":"status-publish","5":"pwb-brand-ridex","6":"product_cat-painelaakeri","7":"desktop-align-left","8":"tablet-align-left","9":"mobile-align-left","11":"first","12":"instock","13":"product-type-external"},"brands":[{"id":157,"name":"RIDEX","slug":"ridex"}],"_links":{"self":[{"href":"https:\/\/www.autonvaraosahaku.fi\/index.php?rest_route=\/wp\/v2\/product\/81058","targetHints":{"allow":["GET"]}}],"collection":[{"href":"https:\/\/www.autonvaraosahaku.fi\/index.php?rest_route=\/wp\/v2\/product"}],"about":[{"href":"https:\/\/www.autonvaraosahaku.fi\/index.php?rest_route=\/wp\/v2\/types\/product"}],"wp:attachment":[{"href":"https:\/\/www.autonvaraosahaku.fi\/index.php?rest_route=%2Fwp%2Fv2%2Fmedia&parent=81058"}],"wp:term":[{"taxonomy":"pwb-brand","embeddable":true,"href":"https:\/\/www.autonvaraosahaku.fi\/index.php?rest_route=%2Fwp%2Fv2%2Fpwb-brand&post=81058"},{"taxonomy":"product_cat","embeddable":true,"href":"https:\/\/www.autonvaraosahaku.fi\/index.php?rest_route=%2Fwp%2Fv2%2Fproduct_cat&post=81058"},{"taxonomy":"product_tag","embeddable":true,"href":"https:\/\/www.autonvaraosahaku.fi\/index.php?rest_route=%2Fwp%2Fv2%2Fproduct_tag&post=81058"}],"curies":[{"name":"wp","href":"https:\/\/api.w.org\/{rel}","templated":true}]}}