{"id":81105,"date":"2021-02-21T20:14:37","date_gmt":"2021-02-21T20:14:37","guid":{"rendered":"https:\/\/www.autonvaraosahaku.fi\/?product=kolbenschmidt-77552600-muut-luokat"},"modified":"2021-02-21T20:14:42","modified_gmt":"2021-02-21T20:14:42","slug":"kolbenschmidt-77552600-muut-luokat","status":"publish","type":"product","link":"https:\/\/www.autonvaraosahaku.fi\/?product=kolbenschmidt-77552600-muut-luokat","title":{"rendered":"KOLBENSCHMIDT 77552600 Muut luokat"},"content":{"rendered":"<p>Vakiomitta (STD): ; Komponenttinumero: 72119600, 72120600; M\u00e4\u00e4r\u00e4: 8; M\u00e4\u00e4r\u00e4yksikk\u00f6: Sarja; TECDOC-moottorinumero: 22180; VW: GOLF IV 1J1,GOLF V 1K1,TOURAN 1T1, 1T2,GOLF VI 5K1,PASSAT Variant 3C5,GOLF PLUS 5M1, 521,PASSAT Variant 3B6,PASSAT 3C2,GOLF IV Variant 1J5,CADDY III Kombi 2KB, 2KJ, 2CB, 2CJ,PASSAT Variant 3B5,GOLF VI Variant AJ5,GOLF V Variant 1K5,CADDY III Kasten 2KA, 2KH, 2CA, 2CH,BORA 1J2,PASSAT 3B2,NEW BEETLE 9C1, 1C1,PASSAT 3B3,BORA Kombi 1J6,NEW BEETLE Cabriolet 1Y7,JETTA III 1K2,POLO Stufenheck 9N4; AUDI: A3 8P1,A3 8L1,A3 Sportback 8PA,A4 8D2, B5,A4 Avant 8ED, B7,A4 Avant 8E5, B6,A4 Avant 8D5, B5,A4 8E2, B6,A4 8EC, B7,A3 Cabriolet 8P7; SKODA: OCTAVIA Combi 1Z5,OCTAVIA Combi 1U5,OCTAVIA 1Z3,OCTAVIA 1U2; SEAT: LEON 1P1,LEON 1M1,ALTEA 5P1,ALTEA XL 5P5, 5P8,EXEO ST 3R5,EXEO 3R2,TOLEDO III 5P2; 050105701, 050105701A, 050105701C, 050105701D, 06B198701A, 06B198701B<\/p>\n","protected":false},"excerpt":{"rendered":"<p>KOLBENSCHMIDT Kiertokankilaakerisarja 77552600  VW,AUDI,SKODA,GOLF IV 1J1,GOLF V 1K1,TOURAN 1T1, 1T2,GOLF VI 5K1,PASSAT Variant 3C5,GOLF PLUS 5M1, 521<\/p>\n","protected":false},"featured_media":0,"template":"","meta":{"site-sidebar-layout":"default","site-content-layout":"default","ast-global-header-display":"","ast-main-header-display":"","ast-hfb-above-header-display":"","ast-hfb-below-header-display":"","ast-hfb-mobile-header-display":"","site-post-title":"","ast-breadcrumbs-content":"","ast-featured-img":"","footer-sml-layout":"","theme-transparent-header-meta":"","adv-header-id-meta":"","stick-header-meta":"","header-above-stick-meta":"","header-main-stick-meta":"","header-below-stick-meta":""},"pwb-brand":[293],"product_cat":[37],"product_tag":[],"class_list":{"0":"post-81105","1":"product","2":"type-product","3":"status-publish","5":"pwb-brand-kolbenschmidt","6":"product_cat-muut-luokat","7":"desktop-align-left","8":"tablet-align-left","9":"mobile-align-left","11":"first","12":"instock","13":"product-type-external"},"brands":[{"id":293,"name":"KOLBENSCHMIDT","slug":"kolbenschmidt"}],"_links":{"self":[{"href":"https:\/\/www.autonvaraosahaku.fi\/index.php?rest_route=\/wp\/v2\/product\/81105","targetHints":{"allow":["GET"]}}],"collection":[{"href":"https:\/\/www.autonvaraosahaku.fi\/index.php?rest_route=\/wp\/v2\/product"}],"about":[{"href":"https:\/\/www.autonvaraosahaku.fi\/index.php?rest_route=\/wp\/v2\/types\/product"}],"wp:attachment":[{"href":"https:\/\/www.autonvaraosahaku.fi\/index.php?rest_route=%2Fwp%2Fv2%2Fmedia&parent=81105"}],"wp:term":[{"taxonomy":"pwb-brand","embeddable":true,"href":"https:\/\/www.autonvaraosahaku.fi\/index.php?rest_route=%2Fwp%2Fv2%2Fpwb-brand&post=81105"},{"taxonomy":"product_cat","embeddable":true,"href":"https:\/\/www.autonvaraosahaku.fi\/index.php?rest_route=%2Fwp%2Fv2%2Fproduct_cat&post=81105"},{"taxonomy":"product_tag","embeddable":true,"href":"https:\/\/www.autonvaraosahaku.fi\/index.php?rest_route=%2Fwp%2Fv2%2Fproduct_tag&post=81105"}],"curies":[{"name":"wp","href":"https:\/\/api.w.org\/{rel}","templated":true}]}}