{"id":81106,"date":"2021-02-21T20:14:37","date_gmt":"2021-02-21T20:14:37","guid":{"rendered":"https:\/\/www.autonvaraosahaku.fi\/?product=ridex-3213b0033-kampiakselin-hihnapyora"},"modified":"2021-02-21T20:14:42","modified_gmt":"2021-02-21T20:14:42","slug":"ridex-3213b0033-kampiakselin-hihnapyora","status":"publish","type":"product","link":"https:\/\/www.autonvaraosahaku.fi\/?product=ridex-3213b0033-kampiakselin-hihnapyora","title":{"rendered":"RIDEX 3213B0033 Kampiakselin hihnapy\u00f6r\u00e4"},"content":{"rendered":"<p>Kiiloja: 6; Sis\u00e4l\u00e4pimitta [mm]: 14,5, 30; Ulkol\u00e4pimitta [mm]: 139,7; T\u00e4ristys: \u0441 \u0430\u043c\u043e\u0440\u0442\u0438\u0437\u0430\u0442\u043e\u0440\u043e\u043c \u043a\u043e\u043b\u0435\u0431\u0430\u043d\u0438\u0439; Tunnusluku: 6PK; Valmistusvuoteen: 06\/2004; FORD: FOCUS II Kombi DA_,FOCUS Kombi DNW,FOCUS II DA_,FOCUS DAW, DBW,FOCUS C-MAX,FIESTA IV JA_, JB_,GALAXY WA6,C-MAX DM2,FOCUS Stufenheck DFW,TRANSIT CONNECT P65_, P70_, P80_,FOCUS II Stufenheck DA_,TOURNEO CONNECT,FIESTA Kasten J5_, J3_,FIESTA Kasten JV_,ESCORT CLASSIC AAL, ABL,ESCORT CLASSIC Turnier ANL; MAZDA: 121 III JASM, JBSM; 1079188, 1100051, 1100051S1, 1131911, 1198049, 1339469, 1711500, 1S4Q6B319BD, 2M5Q6B319AA, 4M5Q6B319BA, 4M5Q6B319EA, FDC9A2A, XS4Q6B319, XS4Q6B319FC, XS4Q6B319FD, XS4Q6B319FC, XS4Q6B319FD, 1079188; Hihnapy\u00f6r\u00e4, Kampiakseli<\/p>\n","protected":false},"excerpt":{"rendered":"<p>RIDEX Kampiakselin Hihnapy\u00f6r\u00e4 3213B0033 Hihnapy\u00f6r\u00e4, Kampiakseli FORD,MAZDA,FOCUS II Kombi DA_,FOCUS Kombi DNW,FOCUS II DA_,FOCUS DAW, DBW,FOCUS C-MAX<\/p>\n","protected":false},"featured_media":0,"template":"","meta":{"site-sidebar-layout":"default","site-content-layout":"default","ast-global-header-display":"","ast-main-header-display":"","ast-hfb-above-header-display":"","ast-hfb-below-header-display":"","ast-hfb-mobile-header-display":"","site-post-title":"","ast-breadcrumbs-content":"","ast-featured-img":"","footer-sml-layout":"","theme-transparent-header-meta":"","adv-header-id-meta":"","stick-header-meta":"","header-above-stick-meta":"","header-main-stick-meta":"","header-below-stick-meta":""},"pwb-brand":[157],"product_cat":[219],"product_tag":[],"class_list":{"0":"post-81106","1":"product","2":"type-product","3":"status-publish","5":"pwb-brand-ridex","6":"product_cat-kampiakselin-hihnapyora","7":"desktop-align-left","8":"tablet-align-left","9":"mobile-align-left","11":"first","12":"instock","13":"product-type-external"},"brands":[{"id":157,"name":"RIDEX","slug":"ridex"}],"_links":{"self":[{"href":"https:\/\/www.autonvaraosahaku.fi\/index.php?rest_route=\/wp\/v2\/product\/81106","targetHints":{"allow":["GET"]}}],"collection":[{"href":"https:\/\/www.autonvaraosahaku.fi\/index.php?rest_route=\/wp\/v2\/product"}],"about":[{"href":"https:\/\/www.autonvaraosahaku.fi\/index.php?rest_route=\/wp\/v2\/types\/product"}],"wp:attachment":[{"href":"https:\/\/www.autonvaraosahaku.fi\/index.php?rest_route=%2Fwp%2Fv2%2Fmedia&parent=81106"}],"wp:term":[{"taxonomy":"pwb-brand","embeddable":true,"href":"https:\/\/www.autonvaraosahaku.fi\/index.php?rest_route=%2Fwp%2Fv2%2Fpwb-brand&post=81106"},{"taxonomy":"product_cat","embeddable":true,"href":"https:\/\/www.autonvaraosahaku.fi\/index.php?rest_route=%2Fwp%2Fv2%2Fproduct_cat&post=81106"},{"taxonomy":"product_tag","embeddable":true,"href":"https:\/\/www.autonvaraosahaku.fi\/index.php?rest_route=%2Fwp%2Fv2%2Fproduct_tag&post=81106"}],"curies":[{"name":"wp","href":"https:\/\/api.w.org\/{rel}","templated":true}]}}