{"id":81118,"date":"2021-02-21T20:14:44","date_gmt":"2021-02-21T20:14:44","guid":{"rendered":"https:\/\/www.autonvaraosahaku.fi\/?product=ridex-78b0074-jarrusatula"},"modified":"2021-02-21T20:14:47","modified_gmt":"2021-02-21T20:14:47","slug":"ridex-78b0074-jarrusatula","status":"publish","type":"product","link":"https:\/\/www.autonvaraosahaku.fi\/?product=ridex-78b0074-jarrusatula","title":{"rendered":"RIDEX 78B0074 Jarrusatula"},"content":{"rendered":"<p>L\u00e4pimitta 1\/l\u00e4pimitta 2 [mm]: 43,0; Jarruj\u00e4rjestelm\u00e4: AKEBONO; Jarrulevypaksuudelle [mm]: 18; Materiaali: Harmaa valurauta, Valurauta; Paino [kg]: 2,64; Kiinnityrreikien et\u00e4isyys [mm]: 144; Jarrulevyl\u00e4pimitalle [mm]: 315; Lis\u00e4tarvike\/lis\u00e4tieto: Ilman pidikett\u00e4; Asennuspuoli: Taka-akseli, vasen; Rakennemalli: Montero; MITSUBISHI: PAJERO II V3_W, V2_W, V4_W,PAJERO SPORT K90,PAJERO II Canvas Top V2_W, V4_W; MB858464<\/p>\n","protected":false},"excerpt":{"rendered":"<p>RIDEX Jarrusatula 78B0074  MITSUBISHI,PAJERO II V3_W, V2_W, V4_W,PAJERO SPORT K90,PAJERO II Canvas Top V2_W, V4_W<\/p>\n","protected":false},"featured_media":0,"template":"","meta":{"site-sidebar-layout":"default","site-content-layout":"default","ast-global-header-display":"","ast-main-header-display":"","ast-hfb-above-header-display":"","ast-hfb-below-header-display":"","ast-hfb-mobile-header-display":"","site-post-title":"","ast-breadcrumbs-content":"","ast-featured-img":"","footer-sml-layout":"","theme-transparent-header-meta":"","adv-header-id-meta":"","stick-header-meta":"","header-above-stick-meta":"","header-main-stick-meta":"","header-below-stick-meta":""},"pwb-brand":[157],"product_cat":[177],"product_tag":[],"class_list":{"0":"post-81118","1":"product","2":"type-product","3":"status-publish","5":"pwb-brand-ridex","6":"product_cat-jarrusatula","7":"desktop-align-left","8":"tablet-align-left","9":"mobile-align-left","11":"first","12":"instock","13":"product-type-external"},"brands":[{"id":157,"name":"RIDEX","slug":"ridex"}],"_links":{"self":[{"href":"https:\/\/www.autonvaraosahaku.fi\/index.php?rest_route=\/wp\/v2\/product\/81118","targetHints":{"allow":["GET"]}}],"collection":[{"href":"https:\/\/www.autonvaraosahaku.fi\/index.php?rest_route=\/wp\/v2\/product"}],"about":[{"href":"https:\/\/www.autonvaraosahaku.fi\/index.php?rest_route=\/wp\/v2\/types\/product"}],"wp:attachment":[{"href":"https:\/\/www.autonvaraosahaku.fi\/index.php?rest_route=%2Fwp%2Fv2%2Fmedia&parent=81118"}],"wp:term":[{"taxonomy":"pwb-brand","embeddable":true,"href":"https:\/\/www.autonvaraosahaku.fi\/index.php?rest_route=%2Fwp%2Fv2%2Fpwb-brand&post=81118"},{"taxonomy":"product_cat","embeddable":true,"href":"https:\/\/www.autonvaraosahaku.fi\/index.php?rest_route=%2Fwp%2Fv2%2Fproduct_cat&post=81118"},{"taxonomy":"product_tag","embeddable":true,"href":"https:\/\/www.autonvaraosahaku.fi\/index.php?rest_route=%2Fwp%2Fv2%2Fproduct_tag&post=81118"}],"curies":[{"name":"wp","href":"https:\/\/api.w.org\/{rel}","templated":true}]}}