{"id":81121,"date":"2021-02-21T20:14:44","date_gmt":"2021-02-21T20:14:44","guid":{"rendered":"https:\/\/www.autonvaraosahaku.fi\/?product=fa1-326-480-100-muut-luokat"},"modified":"2021-02-21T20:14:48","modified_gmt":"2021-02-21T20:14:48","slug":"fa1-326-480-100-muut-luokat","status":"publish","type":"product","link":"https:\/\/www.autonvaraosahaku.fi\/?product=fa1-326-480-100-muut-luokat","title":{"rendered":"FA1 326.480.100 Muut luokat"},"content":{"rendered":"<p>Sis\u00e4l\u00e4pimitta [mm]: 5,5; Ulkol\u00e4pimitta [mm]: 13,8; Paksuus [mm]: 1,3; Valmistusvuoteen: 02\/2002; NISSAN: TERRANO II R20; CITRO\u00cbN: BERLINGO MF,SAXO S0, S1,BERLINGO Kasten M_,XSARA N1,XSARA Break N2,XM Y4,XSARA Coupe N0,AX ZA-_,JUMPY U6U,JUMPY Kasten BS_, BT_, BY_, BZ_,JUMPER Kasten 230L,JUMPER Bus 230P,ZX Break N2,XM Break Y4,JUMPER Pritsche\/Fahrgestell 230,C15 VD-_,XSARA Kasten,SAXO Hatchback van S3_,XSARA Kasten\/Schr\u00e4gheck; PEUGEOT: 206 Schr\u00e4gheck 2A\/C,106 II 1,PARTNER Combispace 5F,106 I 1A, 1C,PARTNER Kasten 5,BOXER Kasten 230L,EXPERT Kasten 222,BOXER Bus 230P,BOXER Pritsche\/Fahrgestell ZCT_,605 6B,EXPERT 224,106 Van 1_,EXPERT Pritsche\/Fahrgestell 223,PARTNER Pritsche\/Fahrgestell; 166267F400, 198135<\/p>\n","protected":false},"excerpt":{"rendered":"<p>FA1 L\u00e4mp\u00f6suojalevy, Ruiskutusj\u00e4rj. 326.480.100  NISSAN,CITRO\u00cbN,PEUGEOT,TERRANO II R20,BERLINGO MF,SAXO S0, S1,BERLINGO Kasten M_,XSARA N1<\/p>\n","protected":false},"featured_media":0,"template":"","meta":{"site-sidebar-layout":"default","site-content-layout":"default","ast-global-header-display":"","ast-main-header-display":"","ast-hfb-above-header-display":"","ast-hfb-below-header-display":"","ast-hfb-mobile-header-display":"","site-post-title":"","ast-breadcrumbs-content":"","ast-featured-img":"","footer-sml-layout":"","theme-transparent-header-meta":"","adv-header-id-meta":"","stick-header-meta":"","header-above-stick-meta":"","header-main-stick-meta":"","header-below-stick-meta":""},"pwb-brand":[39],"product_cat":[37],"product_tag":[],"class_list":{"0":"post-81121","1":"product","2":"type-product","3":"status-publish","5":"pwb-brand-fa1","6":"product_cat-muut-luokat","7":"desktop-align-left","8":"tablet-align-left","9":"mobile-align-left","11":"first","12":"instock","13":"product-type-external"},"brands":[{"id":39,"name":"FA1","slug":"fa1"}],"_links":{"self":[{"href":"https:\/\/www.autonvaraosahaku.fi\/index.php?rest_route=\/wp\/v2\/product\/81121","targetHints":{"allow":["GET"]}}],"collection":[{"href":"https:\/\/www.autonvaraosahaku.fi\/index.php?rest_route=\/wp\/v2\/product"}],"about":[{"href":"https:\/\/www.autonvaraosahaku.fi\/index.php?rest_route=\/wp\/v2\/types\/product"}],"wp:attachment":[{"href":"https:\/\/www.autonvaraosahaku.fi\/index.php?rest_route=%2Fwp%2Fv2%2Fmedia&parent=81121"}],"wp:term":[{"taxonomy":"pwb-brand","embeddable":true,"href":"https:\/\/www.autonvaraosahaku.fi\/index.php?rest_route=%2Fwp%2Fv2%2Fpwb-brand&post=81121"},{"taxonomy":"product_cat","embeddable":true,"href":"https:\/\/www.autonvaraosahaku.fi\/index.php?rest_route=%2Fwp%2Fv2%2Fproduct_cat&post=81121"},{"taxonomy":"product_tag","embeddable":true,"href":"https:\/\/www.autonvaraosahaku.fi\/index.php?rest_route=%2Fwp%2Fv2%2Fproduct_tag&post=81121"}],"curies":[{"name":"wp","href":"https:\/\/api.w.org\/{rel}","templated":true}]}}