{"id":81134,"date":"2021-02-21T20:14:52","date_gmt":"2021-02-21T20:14:52","guid":{"rendered":"https:\/\/www.autonvaraosahaku.fi\/?product=ashika-ma-00067-iskunvaimennin"},"modified":"2021-02-21T20:14:53","modified_gmt":"2021-02-21T20:14:53","slug":"ashika-ma-00067-iskunvaimennin","status":"publish","type":"product","link":"https:\/\/www.autonvaraosahaku.fi\/?product=ashika-ma-00067-iskunvaimennin","title":{"rendered":"ASHIKA MA-00067 Iskunvaimennin"},"content":{"rendered":"<p>Asennuspuoli: Taka-akseli; Iskunvaimennusj\u00e4rjestelm\u00e4: Kaksiputki; Iskunvaimennin asennustapa: Tappi ylh\u00e4\u00e4ll\u00e4, Silmukka alhaalla; Iskunvaimennin tyyppi: Kaasupaine; Suositellun tarvikkeen tuotenumero: SMA0169; Valmistusvuoteen: 03\/1998; BMW: 3 E46,3 Touring E46,3 Compact E46,3 Coupe E46,3 E36,3 Cabriolet E46,3 Coupe E36,3 Cabriolet E36,3 Touring E36; 1029309, 1090826, 1090827, 1090830, 1090831, 1091095, 1091245, 1091246, 1091274, 1091625, 1092309, 1092485, 1092489, 1092918, 1095646, 1095647, 1095913, 1096366, 1137927, 1137928, 1138158, 1138162, 2282099, 2282100, 2282461, 33521029309, 33521090826, 33521090827, 33521090830, 33521090831, 33521090833, 33521091095, 33521091245, 33521091246, 33521091274, 33521091625, 33521092309, 33521092485, 33521092489, 33521092918, 33521095646, 33521095647, 33521095913, 33521096366, 33521137927, 33521137928, 33521138158, 33521138162, 33522282099, 33522282100, 33522282461, 33526750781, 33526750782, 33526750783, 33526750784, 33526757045, 33526757365, 33526757366, 33526759099, 33526759100, 6750781, 6750782, 6750783, 6750784, 6757045, 6757365, 6757366, 6759099, 6759100, 5031025, 95AX18K076DC; Iskarit,Iskunvaimennin<\/p>\n","protected":false},"excerpt":{"rendered":"<p>ASHIKA Iskunvaimentimet MA-00067 Iskarit,Iskunvaimennin BMW,3 E46,3 Touring E46,3 Compact E46,3 Coupe E46,3 E36,3 Cabriolet E46,3 Coupe E36<\/p>\n","protected":false},"featured_media":0,"template":"","meta":{"site-sidebar-layout":"default","site-content-layout":"default","ast-global-header-display":"","ast-main-header-display":"","ast-hfb-above-header-display":"","ast-hfb-below-header-display":"","ast-hfb-mobile-header-display":"","site-post-title":"","ast-breadcrumbs-content":"","ast-featured-img":"","footer-sml-layout":"","theme-transparent-header-meta":"","adv-header-id-meta":"","stick-header-meta":"","header-above-stick-meta":"","header-main-stick-meta":"","header-below-stick-meta":""},"pwb-brand":[102],"product_cat":[80],"product_tag":[],"class_list":{"0":"post-81134","1":"product","2":"type-product","3":"status-publish","5":"pwb-brand-ashika","6":"product_cat-iskunvaimennin","7":"desktop-align-left","8":"tablet-align-left","9":"mobile-align-left","11":"first","12":"instock","13":"product-type-external"},"brands":[{"id":102,"name":"ASHIKA","slug":"ashika"}],"_links":{"self":[{"href":"https:\/\/www.autonvaraosahaku.fi\/index.php?rest_route=\/wp\/v2\/product\/81134","targetHints":{"allow":["GET"]}}],"collection":[{"href":"https:\/\/www.autonvaraosahaku.fi\/index.php?rest_route=\/wp\/v2\/product"}],"about":[{"href":"https:\/\/www.autonvaraosahaku.fi\/index.php?rest_route=\/wp\/v2\/types\/product"}],"wp:attachment":[{"href":"https:\/\/www.autonvaraosahaku.fi\/index.php?rest_route=%2Fwp%2Fv2%2Fmedia&parent=81134"}],"wp:term":[{"taxonomy":"pwb-brand","embeddable":true,"href":"https:\/\/www.autonvaraosahaku.fi\/index.php?rest_route=%2Fwp%2Fv2%2Fpwb-brand&post=81134"},{"taxonomy":"product_cat","embeddable":true,"href":"https:\/\/www.autonvaraosahaku.fi\/index.php?rest_route=%2Fwp%2Fv2%2Fproduct_cat&post=81134"},{"taxonomy":"product_tag","embeddable":true,"href":"https:\/\/www.autonvaraosahaku.fi\/index.php?rest_route=%2Fwp%2Fv2%2Fproduct_tag&post=81134"}],"curies":[{"name":"wp","href":"https:\/\/api.w.org\/{rel}","templated":true}]}}