{"id":81148,"date":"2021-02-21T20:14:52","date_gmt":"2021-02-21T20:14:52","guid":{"rendered":"https:\/\/www.autonvaraosahaku.fi\/?product=calorstat-by-vernet-ws2528-jaahdytysnesteen-lampotila-anturi"},"modified":"2021-02-21T20:14:58","modified_gmt":"2021-02-21T20:14:58","slug":"calorstat-by-vernet-ws2528-jaahdytysnesteen-lampotila-anturi","status":"publish","type":"product","link":"https:\/\/www.autonvaraosahaku.fi\/?product=calorstat-by-vernet-ws2528-jaahdytysnesteen-lampotila-anturi","title":{"rendered":"CALORSTAT by Vernet WS2528 J\u00e4\u00e4hdytysnesteen l\u00e4mp\u00f6tila anturi"},"content":{"rendered":"<p>Kierremitta: M16x1.5; Valmistusvuosi alkaen: 10\/1991; VW: TARO; LEXUS: ES F1, F2; HYUNDAI: PONY Stufenheck X-1; TOYOTA: AVENSIS _T22_,COROLLA Liftback _E11_,COROLLA Compact _E11_,AVENSIS Station Wagon _T22_,AVENSIS Liftback _T22_,SUPRA JZA70_, GA70_, MA70,MR 2 II SW2_,COROLLA Compact _E10_,CARINA E _T19_,LAND CRUISER PZJ7_, KZJ7_, HZJ7_, BJ7_, LJ7_, RJ7_,LAND CRUISER 80 _J8_,COROLLA _E11_,LAND CRUISER _J4_,CARINA E Stufenheck _T19_,CELICA Coupe AT18_, ST18_,COROLLA Wagon __E11_,CARINA E Sportswagon _T19_,PREVIA TCR2_, TCR1_,HILUX VI Pick-up _N1_,LAND CRUISER _J6_,HILUX V Pick-up LN_, KZN1_, VZN1_,4 RUNNER RN10_, VZN13_, VZN10_, RN13_,COROLLA Liftback _E10_,COROLLA Liftback _E9_,HIACE IV Bus LH1_,MR 2 I AW1_,COROLLA _E10_,HIACE IV Kasten LXH1_, RZH1_, LH1_,CAMRY _CV1_, _XV1_, _V1_,HIACE III Wagon LH1_, RZH1_,COROLLA Compact _E9_,LAND CRUISER Hardtop _J7_,HILUX IV Pick-up _N5_, _N6_,COROLLA Coupe AE86,CELICA Liftback ST16_, AT16_,CAMRY Station Wagon _XV1_, _CV1_, _V10,CELICA Coupe RA4_, TA4_,COROLLA Wagon _E10_,CAMRY _V2_,COROLLA Station Wagon _E9_,LAND CRUISER Pick-up _J4_,COROLLA _E9_,; MITSUBISHI: PAJERO I Canvas Top L04_G,STARION A18_A; 9465011110, 9465021010, AA92E18510, A603427, MD001380, MD603427, 8342012010, 8342016010, 8342020010, 8342020020, 94841819, 94847543; J\u00e4\u00e4hdytysnestel\u00e4mp\u00f6tilan Sensori<\/p>\n","protected":false},"excerpt":{"rendered":"<p>CALORSTAT by Vernet J\u00e4\u00e4hdytysnesteen L\u00e4mp\u00f6tila Anturi WS2528 J\u00e4\u00e4hdytysnestel\u00e4mp\u00f6tilan Sensori VW,LEXUS,HYUNDAI,TARO,ES F1, F2,PONY Stufenheck X-1<\/p>\n","protected":false},"featured_media":0,"template":"","meta":{"site-sidebar-layout":"default","site-content-layout":"default","ast-global-header-display":"","ast-main-header-display":"","ast-hfb-above-header-display":"","ast-hfb-below-header-display":"","ast-hfb-mobile-header-display":"","site-post-title":"","ast-breadcrumbs-content":"","ast-featured-img":"","footer-sml-layout":"","theme-transparent-header-meta":"","adv-header-id-meta":"","stick-header-meta":"","header-above-stick-meta":"","header-main-stick-meta":"","header-below-stick-meta":""},"pwb-brand":[343],"product_cat":[200],"product_tag":[],"class_list":{"0":"post-81148","1":"product","2":"type-product","3":"status-publish","5":"pwb-brand-calorstat-by-vernet","6":"product_cat-jaahdytysnesteen-lampotila-anturi","7":"desktop-align-left","8":"tablet-align-left","9":"mobile-align-left","11":"first","12":"instock","13":"product-type-external"},"brands":[{"id":343,"name":"CALORSTAT by Vernet","slug":"calorstat-by-vernet"}],"_links":{"self":[{"href":"https:\/\/www.autonvaraosahaku.fi\/index.php?rest_route=\/wp\/v2\/product\/81148","targetHints":{"allow":["GET"]}}],"collection":[{"href":"https:\/\/www.autonvaraosahaku.fi\/index.php?rest_route=\/wp\/v2\/product"}],"about":[{"href":"https:\/\/www.autonvaraosahaku.fi\/index.php?rest_route=\/wp\/v2\/types\/product"}],"wp:attachment":[{"href":"https:\/\/www.autonvaraosahaku.fi\/index.php?rest_route=%2Fwp%2Fv2%2Fmedia&parent=81148"}],"wp:term":[{"taxonomy":"pwb-brand","embeddable":true,"href":"https:\/\/www.autonvaraosahaku.fi\/index.php?rest_route=%2Fwp%2Fv2%2Fpwb-brand&post=81148"},{"taxonomy":"product_cat","embeddable":true,"href":"https:\/\/www.autonvaraosahaku.fi\/index.php?rest_route=%2Fwp%2Fv2%2Fproduct_cat&post=81148"},{"taxonomy":"product_tag","embeddable":true,"href":"https:\/\/www.autonvaraosahaku.fi\/index.php?rest_route=%2Fwp%2Fv2%2Fproduct_tag&post=81148"}],"curies":[{"name":"wp","href":"https:\/\/api.w.org\/{rel}","templated":true}]}}