{"id":81167,"date":"2021-02-21T20:14:59","date_gmt":"2021-02-21T20:14:59","guid":{"rendered":"https:\/\/www.autonvaraosahaku.fi\/?product=hella-2nr-982-008-111-sumuvalot"},"modified":"2021-02-21T20:15:05","modified_gmt":"2021-02-21T20:15:05","slug":"hella-2nr-982-008-111-sumuvalot","status":"publish","type":"product","link":"https:\/\/www.autonvaraosahaku.fi\/?product=hella-2nr-982-008-111-sumuvalot","title":{"rendered":"HELLA 2NR 982 008-111 Sumuvalot"},"content":{"rendered":"<p>Asennuspuoli: Vasen; Lis\u00e4tarvike\/lis\u00e4tieto: Polttimolla; Lyhdyn muoto: Hehkulankatekniikka; Tarkistuskilpi: E1 2088, ECE; Nimellisj\u00e4nnite (V): 12; Lyhtytoimintojen m\u00e4\u00e4r\u00e4: 2; Lamppumalli: P21W; Valotoiminto: Sumutakavalolla, heijastimella; parilliset tuotenumerot: 2NR 982 008-121; CITRO\u00cbN: C4 Picasso I UD_,C4 Grand Picasso I UA_; 6350AA, 6350HS<\/p>\n","protected":false},"excerpt":{"rendered":"<p>HELLA Takasumuvalo 2NR 982 008-111  CITRO\u00cbN,C4 Picasso I UD_,C4 Grand Picasso I UA_<\/p>\n","protected":false},"featured_media":0,"template":"","meta":{"site-sidebar-layout":"default","site-content-layout":"default","ast-global-header-display":"","ast-main-header-display":"","ast-hfb-above-header-display":"","ast-hfb-below-header-display":"","ast-hfb-mobile-header-display":"","site-post-title":"","ast-breadcrumbs-content":"","ast-featured-img":"","footer-sml-layout":"","theme-transparent-header-meta":"","adv-header-id-meta":"","stick-header-meta":"","header-above-stick-meta":"","header-main-stick-meta":"","header-below-stick-meta":""},"pwb-brand":[24],"product_cat":[119],"product_tag":[],"class_list":{"0":"post-81167","1":"product","2":"type-product","3":"status-publish","5":"pwb-brand-hella","6":"product_cat-sumuvalot","7":"desktop-align-left","8":"tablet-align-left","9":"mobile-align-left","11":"first","12":"instock","13":"product-type-external"},"brands":[{"id":24,"name":"HELLA","slug":"hella"}],"_links":{"self":[{"href":"https:\/\/www.autonvaraosahaku.fi\/index.php?rest_route=\/wp\/v2\/product\/81167","targetHints":{"allow":["GET"]}}],"collection":[{"href":"https:\/\/www.autonvaraosahaku.fi\/index.php?rest_route=\/wp\/v2\/product"}],"about":[{"href":"https:\/\/www.autonvaraosahaku.fi\/index.php?rest_route=\/wp\/v2\/types\/product"}],"wp:attachment":[{"href":"https:\/\/www.autonvaraosahaku.fi\/index.php?rest_route=%2Fwp%2Fv2%2Fmedia&parent=81167"}],"wp:term":[{"taxonomy":"pwb-brand","embeddable":true,"href":"https:\/\/www.autonvaraosahaku.fi\/index.php?rest_route=%2Fwp%2Fv2%2Fpwb-brand&post=81167"},{"taxonomy":"product_cat","embeddable":true,"href":"https:\/\/www.autonvaraosahaku.fi\/index.php?rest_route=%2Fwp%2Fv2%2Fproduct_cat&post=81167"},{"taxonomy":"product_tag","embeddable":true,"href":"https:\/\/www.autonvaraosahaku.fi\/index.php?rest_route=%2Fwp%2Fv2%2Fproduct_tag&post=81167"}],"curies":[{"name":"wp","href":"https:\/\/api.w.org\/{rel}","templated":true}]}}