{"id":81169,"date":"2021-02-21T20:14:59","date_gmt":"2021-02-21T20:14:59","guid":{"rendered":"https:\/\/www.autonvaraosahaku.fi\/?product=vaico-v24-9544-alatukivarsi"},"modified":"2021-02-21T20:15:05","modified_gmt":"2021-02-21T20:15:05","slug":"vaico-v24-9544-alatukivarsi","status":"publish","type":"product","link":"https:\/\/www.autonvaraosahaku.fi\/?product=vaico-v24-9544-alatukivarsi","title":{"rendered":"VAICO V24-9544 Alatukivarsi"},"content":{"rendered":"<p>Ohjausmalli: Poikittaistukivarsi; Asennuspuoli: Yl\u00e4puolella, Etuakseli, Vorderachse unten; Suositellun erikoisty\u00f6kalun tuotenumero: V99-1020; Akselimittaus asennuksen j\u00e4lkeen: ; Paino [kg]: 1,42; Pakkausleveys [cm]: 12,6; Pakkauskorkeus [mm]: 6,6; Pakkaussyvyys [cm]: 22,5; lis\u00e4tieto: CST99; SEAT: MARBELLA 28,TERRA Kasten 024A,MARBELLA Kasten 028A,TERRA 24,PANDA 141A; LANCIA: Y10 156; FIAT: PANDA Van 169,PANDA 141A_,PANDA Van 141_; AUTOBIANCHI: Y10; 4408138, 5995503, 0000007585137, 5995503, 7585137, SE028140104A, SE028140104A; Tukivarsi,Tukivarsi, Py\u00f6r\u00e4ntuenta<\/p>\n","protected":false},"excerpt":{"rendered":"<p>VAICO Alatukivarsi V24-9544 Tukivarsi,Tukivarsi, Py\u00f6r\u00e4ntuenta SEAT,LANCIA,FIAT,MARBELLA 28,TERRA Kasten 024A,MARBELLA Kasten 028A,TERRA 24,PANDA 141A<\/p>\n","protected":false},"featured_media":0,"template":"","meta":{"site-sidebar-layout":"default","site-content-layout":"default","ast-global-header-display":"","ast-main-header-display":"","ast-hfb-above-header-display":"","ast-hfb-below-header-display":"","ast-hfb-mobile-header-display":"","site-post-title":"","ast-breadcrumbs-content":"","ast-featured-img":"","footer-sml-layout":"","theme-transparent-header-meta":"","adv-header-id-meta":"","stick-header-meta":"","header-above-stick-meta":"","header-main-stick-meta":"","header-below-stick-meta":""},"pwb-brand":[330],"product_cat":[62],"product_tag":[],"class_list":{"0":"post-81169","1":"product","2":"type-product","3":"status-publish","5":"pwb-brand-vaico","6":"product_cat-alatukivarsi","7":"desktop-align-left","8":"tablet-align-left","9":"mobile-align-left","11":"first","12":"instock","13":"product-type-external"},"brands":[{"id":330,"name":"VAICO","slug":"vaico"}],"_links":{"self":[{"href":"https:\/\/www.autonvaraosahaku.fi\/index.php?rest_route=\/wp\/v2\/product\/81169","targetHints":{"allow":["GET"]}}],"collection":[{"href":"https:\/\/www.autonvaraosahaku.fi\/index.php?rest_route=\/wp\/v2\/product"}],"about":[{"href":"https:\/\/www.autonvaraosahaku.fi\/index.php?rest_route=\/wp\/v2\/types\/product"}],"wp:attachment":[{"href":"https:\/\/www.autonvaraosahaku.fi\/index.php?rest_route=%2Fwp%2Fv2%2Fmedia&parent=81169"}],"wp:term":[{"taxonomy":"pwb-brand","embeddable":true,"href":"https:\/\/www.autonvaraosahaku.fi\/index.php?rest_route=%2Fwp%2Fv2%2Fpwb-brand&post=81169"},{"taxonomy":"product_cat","embeddable":true,"href":"https:\/\/www.autonvaraosahaku.fi\/index.php?rest_route=%2Fwp%2Fv2%2Fproduct_cat&post=81169"},{"taxonomy":"product_tag","embeddable":true,"href":"https:\/\/www.autonvaraosahaku.fi\/index.php?rest_route=%2Fwp%2Fv2%2Fproduct_tag&post=81169"}],"curies":[{"name":"wp","href":"https:\/\/api.w.org\/{rel}","templated":true}]}}