{"id":81177,"date":"2021-02-21T20:15:07","date_gmt":"2021-02-21T20:15:07","guid":{"rendered":"https:\/\/www.autonvaraosahaku.fi\/?product=hella-1eg-009-901-211-ajovaloumpio"},"modified":"2021-02-21T20:15:09","modified_gmt":"2021-02-21T20:15:09","slug":"hella-1eg-009-901-211-ajovaloumpio","status":"publish","type":"product","link":"https:\/\/www.autonvaraosahaku.fi\/?product=hella-1eg-009-901-211-ajovaloumpio","title":{"rendered":"HELLA 1EG 009 901-211 Ajovaloumpio"},"content":{"rendered":"<p>Asennuspuoli: Vasen; Korvaava tuote\/korvaava tiedote 2: polttimoilla, Valokorkeuss\u00e4\u00e4timen moottorilla; Lyhdyn muoto: FF, Halogeeni; Tarkistuskilpi: E8 4816, ECE, CCC; Nimellisj\u00e4nnite (V): 12; Lyhtytoimintojen m\u00e4\u00e4r\u00e4: 5; PR-numerolle: 8BG; Lamppumalli: H15, H7, PSY24W, W5W; Valotoiminto: puolivalolla, vilkkuvalolla, kaukovalolla, pys\u00e4k\u00f6intivalolla, Huomiovalolla; Vasen \/ oikea liikenne: Oikeanpuoleiselle liikenteelle; Ei varustelumuunnoksille: GTD, GTI, Golf R; parilliset tuotenumerot: 1EG 009 901-221; VW: GOLF VI 5K1,GOLF VI Variant AJ5,GOLF VI Cabriolet 517; 5K1941005J, 5K1941005L, 5K1941005M, 5K1941005P, 5K1941005Q, 5K1941005S; Ajovalot,Etuvalot,Ajovalo<\/p>\n","protected":false},"excerpt":{"rendered":"<p>HELLA Ajovaloumpio 1EG 009 901-211 Ajovalot,Etuvalot VW,GOLF VI 5K1,GOLF VI Variant AJ5,GOLF VI Cabriolet 517<\/p>\n","protected":false},"featured_media":0,"template":"","meta":{"site-sidebar-layout":"default","site-content-layout":"default","ast-global-header-display":"","ast-main-header-display":"","ast-hfb-above-header-display":"","ast-hfb-below-header-display":"","ast-hfb-mobile-header-display":"","site-post-title":"","ast-breadcrumbs-content":"","ast-featured-img":"","footer-sml-layout":"","theme-transparent-header-meta":"","adv-header-id-meta":"","stick-header-meta":"","header-above-stick-meta":"","header-main-stick-meta":"","header-below-stick-meta":""},"pwb-brand":[24],"product_cat":[185],"product_tag":[],"class_list":{"0":"post-81177","1":"product","2":"type-product","3":"status-publish","5":"pwb-brand-hella","6":"product_cat-ajovaloumpio","7":"desktop-align-left","8":"tablet-align-left","9":"mobile-align-left","11":"first","12":"instock","13":"product-type-external"},"brands":[{"id":24,"name":"HELLA","slug":"hella"}],"_links":{"self":[{"href":"https:\/\/www.autonvaraosahaku.fi\/index.php?rest_route=\/wp\/v2\/product\/81177","targetHints":{"allow":["GET"]}}],"collection":[{"href":"https:\/\/www.autonvaraosahaku.fi\/index.php?rest_route=\/wp\/v2\/product"}],"about":[{"href":"https:\/\/www.autonvaraosahaku.fi\/index.php?rest_route=\/wp\/v2\/types\/product"}],"wp:attachment":[{"href":"https:\/\/www.autonvaraosahaku.fi\/index.php?rest_route=%2Fwp%2Fv2%2Fmedia&parent=81177"}],"wp:term":[{"taxonomy":"pwb-brand","embeddable":true,"href":"https:\/\/www.autonvaraosahaku.fi\/index.php?rest_route=%2Fwp%2Fv2%2Fpwb-brand&post=81177"},{"taxonomy":"product_cat","embeddable":true,"href":"https:\/\/www.autonvaraosahaku.fi\/index.php?rest_route=%2Fwp%2Fv2%2Fproduct_cat&post=81177"},{"taxonomy":"product_tag","embeddable":true,"href":"https:\/\/www.autonvaraosahaku.fi\/index.php?rest_route=%2Fwp%2Fv2%2Fproduct_tag&post=81177"}],"curies":[{"name":"wp","href":"https:\/\/api.w.org\/{rel}","templated":true}]}}