{"id":81180,"date":"2021-02-21T20:15:07","date_gmt":"2021-02-21T20:15:07","guid":{"rendered":"https:\/\/www.autonvaraosahaku.fi\/?product=hella-1a3-002-850-031-muut-luokat"},"modified":"2021-02-21T20:15:10","modified_gmt":"2021-02-21T20:15:10","slug":"hella-1a3-002-850-031-muut-luokat","status":"publish","type":"product","link":"https:\/\/www.autonvaraosahaku.fi\/?product=hella-1a3-002-850-031-muut-luokat","title":{"rendered":"HELLA 1A3 002 850-031 Muut luokat"},"content":{"rendered":"<p>Viite: 12,5; Asennusmalli: Upotus; Asennuspuoli: Vasen, Oikea; Lis\u00e4tarvike\/lis\u00e4tieto: Polttimolla; Lyhdyn muoto: Halogeeni; Tarkistuskilpi: E1 14578, E1 24526, E1 24542, ECE; Nimellisj\u00e4nnite (V): 12; Lyhtytoimintojen m\u00e4\u00e4r\u00e4: 3; L\u00e4pimitta [mm]: 144,5; Muoto: Py\u00f6re\u00e4; Lamppumalli: H4, T4W; Valotoiminto: puolivalolla, kaukovalolla, pys\u00e4k\u00f6intivalolla; Valoaukko (mm): 135; Vasen \/ oikea liikenne: Oikeanpuoleiselle liikenteelle; Valmistusvuoteen: 12\/1979; NISSAN: DATSUN 240 Coupe C210,LAUREL HLC230,DATSUN 160 J 710, A10; HONDA: ACCORD I Hatchback SJ, SY,ACCORD I SJ, SY; TOYOTA: CELICA RA2_, TA2_,CELICA Coupe RA4_, TA4_,CELICA TA60, RA40, RA6_,CARINA TA4L, TA6_L,CARINA TA1_,CORONA Station Wagon RT118,CORONA RT1_; MITSUBISHI: GALANT I A12_,GALANT I Station Wagon A12_V; 83989780, 9750360701, 6810031<\/p>\n","protected":false},"excerpt":{"rendered":"<p>HELLA Ajovalosarja, Ajovalo 1A3 002 850-031  NISSAN,HONDA,TOYOTA,DATSUN 240 Coupe C210,LAUREL HLC230,DATSUN 160 J 710, A10,ACCORD I Hatchback SJ, SY<\/p>\n","protected":false},"featured_media":0,"template":"","meta":{"site-sidebar-layout":"default","site-content-layout":"default","ast-global-header-display":"","ast-main-header-display":"","ast-hfb-above-header-display":"","ast-hfb-below-header-display":"","ast-hfb-mobile-header-display":"","site-post-title":"","ast-breadcrumbs-content":"","ast-featured-img":"","footer-sml-layout":"","theme-transparent-header-meta":"","adv-header-id-meta":"","stick-header-meta":"","header-above-stick-meta":"","header-main-stick-meta":"","header-below-stick-meta":""},"pwb-brand":[24],"product_cat":[37],"product_tag":[],"class_list":{"0":"post-81180","1":"product","2":"type-product","3":"status-publish","5":"pwb-brand-hella","6":"product_cat-muut-luokat","7":"desktop-align-left","8":"tablet-align-left","9":"mobile-align-left","11":"first","12":"instock","13":"product-type-external"},"brands":[{"id":24,"name":"HELLA","slug":"hella"}],"_links":{"self":[{"href":"https:\/\/www.autonvaraosahaku.fi\/index.php?rest_route=\/wp\/v2\/product\/81180","targetHints":{"allow":["GET"]}}],"collection":[{"href":"https:\/\/www.autonvaraosahaku.fi\/index.php?rest_route=\/wp\/v2\/product"}],"about":[{"href":"https:\/\/www.autonvaraosahaku.fi\/index.php?rest_route=\/wp\/v2\/types\/product"}],"wp:attachment":[{"href":"https:\/\/www.autonvaraosahaku.fi\/index.php?rest_route=%2Fwp%2Fv2%2Fmedia&parent=81180"}],"wp:term":[{"taxonomy":"pwb-brand","embeddable":true,"href":"https:\/\/www.autonvaraosahaku.fi\/index.php?rest_route=%2Fwp%2Fv2%2Fpwb-brand&post=81180"},{"taxonomy":"product_cat","embeddable":true,"href":"https:\/\/www.autonvaraosahaku.fi\/index.php?rest_route=%2Fwp%2Fv2%2Fproduct_cat&post=81180"},{"taxonomy":"product_tag","embeddable":true,"href":"https:\/\/www.autonvaraosahaku.fi\/index.php?rest_route=%2Fwp%2Fv2%2Fproduct_tag&post=81180"}],"curies":[{"name":"wp","href":"https:\/\/api.w.org\/{rel}","templated":true}]}}