{"id":81192,"date":"2021-02-21T20:15:14","date_gmt":"2021-02-21T20:15:14","guid":{"rendered":"https:\/\/www.autonvaraosahaku.fi\/?product=ate-13-0460-2803-2-jarrupalat"},"modified":"2021-02-21T20:15:15","modified_gmt":"2021-02-21T20:15:15","slug":"ate-13-0460-2803-2-jarrupalat","status":"publish","type":"product","link":"https:\/\/www.autonvaraosahaku.fi\/?product=ate-13-0460-2803-2-jarrupalat","title":{"rendered":"ATE 13.0460-2803.2 Jarrupalat"},"content":{"rendered":"<p>Leveys (mm): 129,1; Korkeus (mm): 68,8; Paksuus [mm]: 17,5; Kulumisenilmaisimen liitos: akustisella kulumavaroittimella; Korvaava tuote\/korvaava tiedote 2: Jarrusatulan ruuveilla; Ruuvien m\u00e4\u00e4r\u00e4: 2; Jarruj\u00e4rjestelm\u00e4: Lucas \/ TRW; Tarkistuskilpi: E9 90R-01247\/080; MAPP-koodi saatavilla: ; Suositellun tarvikkeen tuotenumero: 13.0460-0142.2; Huomioi mitat: ; M\u00e4\u00e4r\u00e4yksikk\u00f6: Akselisarja; Asennuspuoli: Vorderachse; HONDA: CIVIC VII Hatchback EU, EP, EV,CIVIC VI Hatchback EJ, EK,CIVIC VI Fastback MA, MB,CIVIC VI Aerodeck MB, MC,CIVIC VII Coupe EM2,CIVIC VII Stufenheck ES,CONCERTO HW,CONCERTO Stufenheck HWW; ROVER: 25 RF,200 RF,45 Stufenheck RT,45 RT,400 RT,CABRIOLET XW,400 Hatchback RT,STREETWISE,200 Hatchback XW,200 Coupe XW,400 Tourer XW,400 XW,COUPE; MG: MG ZR,EXPRESS Kasten; 45022S6DE01, 45022S6DE50, 45022S74E10, 45022S74E50, 45022ST3E01, GBP90313, GBP90315AF, GBP90336AF, GBP90340AF, SFP000390, SFP000410, SFP100260; Jarrupalasarja,Jarrupala, Levyjarru<\/p>\n","protected":false},"excerpt":{"rendered":"<p>ATE Jarrupalat 13.0460-2803.2 Jarrupalasarja,Jarrupala, Levyjarru HONDA,ROVER,MG,CIVIC VII Hatchback EU, EP, EV,CIVIC VI Hatchback EJ, EK<\/p>\n","protected":false},"featured_media":0,"template":"","meta":{"site-sidebar-layout":"default","site-content-layout":"default","ast-global-header-display":"","ast-main-header-display":"","ast-hfb-above-header-display":"","ast-hfb-below-header-display":"","ast-hfb-mobile-header-display":"","site-post-title":"","ast-breadcrumbs-content":"","ast-featured-img":"","footer-sml-layout":"","theme-transparent-header-meta":"","adv-header-id-meta":"","stick-header-meta":"","header-above-stick-meta":"","header-main-stick-meta":"","header-below-stick-meta":""},"pwb-brand":[108],"product_cat":[100],"product_tag":[],"class_list":{"0":"post-81192","1":"product","2":"type-product","3":"status-publish","5":"pwb-brand-ate","6":"product_cat-jarrupalat","7":"desktop-align-left","8":"tablet-align-left","9":"mobile-align-left","11":"first","12":"instock","13":"product-type-external"},"brands":[{"id":108,"name":"ATE","slug":"ate"}],"_links":{"self":[{"href":"https:\/\/www.autonvaraosahaku.fi\/index.php?rest_route=\/wp\/v2\/product\/81192","targetHints":{"allow":["GET"]}}],"collection":[{"href":"https:\/\/www.autonvaraosahaku.fi\/index.php?rest_route=\/wp\/v2\/product"}],"about":[{"href":"https:\/\/www.autonvaraosahaku.fi\/index.php?rest_route=\/wp\/v2\/types\/product"}],"wp:attachment":[{"href":"https:\/\/www.autonvaraosahaku.fi\/index.php?rest_route=%2Fwp%2Fv2%2Fmedia&parent=81192"}],"wp:term":[{"taxonomy":"pwb-brand","embeddable":true,"href":"https:\/\/www.autonvaraosahaku.fi\/index.php?rest_route=%2Fwp%2Fv2%2Fpwb-brand&post=81192"},{"taxonomy":"product_cat","embeddable":true,"href":"https:\/\/www.autonvaraosahaku.fi\/index.php?rest_route=%2Fwp%2Fv2%2Fproduct_cat&post=81192"},{"taxonomy":"product_tag","embeddable":true,"href":"https:\/\/www.autonvaraosahaku.fi\/index.php?rest_route=%2Fwp%2Fv2%2Fproduct_tag&post=81192"}],"curies":[{"name":"wp","href":"https:\/\/api.w.org\/{rel}","templated":true}]}}