{"id":81210,"date":"2021-02-21T20:15:22","date_gmt":"2021-02-21T20:15:22","guid":{"rendered":"https:\/\/www.autonvaraosahaku.fi\/?product=hella-8ma-376-755-011-paisuntasailio"},"modified":"2021-02-21T20:15:23","modified_gmt":"2021-02-21T20:15:23","slug":"hella-8ma-376-755-011-paisuntasailio","status":"publish","type":"product","link":"https:\/\/www.autonvaraosahaku.fi\/?product=hella-8ma-376-755-011-paisuntasailio","title":{"rendered":"HELLA 8MA 376 755-011 Paisuntas\u00e4ili\u00f6"},"content":{"rendered":"<p>Korkeus (mm): 161; Pituus (mm): 228; Leveys (mm): 220; AUDI: 100 4A, C4,A6 4A, C4,100 Avant 4A, C4; 4A0121403; Nestes\u00e4ili\u00f6, J\u00e4\u00e4hdytysneste<\/p>\n","protected":false},"excerpt":{"rendered":"<p>HELLA Paisuntas\u00e4ili\u00f6 8MA 376 755-011 Nestes\u00e4ili\u00f6, J\u00e4\u00e4hdytysneste AUDI,100 4A, C4,A6 4A, C4,100 Avant 4A, C4<\/p>\n","protected":false},"featured_media":0,"template":"","meta":{"site-sidebar-layout":"default","site-content-layout":"default","ast-global-header-display":"","ast-main-header-display":"","ast-hfb-above-header-display":"","ast-hfb-below-header-display":"","ast-hfb-mobile-header-display":"","site-post-title":"","ast-breadcrumbs-content":"","ast-featured-img":"","footer-sml-layout":"","theme-transparent-header-meta":"","adv-header-id-meta":"","stick-header-meta":"","header-above-stick-meta":"","header-main-stick-meta":"","header-below-stick-meta":""},"pwb-brand":[24],"product_cat":[127],"product_tag":[],"class_list":{"0":"post-81210","1":"product","2":"type-product","3":"status-publish","5":"pwb-brand-hella","6":"product_cat-paisuntasailio","7":"desktop-align-left","8":"tablet-align-left","9":"mobile-align-left","11":"first","12":"instock","13":"product-type-external"},"brands":[{"id":24,"name":"HELLA","slug":"hella"}],"_links":{"self":[{"href":"https:\/\/www.autonvaraosahaku.fi\/index.php?rest_route=\/wp\/v2\/product\/81210","targetHints":{"allow":["GET"]}}],"collection":[{"href":"https:\/\/www.autonvaraosahaku.fi\/index.php?rest_route=\/wp\/v2\/product"}],"about":[{"href":"https:\/\/www.autonvaraosahaku.fi\/index.php?rest_route=\/wp\/v2\/types\/product"}],"wp:attachment":[{"href":"https:\/\/www.autonvaraosahaku.fi\/index.php?rest_route=%2Fwp%2Fv2%2Fmedia&parent=81210"}],"wp:term":[{"taxonomy":"pwb-brand","embeddable":true,"href":"https:\/\/www.autonvaraosahaku.fi\/index.php?rest_route=%2Fwp%2Fv2%2Fpwb-brand&post=81210"},{"taxonomy":"product_cat","embeddable":true,"href":"https:\/\/www.autonvaraosahaku.fi\/index.php?rest_route=%2Fwp%2Fv2%2Fproduct_cat&post=81210"},{"taxonomy":"product_tag","embeddable":true,"href":"https:\/\/www.autonvaraosahaku.fi\/index.php?rest_route=%2Fwp%2Fv2%2Fproduct_tag&post=81210"}],"curies":[{"name":"wp","href":"https:\/\/api.w.org\/{rel}","templated":true}]}}