{"id":81216,"date":"2021-02-21T20:15:22","date_gmt":"2021-02-21T20:15:22","guid":{"rendered":"https:\/\/www.autonvaraosahaku.fi\/?product=hella-8gh-002-089-251-lamput-hehkulamppu"},"modified":"2021-02-21T20:15:24","modified_gmt":"2021-02-21T20:15:24","slug":"hella-8gh-002-089-251-lamput-hehkulamppu","status":"publish","type":"product","link":"https:\/\/www.autonvaraosahaku.fi\/?product=hella-8gh-002-089-251-lamput-hehkulamppu","title":{"rendered":"HELLA 8GH 002 089-251 Lamput (hehkulamppu)"},"content":{"rendered":"<p>Lamppumalli: H1; J\u00e4nnite (V): 24; Nimellisteho (W): 70; M\u00e4\u00e4r\u00e4: 1; Tarkistuskilpi: E1; Kantamalli: P 14,5 s; Pakkaustyyppi: Laatikko; Lyhdyn muoto: Doppelscheinwerfer; MERCEDES-BENZ: VARIO Kasten\/Kombi,VARIO Pritsche\/Fahrgestell,VARIO Kipper,VARIO Bus,VARIO Triebkopf,ACTROS,ACTROS MP2 \/ MP3,ACTROS MP4 \/ MP5,ANTOS,AROCS,ATEGO,ATEGO 2,ATEGO 3,AXOR,AXOR 2,CITARO (O 530),CITO (O 520),CONECTO (O 345),ECONIC,ECONIC 2,INTEGRO (O 550),O 403,O 404,TOURISMO (O 350),TRAVEGO (O 580),ZETROS; VOLVO: B12,B7,FH II,FH16 II,FL,FLC,FMX,NH12; IVECO: EUROTRAKKER,STRALIS,STRATOR; SETRA: Series 300,Series 400; SCANIA: 4 &#8211; series,P,G,R,T &#8211; series; RENAULT TRUCKS: C,KERAX,MAGNUM,MANAGER,MAXITY,MIDLUM,PREMIUM,PREMIUM 2; NEOPLAN: Centroliner,Euroliner,Starliner; MAN: F90,LION\u00b4S CITY,LION\u00b4S COMFORT,LION\u00b4S STAR,M 2000 L,M 2000 M,M90,N\u00dc,\u00dcL; IRISBUS: AGORA,AXER,CITELIS,DAILY TOURYS,DOMINO,EVADYS,RECREO; DAF: 65 CF,75 CF,CF,CF 65,CF 75,CF 85,F 2700,F 2900,F 3200,LF,LF 45,LF 55,XF,XF 105,XF 95; KDWHLO9591, 1354887, 21EK10330, 0190251400, 28318002, 503127216, 503199319, 151010000, ZF259010019, 11370511, 20005230620, 5230620, 943904, VOE11370511, KDWHLO9591<\/p>\n","protected":false},"excerpt":{"rendered":"<p>HELLA Polttimo, Kaukovalo HEAVY DUTY 8GH 002 089-251  MERCEDES-BENZ,VOLVO,IVECO,VARIO Kasten\/Kombi,VARIO Pritsche\/Fahrgestell,VARIO Kipper,VARIO Bus<\/p>\n","protected":false},"featured_media":0,"template":"","meta":{"site-sidebar-layout":"default","site-content-layout":"default","ast-global-header-display":"","ast-main-header-display":"","ast-hfb-above-header-display":"","ast-hfb-below-header-display":"","ast-hfb-mobile-header-display":"","site-post-title":"","ast-breadcrumbs-content":"","ast-featured-img":"","footer-sml-layout":"","theme-transparent-header-meta":"","adv-header-id-meta":"","stick-header-meta":"","header-above-stick-meta":"","header-main-stick-meta":"","header-below-stick-meta":""},"pwb-brand":[24],"product_cat":[151],"product_tag":[],"class_list":{"0":"post-81216","1":"product","2":"type-product","3":"status-publish","5":"pwb-brand-hella","6":"product_cat-lamput-hehkulamppu","7":"desktop-align-left","8":"tablet-align-left","9":"mobile-align-left","11":"first","12":"instock","13":"product-type-external"},"brands":[{"id":24,"name":"HELLA","slug":"hella"}],"_links":{"self":[{"href":"https:\/\/www.autonvaraosahaku.fi\/index.php?rest_route=\/wp\/v2\/product\/81216","targetHints":{"allow":["GET"]}}],"collection":[{"href":"https:\/\/www.autonvaraosahaku.fi\/index.php?rest_route=\/wp\/v2\/product"}],"about":[{"href":"https:\/\/www.autonvaraosahaku.fi\/index.php?rest_route=\/wp\/v2\/types\/product"}],"wp:attachment":[{"href":"https:\/\/www.autonvaraosahaku.fi\/index.php?rest_route=%2Fwp%2Fv2%2Fmedia&parent=81216"}],"wp:term":[{"taxonomy":"pwb-brand","embeddable":true,"href":"https:\/\/www.autonvaraosahaku.fi\/index.php?rest_route=%2Fwp%2Fv2%2Fpwb-brand&post=81216"},{"taxonomy":"product_cat","embeddable":true,"href":"https:\/\/www.autonvaraosahaku.fi\/index.php?rest_route=%2Fwp%2Fv2%2Fproduct_cat&post=81216"},{"taxonomy":"product_tag","embeddable":true,"href":"https:\/\/www.autonvaraosahaku.fi\/index.php?rest_route=%2Fwp%2Fv2%2Fproduct_tag&post=81216"}],"curies":[{"name":"wp","href":"https:\/\/api.w.org\/{rel}","templated":true}]}}