{"id":81222,"date":"2021-02-21T20:15:22","date_gmt":"2021-02-21T20:15:22","guid":{"rendered":"https:\/\/www.autonvaraosahaku.fi\/?product=hella-8ew-351-040-271-lammityslaitteen-puhallin"},"modified":"2021-02-21T20:15:26","modified_gmt":"2021-02-21T20:15:26","slug":"hella-8ew-351-040-271-lammityslaitteen-puhallin","status":"publish","type":"product","link":"https:\/\/www.autonvaraosahaku.fi\/?product=hella-8ew-351-040-271-lammityslaitteen-puhallin","title":{"rendered":"HELLA 8EW 351 040-271 L\u00e4mmityslaitteen puhallin"},"content":{"rendered":"<p>L\u00e4pimitta [mm]: 133; Vasen \/ oikea liikenne: Ohjaus vasemmalla; Versio: produced by BEHR; lis\u00e4tieto: BEHR HELLA SERVICE *** PREMIUM LINE ***; Alustanumerosta: 9H124977; LAND ROVER: FREELANDER 2 FA_,RANGE ROVER EVOQUE LV; LR002630, LR009738, LR010387, LR016627; Sis\u00e4tilan Puhallin,Sis\u00e4tilapuhallin<\/p>\n","protected":false},"excerpt":{"rendered":"<p>HELLA L\u00e4mmityslaitteen Puhallin 8EW 351 040-271 Sis\u00e4tilan Puhallin,Sis\u00e4tilapuhallin LAND ROVER,FREELANDER 2 FA_,RANGE ROVER EVOQUE LV<\/p>\n","protected":false},"featured_media":0,"template":"","meta":{"site-sidebar-layout":"default","site-content-layout":"default","ast-global-header-display":"","ast-main-header-display":"","ast-hfb-above-header-display":"","ast-hfb-below-header-display":"","ast-hfb-mobile-header-display":"","site-post-title":"","ast-breadcrumbs-content":"","ast-featured-img":"","footer-sml-layout":"","theme-transparent-header-meta":"","adv-header-id-meta":"","stick-header-meta":"","header-above-stick-meta":"","header-main-stick-meta":"","header-below-stick-meta":""},"pwb-brand":[24],"product_cat":[86],"product_tag":[],"class_list":{"0":"post-81222","1":"product","2":"type-product","3":"status-publish","5":"pwb-brand-hella","6":"product_cat-lammityslaitteen-puhallin","7":"desktop-align-left","8":"tablet-align-left","9":"mobile-align-left","11":"first","12":"instock","13":"product-type-external"},"brands":[{"id":24,"name":"HELLA","slug":"hella"}],"_links":{"self":[{"href":"https:\/\/www.autonvaraosahaku.fi\/index.php?rest_route=\/wp\/v2\/product\/81222","targetHints":{"allow":["GET"]}}],"collection":[{"href":"https:\/\/www.autonvaraosahaku.fi\/index.php?rest_route=\/wp\/v2\/product"}],"about":[{"href":"https:\/\/www.autonvaraosahaku.fi\/index.php?rest_route=\/wp\/v2\/types\/product"}],"wp:attachment":[{"href":"https:\/\/www.autonvaraosahaku.fi\/index.php?rest_route=%2Fwp%2Fv2%2Fmedia&parent=81222"}],"wp:term":[{"taxonomy":"pwb-brand","embeddable":true,"href":"https:\/\/www.autonvaraosahaku.fi\/index.php?rest_route=%2Fwp%2Fv2%2Fpwb-brand&post=81222"},{"taxonomy":"product_cat","embeddable":true,"href":"https:\/\/www.autonvaraosahaku.fi\/index.php?rest_route=%2Fwp%2Fv2%2Fproduct_cat&post=81222"},{"taxonomy":"product_tag","embeddable":true,"href":"https:\/\/www.autonvaraosahaku.fi\/index.php?rest_route=%2Fwp%2Fv2%2Fproduct_tag&post=81222"}],"curies":[{"name":"wp","href":"https:\/\/api.w.org\/{rel}","templated":true}]}}