{"id":81230,"date":"2021-02-21T20:15:30","date_gmt":"2021-02-21T20:15:30","guid":{"rendered":"https:\/\/www.autonvaraosahaku.fi\/?product=hella-6pu-009-110-541-kampiakselin-asentotunnistin"},"modified":"2021-02-21T20:15:30","modified_gmt":"2021-02-21T20:15:30","slug":"hella-6pu-009-110-541-kampiakselin-asentotunnistin","status":"publish","type":"product","link":"https:\/\/www.autonvaraosahaku.fi\/?product=hella-6pu-009-110-541-kampiakselin-asentotunnistin","title":{"rendered":"HELLA 6PU 009 110-541 Kampiakselin asentotunnistin"},"content":{"rendered":"<p>Valmistaja rajaus: Bosch; Nimellisj\u00e4nnite (V): 12; Vastus [Ohm]: 540; Napojen m\u00e4\u00e4r\u00e4: 3; Kaapelinmitta (mm): 725; Tunnistinmalli: Induktiivi anturi; Toleranssi [%]: 10; Valmistusvuoteen: 12\/1995; BMW: 3 E36,3 Coupe E36,5 E34,3 Cabriolet E36,5 Touring E34; 12141726065, 12141726066, 1726065, 1726066; Kampiakselin Anturi,Impulssianturi, Kampiakseli<\/p>\n","protected":false},"excerpt":{"rendered":"<p>HELLA Kampiakselin Asentotunnistin 6PU 009 110-541 Kampiakselin Anturi,Impulssianturi, Kampiakseli BMW,3 E36,3 Coupe E36,5 E34,3 Cabriolet E36<\/p>\n","protected":false},"featured_media":0,"template":"","meta":{"site-sidebar-layout":"default","site-content-layout":"default","ast-global-header-display":"","ast-main-header-display":"","ast-hfb-above-header-display":"","ast-hfb-below-header-display":"","ast-hfb-mobile-header-display":"","site-post-title":"","ast-breadcrumbs-content":"","ast-featured-img":"","footer-sml-layout":"","theme-transparent-header-meta":"","adv-header-id-meta":"","stick-header-meta":"","header-above-stick-meta":"","header-main-stick-meta":"","header-below-stick-meta":""},"pwb-brand":[24],"product_cat":[184],"product_tag":[],"class_list":{"0":"post-81230","1":"product","2":"type-product","3":"status-publish","5":"pwb-brand-hella","6":"product_cat-kampiakselin-asentotunnistin","7":"desktop-align-left","8":"tablet-align-left","9":"mobile-align-left","11":"first","12":"instock","13":"product-type-external"},"brands":[{"id":24,"name":"HELLA","slug":"hella"}],"_links":{"self":[{"href":"https:\/\/www.autonvaraosahaku.fi\/index.php?rest_route=\/wp\/v2\/product\/81230","targetHints":{"allow":["GET"]}}],"collection":[{"href":"https:\/\/www.autonvaraosahaku.fi\/index.php?rest_route=\/wp\/v2\/product"}],"about":[{"href":"https:\/\/www.autonvaraosahaku.fi\/index.php?rest_route=\/wp\/v2\/types\/product"}],"wp:attachment":[{"href":"https:\/\/www.autonvaraosahaku.fi\/index.php?rest_route=%2Fwp%2Fv2%2Fmedia&parent=81230"}],"wp:term":[{"taxonomy":"pwb-brand","embeddable":true,"href":"https:\/\/www.autonvaraosahaku.fi\/index.php?rest_route=%2Fwp%2Fv2%2Fpwb-brand&post=81230"},{"taxonomy":"product_cat","embeddable":true,"href":"https:\/\/www.autonvaraosahaku.fi\/index.php?rest_route=%2Fwp%2Fv2%2Fproduct_cat&post=81230"},{"taxonomy":"product_tag","embeddable":true,"href":"https:\/\/www.autonvaraosahaku.fi\/index.php?rest_route=%2Fwp%2Fv2%2Fproduct_tag&post=81230"}],"curies":[{"name":"wp","href":"https:\/\/api.w.org\/{rel}","templated":true}]}}