{"id":81232,"date":"2021-02-21T20:15:30","date_gmt":"2021-02-21T20:15:30","guid":{"rendered":"https:\/\/www.autonvaraosahaku.fi\/?product=hella-6pt-009-309-441-jaahdytysnesteen-lampotila-anturi"},"modified":"2021-02-21T20:15:30","modified_gmt":"2021-02-21T20:15:30","slug":"hella-6pt-009-309-441-jaahdytysnesteen-lampotila-anturi","status":"publish","type":"product","link":"https:\/\/www.autonvaraosahaku.fi\/?product=hella-6pt-009-309-441-jaahdytysnesteen-lampotila-anturi","title":{"rendered":"HELLA 6PT 009 309-441 J\u00e4\u00e4hdytysnesteen l\u00e4mp\u00f6tila anturi"},"content":{"rendered":"<p>Asennusmalli: Poltti\/ruuvi; Nimellisj\u00e4nnite (V): 12; L\u00e4mp\u00f6alue alkaen [\u00b0C]: 0; L\u00e4mp\u00f6tila-alue korkeintaan [\u00b0C]: 125; Liittimi\u00e4: 1; V\u00e4ri vastaa alkuper\u00e4isosaa: Musta; Kierremitta: M10x1; Avainv\u00e4li: 13; Tunnistinmalli: NTC-anturi; Alustanumerosta: 17A 0000 001; VW: GOLF I Cabriolet 155,CORRADO 53I,GOLF I 17,CADDY I 14,SCIROCCO 53,JETTA I 16; 049919501, 027919501, 049919501, 27919501, 49919501, SE0219470001, SE021947000I, W0049919501, WO049919501, 1257216, 3517501, 35175017, 027919501, 049919501, 0499195011, 049919501A, 175919501, SE0219470001, SE021947000I, W0049919501, WO049919501; J\u00e4\u00e4hdytysnestel\u00e4mp\u00f6tilan Sensori<\/p>\n","protected":false},"excerpt":{"rendered":"<p>HELLA J\u00e4\u00e4hdytysnesteen L\u00e4mp\u00f6tila Anturi 6PT 009 309-441 J\u00e4\u00e4hdytysnestel\u00e4mp\u00f6tilan Sensori VW,GOLF I Cabriolet 155,CORRADO 53I,GOLF I 17,CADDY I 14<\/p>\n","protected":false},"featured_media":0,"template":"","meta":{"site-sidebar-layout":"default","site-content-layout":"default","ast-global-header-display":"","ast-main-header-display":"","ast-hfb-above-header-display":"","ast-hfb-below-header-display":"","ast-hfb-mobile-header-display":"","site-post-title":"","ast-breadcrumbs-content":"","ast-featured-img":"","footer-sml-layout":"","theme-transparent-header-meta":"","adv-header-id-meta":"","stick-header-meta":"","header-above-stick-meta":"","header-main-stick-meta":"","header-below-stick-meta":""},"pwb-brand":[24],"product_cat":[200],"product_tag":[],"class_list":{"0":"post-81232","1":"product","2":"type-product","3":"status-publish","5":"pwb-brand-hella","6":"product_cat-jaahdytysnesteen-lampotila-anturi","7":"desktop-align-left","8":"tablet-align-left","9":"mobile-align-left","11":"first","12":"instock","13":"product-type-external"},"brands":[{"id":24,"name":"HELLA","slug":"hella"}],"_links":{"self":[{"href":"https:\/\/www.autonvaraosahaku.fi\/index.php?rest_route=\/wp\/v2\/product\/81232","targetHints":{"allow":["GET"]}}],"collection":[{"href":"https:\/\/www.autonvaraosahaku.fi\/index.php?rest_route=\/wp\/v2\/product"}],"about":[{"href":"https:\/\/www.autonvaraosahaku.fi\/index.php?rest_route=\/wp\/v2\/types\/product"}],"wp:attachment":[{"href":"https:\/\/www.autonvaraosahaku.fi\/index.php?rest_route=%2Fwp%2Fv2%2Fmedia&parent=81232"}],"wp:term":[{"taxonomy":"pwb-brand","embeddable":true,"href":"https:\/\/www.autonvaraosahaku.fi\/index.php?rest_route=%2Fwp%2Fv2%2Fpwb-brand&post=81232"},{"taxonomy":"product_cat","embeddable":true,"href":"https:\/\/www.autonvaraosahaku.fi\/index.php?rest_route=%2Fwp%2Fv2%2Fproduct_cat&post=81232"},{"taxonomy":"product_tag","embeddable":true,"href":"https:\/\/www.autonvaraosahaku.fi\/index.php?rest_route=%2Fwp%2Fv2%2Fproduct_tag&post=81232"}],"curies":[{"name":"wp","href":"https:\/\/api.w.org\/{rel}","templated":true}]}}