{"id":81258,"date":"2021-02-21T20:15:37","date_gmt":"2021-02-21T20:15:37","guid":{"rendered":"https:\/\/www.autonvaraosahaku.fi\/?product=luk-623-3296-00-kytkinpaketti"},"modified":"2021-02-21T20:15:40","modified_gmt":"2021-02-21T20:15:40","slug":"luk-623-3296-00-kytkinpaketti","status":"publish","type":"product","link":"https:\/\/www.autonvaraosahaku.fi\/?product=luk-623-3296-00-kytkinpaketti","title":{"rendered":"LuK 623 3296 00 Kytkinpaketti"},"content":{"rendered":"<p>L\u00e4pimitta [mm]: 230; Korvaava tuote\/korvaava tiedote 2: irroitinlaakerilla, Kytkinlevyll\u00e4, irroitinlaakerilla, Tarkasta 2-massavauhtipy\u00f6r\u00e4 ja uusi tarvitaessa.; Moottorimalli: Moottoreihin, joissa kaksoismassa vauhtipy\u00f6r\u00e4; kytkinvalmistaja: Luk; Vauhtipy\u00f6r\u00e4valmistajalle: LuK; FIAT: PUNTO 188,STILO 192,DOBLO Cargo 223,STILO Multi Wagon 192,DOBLO 119,STRADA Pick-up 178E,MULTIPLA 186,PUNTO Van 188AX,BRAVO I 182,BRAVA 182,MAREA Weekend 185,MAREA 185; ALFA ROMEO: 147 937; 4190622, 4305128, 4409361, 4409362, 46821336, 5888360, 5890368, 5967728, 60800551, 60805112, 60811561, 60815187, 60816969, 7588805, 7681283, 7799778, 4190622, 4305128, 4409361, 4409362, 46539189, 46821336, 55204447, 55218037, 5888360, 5890368, 5933505, 5967728, 60800551, 60805112, 60811561, 73503442, 7588805, 7681283, 7799778; Kytkinsarja<\/p>\n","protected":false},"excerpt":{"rendered":"<p>LuK Kytkinpaketti 623 3296 00 Kytkinsarja FIAT,ALFA ROMEO,PUNTO 188,STILO 192,DOBLO Cargo 223,STILO Multi Wagon 192,DOBLO 119,STRADA Pick-up 178E<\/p>\n","protected":false},"featured_media":0,"template":"","meta":{"site-sidebar-layout":"default","site-content-layout":"default","ast-global-header-display":"","ast-main-header-display":"","ast-hfb-above-header-display":"","ast-hfb-below-header-display":"","ast-hfb-mobile-header-display":"","site-post-title":"","ast-breadcrumbs-content":"","ast-featured-img":"","footer-sml-layout":"","theme-transparent-header-meta":"","adv-header-id-meta":"","stick-header-meta":"","header-above-stick-meta":"","header-main-stick-meta":"","header-below-stick-meta":""},"pwb-brand":[20],"product_cat":[21],"product_tag":[],"class_list":{"0":"post-81258","1":"product","2":"type-product","3":"status-publish","5":"pwb-brand-luk","6":"product_cat-kytkinpaketti","7":"desktop-align-left","8":"tablet-align-left","9":"mobile-align-left","11":"first","12":"instock","13":"product-type-external"},"brands":[{"id":20,"name":"LuK","slug":"luk"}],"_links":{"self":[{"href":"https:\/\/www.autonvaraosahaku.fi\/index.php?rest_route=\/wp\/v2\/product\/81258","targetHints":{"allow":["GET"]}}],"collection":[{"href":"https:\/\/www.autonvaraosahaku.fi\/index.php?rest_route=\/wp\/v2\/product"}],"about":[{"href":"https:\/\/www.autonvaraosahaku.fi\/index.php?rest_route=\/wp\/v2\/types\/product"}],"wp:attachment":[{"href":"https:\/\/www.autonvaraosahaku.fi\/index.php?rest_route=%2Fwp%2Fv2%2Fmedia&parent=81258"}],"wp:term":[{"taxonomy":"pwb-brand","embeddable":true,"href":"https:\/\/www.autonvaraosahaku.fi\/index.php?rest_route=%2Fwp%2Fv2%2Fpwb-brand&post=81258"},{"taxonomy":"product_cat","embeddable":true,"href":"https:\/\/www.autonvaraosahaku.fi\/index.php?rest_route=%2Fwp%2Fv2%2Fproduct_cat&post=81258"},{"taxonomy":"product_tag","embeddable":true,"href":"https:\/\/www.autonvaraosahaku.fi\/index.php?rest_route=%2Fwp%2Fv2%2Fproduct_tag&post=81258"}],"curies":[{"name":"wp","href":"https:\/\/api.w.org\/{rel}","templated":true}]}}