{"id":8126,"date":"2021-02-21T14:02:10","date_gmt":"2021-02-21T14:02:10","guid":{"rendered":"https:\/\/www.autonvaraosahaku.fi\/?product=febi-bilstein-43865-jarrulevyt"},"modified":"2021-02-21T14:02:10","modified_gmt":"2021-02-21T14:02:10","slug":"febi-bilstein-43865-jarrulevyt","status":"publish","type":"product","link":"https:\/\/www.autonvaraosahaku.fi\/?product=febi-bilstein-43865-jarrulevyt","title":{"rendered":"FEBI BILSTEIN 43865 Jarrulevyt"},"content":{"rendered":"<p>Jarrulevyn paksuus (mm): 28; Kiinnitysreikien lukum\u00e4\u00e4r\u00e4: 5, 3; Paksuus [mm]: 48,1; Ulkol\u00e4pimitta [mm]: 303,8; Reik\u00e4ympyr\u00e4-\u00d8 [mm]: 108; Pinta: pinnoitettu; Jarrulevytyyppi: Tuuletettu, sis\u00e4; Asennuspuoli: Etuakseli; V\u00e4himm\u00e4ispaksuus (mm): 26; Paino [kg]: 8,66; keskitt\u00e4misl\u00e4pimitta [mm]: 71, 71; Moottorinumero: EP6CDTMD; EP6DT; CITRO\u00cbN: C5 III Break TD_,C5 III RD_,C4 Picasso II; PEUGEOT: 407 SW 6E_,308 SW,308 4A_, 4C_,508 SW,407 6D_,3008,508,407 Coupe 6C_,308 II,308 SW II,3008 SUV; 424993, 4249K1, 4249K1, 03641958, 3641958, 424993, 4249K1, 003641958, 03641958, 3641958; Jarrulevy<\/p>\n","protected":false},"excerpt":{"rendered":"<p>FEBI BILSTEIN Jarrulevyt 43865 Jarrulevy CITRO\u00cbN,PEUGEOT,C5 III Break TD_,C5 III RD_,C4 Picasso II,407 SW 6E_,308 SW,308 4A_, 4C_,508 SW,407 6D_,3008<\/p>\n","protected":false},"featured_media":0,"template":"","meta":{"site-sidebar-layout":"default","site-content-layout":"default","ast-global-header-display":"","ast-main-header-display":"","ast-hfb-above-header-display":"","ast-hfb-below-header-display":"","ast-hfb-mobile-header-display":"","site-post-title":"","ast-breadcrumbs-content":"","ast-featured-img":"","footer-sml-layout":"","theme-transparent-header-meta":"","adv-header-id-meta":"","stick-header-meta":"","header-above-stick-meta":"","header-main-stick-meta":"","header-below-stick-meta":""},"pwb-brand":[50],"product_cat":[66],"product_tag":[],"class_list":{"0":"post-8126","1":"product","2":"type-product","3":"status-publish","5":"pwb-brand-febi-bilstein","6":"product_cat-jarrulevyt","7":"desktop-align-left","8":"tablet-align-left","9":"mobile-align-left","11":"first","12":"instock","13":"product-type-external"},"brands":[{"id":50,"name":"FEBI BILSTEIN","slug":"febi-bilstein"}],"_links":{"self":[{"href":"https:\/\/www.autonvaraosahaku.fi\/index.php?rest_route=\/wp\/v2\/product\/8126","targetHints":{"allow":["GET"]}}],"collection":[{"href":"https:\/\/www.autonvaraosahaku.fi\/index.php?rest_route=\/wp\/v2\/product"}],"about":[{"href":"https:\/\/www.autonvaraosahaku.fi\/index.php?rest_route=\/wp\/v2\/types\/product"}],"wp:attachment":[{"href":"https:\/\/www.autonvaraosahaku.fi\/index.php?rest_route=%2Fwp%2Fv2%2Fmedia&parent=8126"}],"wp:term":[{"taxonomy":"pwb-brand","embeddable":true,"href":"https:\/\/www.autonvaraosahaku.fi\/index.php?rest_route=%2Fwp%2Fv2%2Fpwb-brand&post=8126"},{"taxonomy":"product_cat","embeddable":true,"href":"https:\/\/www.autonvaraosahaku.fi\/index.php?rest_route=%2Fwp%2Fv2%2Fproduct_cat&post=8126"},{"taxonomy":"product_tag","embeddable":true,"href":"https:\/\/www.autonvaraosahaku.fi\/index.php?rest_route=%2Fwp%2Fv2%2Fproduct_tag&post=8126"}],"curies":[{"name":"wp","href":"https:\/\/api.w.org\/{rel}","templated":true}]}}