{"id":81294,"date":"2021-02-21T20:15:51","date_gmt":"2021-02-21T20:15:51","guid":{"rendered":"https:\/\/www.autonvaraosahaku.fi\/?product=elring-803-000-kannen-pultit"},"modified":"2021-02-21T20:15:53","modified_gmt":"2021-02-21T20:15:53","slug":"elring-803-000-kannen-pultit","status":"publish","type":"product","link":"https:\/\/www.autonvaraosahaku.fi\/?product=elring-803-000-kannen-pultit","title":{"rendered":"ELRING 803.000 Kannen pultit"},"content":{"rendered":"<p>Kierremitta: M 11&#215;1,25&#215;105; Ruuvikanta\/mutteriprofiili: Torx, sis\u00e4, Torx, sis\u00e4; Avainv\u00e4li: TX &#8211; T 55, TX &#8211; T 55; Tarvittava kappalem\u00e4\u00e4r\u00e4: 2; SAAB: 9-5 Kombi YS3E,9-5 YS3E,9000 Schr\u00e4gheck,900 II Cabriolet,900 II,9000,900 II Coupe; OPEL: VECTRA C Caravan,SIGNUM,VECTRA C,VECTRA B 36_,OMEGA B Caravan 21_, 22_, 23_,OMEGA B 25_, 26_, 27_,VECTRA C GTS,VECTRA B Caravan 31_,CALIBRA A 85_,VECTRA B CC 38_,VECTRA A 86_, 87_,SINTRA,VECTRA A CC 88_, 89_; CADILLAC: CTS GMX320; VAUXHALL: CALIBRA,VECTRA Mk II C CC,VECTRA Mk II C Estate,VECTRA Mk II C,SIGNUM,OMEGA B,CAVALIER Mk III 87,VECTRA B CC,VECTRA B Estate,VECTRA B,CAVALIER Mk III CC,OMEGA B Estate; Sylinterikannen Pultit,Syl.Kannen Pulttisarja<\/p>\n","protected":false},"excerpt":{"rendered":"<p>ELRING Kannen Pultit 803.000 Sylinterikannen Pultit,Syl.Kannen Pulttisarja SAAB,OPEL,CADILLAC,9-5 Kombi YS3E,9-5 YS3E,9000 Schr\u00e4gheck,900 II Cabriolet<\/p>\n","protected":false},"featured_media":0,"template":"","meta":{"site-sidebar-layout":"default","site-content-layout":"default","ast-global-header-display":"","ast-main-header-display":"","ast-hfb-above-header-display":"","ast-hfb-below-header-display":"","ast-hfb-mobile-header-display":"","site-post-title":"","ast-breadcrumbs-content":"","ast-featured-img":"","footer-sml-layout":"","theme-transparent-header-meta":"","adv-header-id-meta":"","stick-header-meta":"","header-above-stick-meta":"","header-main-stick-meta":"","header-below-stick-meta":""},"pwb-brand":[26],"product_cat":[67],"product_tag":[],"class_list":{"0":"post-81294","1":"product","2":"type-product","3":"status-publish","5":"pwb-brand-elring","6":"product_cat-kannen-pultit","7":"desktop-align-left","8":"tablet-align-left","9":"mobile-align-left","11":"first","12":"instock","13":"product-type-external"},"brands":[{"id":26,"name":"ELRING","slug":"elring"}],"_links":{"self":[{"href":"https:\/\/www.autonvaraosahaku.fi\/index.php?rest_route=\/wp\/v2\/product\/81294","targetHints":{"allow":["GET"]}}],"collection":[{"href":"https:\/\/www.autonvaraosahaku.fi\/index.php?rest_route=\/wp\/v2\/product"}],"about":[{"href":"https:\/\/www.autonvaraosahaku.fi\/index.php?rest_route=\/wp\/v2\/types\/product"}],"wp:attachment":[{"href":"https:\/\/www.autonvaraosahaku.fi\/index.php?rest_route=%2Fwp%2Fv2%2Fmedia&parent=81294"}],"wp:term":[{"taxonomy":"pwb-brand","embeddable":true,"href":"https:\/\/www.autonvaraosahaku.fi\/index.php?rest_route=%2Fwp%2Fv2%2Fpwb-brand&post=81294"},{"taxonomy":"product_cat","embeddable":true,"href":"https:\/\/www.autonvaraosahaku.fi\/index.php?rest_route=%2Fwp%2Fv2%2Fproduct_cat&post=81294"},{"taxonomy":"product_tag","embeddable":true,"href":"https:\/\/www.autonvaraosahaku.fi\/index.php?rest_route=%2Fwp%2Fv2%2Fproduct_tag&post=81294"}],"curies":[{"name":"wp","href":"https:\/\/api.w.org\/{rel}","templated":true}]}}