{"id":81301,"date":"2021-02-21T20:15:51","date_gmt":"2021-02-21T20:15:51","guid":{"rendered":"https:\/\/www.autonvaraosahaku.fi\/?product=ate-24-3220-1108-3-takajarrusylinteri"},"modified":"2021-02-21T20:15:55","modified_gmt":"2021-02-21T20:15:55","slug":"ate-24-3220-1108-3-takajarrusylinteri","status":"publish","type":"product","link":"https:\/\/www.autonvaraosahaku.fi\/?product=ate-24-3220-1108-3-takajarrusylinteri","title":{"rendered":"ATE 24.3220-1108.3 Takajarrusylinteri"},"content":{"rendered":"<p>M\u00e4nn\u00e4n halkaisija mm: 20,6; Materiaali: Harmaa valurauta; Jarruj\u00e4rjestelm\u00e4: Bendix; MAPP-koodi saatavilla: ; Valmistusvuoteen: 05\/2010; LANCIA: Y 840A; FORD: KA RU8; FIAT: PANDA 169,500 312,500 C 312,PUNTO 176,PANDA Van 169,PUNTO Cabriolet 176C,PUNTO Van 176L; 7734997, 77362610, 1554724, 9S512261AA; Py\u00f6r\u00e4n Jarrusylinteri,Jarrusylinteri<\/p>\n","protected":false},"excerpt":{"rendered":"<p>ATE Takajarrusylinteri 24.3220-1108.3 Py\u00f6r\u00e4n Jarrusylinteri,Jarrusylinteri LANCIA,FORD,FIAT,Y 840A,KA RU8,PANDA 169,500 312,500 C 312,PUNTO 176<\/p>\n","protected":false},"featured_media":0,"template":"","meta":{"site-sidebar-layout":"default","site-content-layout":"default","ast-global-header-display":"","ast-main-header-display":"","ast-hfb-above-header-display":"","ast-hfb-below-header-display":"","ast-hfb-mobile-header-display":"","site-post-title":"","ast-breadcrumbs-content":"","ast-featured-img":"","footer-sml-layout":"","theme-transparent-header-meta":"","adv-header-id-meta":"","stick-header-meta":"","header-above-stick-meta":"","header-main-stick-meta":"","header-below-stick-meta":""},"pwb-brand":[108],"product_cat":[158],"product_tag":[],"class_list":{"0":"post-81301","1":"product","2":"type-product","3":"status-publish","5":"pwb-brand-ate","6":"product_cat-takajarrusylinteri","7":"desktop-align-left","8":"tablet-align-left","9":"mobile-align-left","11":"first","12":"instock","13":"product-type-external"},"brands":[{"id":108,"name":"ATE","slug":"ate"}],"_links":{"self":[{"href":"https:\/\/www.autonvaraosahaku.fi\/index.php?rest_route=\/wp\/v2\/product\/81301","targetHints":{"allow":["GET"]}}],"collection":[{"href":"https:\/\/www.autonvaraosahaku.fi\/index.php?rest_route=\/wp\/v2\/product"}],"about":[{"href":"https:\/\/www.autonvaraosahaku.fi\/index.php?rest_route=\/wp\/v2\/types\/product"}],"wp:attachment":[{"href":"https:\/\/www.autonvaraosahaku.fi\/index.php?rest_route=%2Fwp%2Fv2%2Fmedia&parent=81301"}],"wp:term":[{"taxonomy":"pwb-brand","embeddable":true,"href":"https:\/\/www.autonvaraosahaku.fi\/index.php?rest_route=%2Fwp%2Fv2%2Fpwb-brand&post=81301"},{"taxonomy":"product_cat","embeddable":true,"href":"https:\/\/www.autonvaraosahaku.fi\/index.php?rest_route=%2Fwp%2Fv2%2Fproduct_cat&post=81301"},{"taxonomy":"product_tag","embeddable":true,"href":"https:\/\/www.autonvaraosahaku.fi\/index.php?rest_route=%2Fwp%2Fv2%2Fproduct_tag&post=81301"}],"curies":[{"name":"wp","href":"https:\/\/api.w.org\/{rel}","templated":true}]}}