{"id":81307,"date":"2021-02-21T20:15:51","date_gmt":"2021-02-21T20:15:51","guid":{"rendered":"https:\/\/www.autonvaraosahaku.fi\/?product=mapco-4884-jarrusatula"},"modified":"2021-02-21T20:15:57","modified_gmt":"2021-02-21T20:15:57","slug":"mapco-4884-jarrusatula","status":"publish","type":"product","link":"https:\/\/www.autonvaraosahaku.fi\/?product=mapco-4884-jarrusatula","title":{"rendered":"MAPCO 4884 Jarrusatula"},"content":{"rendered":"<p>L\u00e4pimitta [mm]: 54; Jarrusatulatyyppi: Jarrusatula; Uusi osa: ; Jarruj\u00e4rjestelm\u00e4: LUCAS; parilliset tuotenumerot: 4885, 4885; Asennuspuoli: Vorderachse rechts; VW: GOLF II 19E, 1G1,CORRADO 53I; AUDI: 80 8C, B4,80 89, 89Q, 8A, B3,CABRIOLET 8G7, B4,80 Avant 8C, B4,100 44, 44Q, C3,COUPE 89, 8B,90 89, 89Q, 8A, B3,100 Avant 44, 44Q, C3,QUATTRO 85,200 44, 44Q,200 Avant 44, 44Q; 443615123A, 443615123F, 443615123FV, 443615123FX, 857615123<\/p>\n","protected":false},"excerpt":{"rendered":"<p>MAPCO Jarrusatula 4884  VW,AUDI,GOLF II 19E, 1G1,CORRADO 53I,80 8C, B4,80 89, 89Q, 8A, B3,CABRIOLET 8G7, B4,80 Avant 8C, B4,100 44, 44Q, C3<\/p>\n","protected":false},"featured_media":0,"template":"","meta":{"site-sidebar-layout":"default","site-content-layout":"default","ast-global-header-display":"","ast-main-header-display":"","ast-hfb-above-header-display":"","ast-hfb-below-header-display":"","ast-hfb-mobile-header-display":"","site-post-title":"","ast-breadcrumbs-content":"","ast-featured-img":"","footer-sml-layout":"","theme-transparent-header-meta":"","adv-header-id-meta":"","stick-header-meta":"","header-above-stick-meta":"","header-main-stick-meta":"","header-below-stick-meta":""},"pwb-brand":[36],"product_cat":[177],"product_tag":[],"class_list":{"0":"post-81307","1":"product","2":"type-product","3":"status-publish","5":"pwb-brand-mapco","6":"product_cat-jarrusatula","7":"desktop-align-left","8":"tablet-align-left","9":"mobile-align-left","11":"first","12":"instock","13":"product-type-external"},"brands":[{"id":36,"name":"MAPCO","slug":"mapco"}],"_links":{"self":[{"href":"https:\/\/www.autonvaraosahaku.fi\/index.php?rest_route=\/wp\/v2\/product\/81307","targetHints":{"allow":["GET"]}}],"collection":[{"href":"https:\/\/www.autonvaraosahaku.fi\/index.php?rest_route=\/wp\/v2\/product"}],"about":[{"href":"https:\/\/www.autonvaraosahaku.fi\/index.php?rest_route=\/wp\/v2\/types\/product"}],"wp:attachment":[{"href":"https:\/\/www.autonvaraosahaku.fi\/index.php?rest_route=%2Fwp%2Fv2%2Fmedia&parent=81307"}],"wp:term":[{"taxonomy":"pwb-brand","embeddable":true,"href":"https:\/\/www.autonvaraosahaku.fi\/index.php?rest_route=%2Fwp%2Fv2%2Fpwb-brand&post=81307"},{"taxonomy":"product_cat","embeddable":true,"href":"https:\/\/www.autonvaraosahaku.fi\/index.php?rest_route=%2Fwp%2Fv2%2Fproduct_cat&post=81307"},{"taxonomy":"product_tag","embeddable":true,"href":"https:\/\/www.autonvaraosahaku.fi\/index.php?rest_route=%2Fwp%2Fv2%2Fproduct_tag&post=81307"}],"curies":[{"name":"wp","href":"https:\/\/api.w.org\/{rel}","templated":true}]}}