{"id":81317,"date":"2021-02-21T20:15:59","date_gmt":"2021-02-21T20:15:59","guid":{"rendered":"https:\/\/www.autonvaraosahaku.fi\/?product=stabilus-1942ds-ohjausvaimennin"},"modified":"2021-02-21T20:16:01","modified_gmt":"2021-02-21T20:16:01","slug":"stabilus-1942ds-ohjausvaimennin","status":"publish","type":"product","link":"https:\/\/www.autonvaraosahaku.fi\/?product=stabilus-1942ds-ohjausvaimennin","title":{"rendered":"STABILUS 1942DS Ohjausvaimennin"},"content":{"rendered":"<p>Vetovoima [N]: 195; Ty\u00f6nt\u00f6voima [N]: 195; Pituus (mm): 480; Isku (mm): 170; Tuotelinja: \/\/  STAB-O-SHOC\u00ae; Tarvittava kappalem\u00e4\u00e4r\u00e4: 1; VW: POLO 86C, 80,POLO Coupe 86C, 80,POLO CLASSIC 86C, 80,DERBY 86C, 80,POLO Kasten 86CF; 871425021A; Ohjausiskunvaimennin<\/p>\n","protected":false},"excerpt":{"rendered":"<p>STABILUS Ohjausvaimennin 1942DS Ohjausiskunvaimennin VW,POLO 86C, 80,POLO Coupe 86C, 80,POLO CLASSIC 86C, 80,DERBY 86C, 80,POLO Kasten 86CF<\/p>\n","protected":false},"featured_media":0,"template":"","meta":{"site-sidebar-layout":"default","site-content-layout":"default","ast-global-header-display":"","ast-main-header-display":"","ast-hfb-above-header-display":"","ast-hfb-below-header-display":"","ast-hfb-mobile-header-display":"","site-post-title":"","ast-breadcrumbs-content":"","ast-featured-img":"","footer-sml-layout":"","theme-transparent-header-meta":"","adv-header-id-meta":"","stick-header-meta":"","header-above-stick-meta":"","header-main-stick-meta":"","header-below-stick-meta":""},"pwb-brand":[218],"product_cat":[475],"product_tag":[],"class_list":{"0":"post-81317","1":"product","2":"type-product","3":"status-publish","5":"pwb-brand-stabilus","6":"product_cat-ohjausvaimennin","7":"desktop-align-left","8":"tablet-align-left","9":"mobile-align-left","11":"first","12":"instock","13":"product-type-external"},"brands":[{"id":218,"name":"STABILUS","slug":"stabilus"}],"_links":{"self":[{"href":"https:\/\/www.autonvaraosahaku.fi\/index.php?rest_route=\/wp\/v2\/product\/81317","targetHints":{"allow":["GET"]}}],"collection":[{"href":"https:\/\/www.autonvaraosahaku.fi\/index.php?rest_route=\/wp\/v2\/product"}],"about":[{"href":"https:\/\/www.autonvaraosahaku.fi\/index.php?rest_route=\/wp\/v2\/types\/product"}],"wp:attachment":[{"href":"https:\/\/www.autonvaraosahaku.fi\/index.php?rest_route=%2Fwp%2Fv2%2Fmedia&parent=81317"}],"wp:term":[{"taxonomy":"pwb-brand","embeddable":true,"href":"https:\/\/www.autonvaraosahaku.fi\/index.php?rest_route=%2Fwp%2Fv2%2Fpwb-brand&post=81317"},{"taxonomy":"product_cat","embeddable":true,"href":"https:\/\/www.autonvaraosahaku.fi\/index.php?rest_route=%2Fwp%2Fv2%2Fproduct_cat&post=81317"},{"taxonomy":"product_tag","embeddable":true,"href":"https:\/\/www.autonvaraosahaku.fi\/index.php?rest_route=%2Fwp%2Fv2%2Fproduct_tag&post=81317"}],"curies":[{"name":"wp","href":"https:\/\/api.w.org\/{rel}","templated":true}]}}