{"id":8135,"date":"2021-02-21T14:02:10","date_gmt":"2021-02-21T14:02:10","guid":{"rendered":"https:\/\/www.autonvaraosahaku.fi\/?product=febi-bilstein-44027-jarrulevyt"},"modified":"2021-02-21T14:02:11","modified_gmt":"2021-02-21T14:02:11","slug":"febi-bilstein-44027-jarrulevyt","status":"publish","type":"product","link":"https:\/\/www.autonvaraosahaku.fi\/?product=febi-bilstein-44027-jarrulevyt","title":{"rendered":"FEBI BILSTEIN 44027 Jarrulevyt"},"content":{"rendered":"<p>Jarrulevyn paksuus (mm): 28; Kiinnitysreikien lukum\u00e4\u00e4r\u00e4: 5; Paksuus [mm]: 44,0; Ulkol\u00e4pimitta [mm]: 320,0; Reik\u00e4ympyr\u00e4-\u00d8 [mm]: 114,3; Pinta: pinnoitettu; Jarrulevytyyppi: Tuuletettu, sis\u00e4; Asennuspuoli: Etuakseli; V\u00e4himm\u00e4ispaksuus (mm): 26; Paino [kg]: 9,38; keskitt\u00e4misl\u00e4pimitta [mm]: 68, 68; VIN-koodi: SJN; NISSAN: QASHQAI \/ QASHQAI +2 J10, JJ10,JUKE F15; RENAULT: KOLEOS HY_; 40206ET01A, 40206JY01A, 402069828R, 40206JY01A; Jarrulevy<\/p>\n","protected":false},"excerpt":{"rendered":"<p>FEBI BILSTEIN Jarrulevyt 44027 Jarrulevy NISSAN,RENAULT,QASHQAI \/ QASHQAI +2 J10, JJ10,JUKE F15,KOLEOS HY_<\/p>\n","protected":false},"featured_media":0,"template":"","meta":{"site-sidebar-layout":"default","site-content-layout":"default","ast-global-header-display":"","ast-main-header-display":"","ast-hfb-above-header-display":"","ast-hfb-below-header-display":"","ast-hfb-mobile-header-display":"","site-post-title":"","ast-breadcrumbs-content":"","ast-featured-img":"","footer-sml-layout":"","theme-transparent-header-meta":"","adv-header-id-meta":"","stick-header-meta":"","header-above-stick-meta":"","header-main-stick-meta":"","header-below-stick-meta":""},"pwb-brand":[50],"product_cat":[66],"product_tag":[],"class_list":{"0":"post-8135","1":"product","2":"type-product","3":"status-publish","5":"pwb-brand-febi-bilstein","6":"product_cat-jarrulevyt","7":"desktop-align-left","8":"tablet-align-left","9":"mobile-align-left","11":"first","12":"instock","13":"product-type-external"},"brands":[{"id":50,"name":"FEBI BILSTEIN","slug":"febi-bilstein"}],"_links":{"self":[{"href":"https:\/\/www.autonvaraosahaku.fi\/index.php?rest_route=\/wp\/v2\/product\/8135","targetHints":{"allow":["GET"]}}],"collection":[{"href":"https:\/\/www.autonvaraosahaku.fi\/index.php?rest_route=\/wp\/v2\/product"}],"about":[{"href":"https:\/\/www.autonvaraosahaku.fi\/index.php?rest_route=\/wp\/v2\/types\/product"}],"wp:attachment":[{"href":"https:\/\/www.autonvaraosahaku.fi\/index.php?rest_route=%2Fwp%2Fv2%2Fmedia&parent=8135"}],"wp:term":[{"taxonomy":"pwb-brand","embeddable":true,"href":"https:\/\/www.autonvaraosahaku.fi\/index.php?rest_route=%2Fwp%2Fv2%2Fpwb-brand&post=8135"},{"taxonomy":"product_cat","embeddable":true,"href":"https:\/\/www.autonvaraosahaku.fi\/index.php?rest_route=%2Fwp%2Fv2%2Fproduct_cat&post=8135"},{"taxonomy":"product_tag","embeddable":true,"href":"https:\/\/www.autonvaraosahaku.fi\/index.php?rest_route=%2Fwp%2Fv2%2Fproduct_tag&post=8135"}],"curies":[{"name":"wp","href":"https:\/\/api.w.org\/{rel}","templated":true}]}}