{"id":81359,"date":"2021-02-21T20:16:13","date_gmt":"2021-02-21T20:16:13","guid":{"rendered":"https:\/\/www.autonvaraosahaku.fi\/?product=elring-574-310-kannentiiviste"},"modified":"2021-02-21T20:16:16","modified_gmt":"2021-02-21T20:16:16","slug":"elring-574-310-kannentiiviste","status":"publish","type":"product","link":"https:\/\/www.autonvaraosahaku.fi\/?product=elring-574-310-kannentiiviste","title":{"rendered":"ELRING 574.310 Kannentiiviste"},"content":{"rendered":"<p>Lis\u00e4tarvike\/lis\u00e4tieto: Venttiilivarren tiivisteell\u00e4, Sylinterikannen tiivisteell\u00e4; Lis\u00e4ksi tarvittavat tuotteet (tuotenumero): 374.230; sis\u00e4lt\u00e4\u00e4 useampia tuotteita OE-sarjana (tuote-nro.): 11 12 7 508 545, 11 12 7 508 545; MINI: MINI R50, R53,MINI Cabriolet R52; CHRYSLER: PT CRUISER PT_,NEON II; CHERY: COWIN; 11127508545<\/p>\n","protected":false},"excerpt":{"rendered":"<p>ELRING Tiivistesarja Sylinterikansi 574.310  MINI,CHRYSLER,CHERY,MINI R50, R53,MINI Cabriolet R52,PT CRUISER PT_,NEON II,COWIN<\/p>\n","protected":false},"featured_media":0,"template":"","meta":{"site-sidebar-layout":"default","site-content-layout":"default","ast-global-header-display":"","ast-main-header-display":"","ast-hfb-above-header-display":"","ast-hfb-below-header-display":"","ast-hfb-mobile-header-display":"","site-post-title":"","ast-breadcrumbs-content":"","ast-featured-img":"","footer-sml-layout":"","theme-transparent-header-meta":"","adv-header-id-meta":"","stick-header-meta":"","header-above-stick-meta":"","header-main-stick-meta":"","header-below-stick-meta":""},"pwb-brand":[26],"product_cat":[230],"product_tag":[],"class_list":{"0":"post-81359","1":"product","2":"type-product","3":"status-publish","5":"pwb-brand-elring","6":"product_cat-kannentiiviste","7":"desktop-align-left","8":"tablet-align-left","9":"mobile-align-left","11":"first","12":"instock","13":"product-type-external"},"brands":[{"id":26,"name":"ELRING","slug":"elring"}],"_links":{"self":[{"href":"https:\/\/www.autonvaraosahaku.fi\/index.php?rest_route=\/wp\/v2\/product\/81359","targetHints":{"allow":["GET"]}}],"collection":[{"href":"https:\/\/www.autonvaraosahaku.fi\/index.php?rest_route=\/wp\/v2\/product"}],"about":[{"href":"https:\/\/www.autonvaraosahaku.fi\/index.php?rest_route=\/wp\/v2\/types\/product"}],"wp:attachment":[{"href":"https:\/\/www.autonvaraosahaku.fi\/index.php?rest_route=%2Fwp%2Fv2%2Fmedia&parent=81359"}],"wp:term":[{"taxonomy":"pwb-brand","embeddable":true,"href":"https:\/\/www.autonvaraosahaku.fi\/index.php?rest_route=%2Fwp%2Fv2%2Fpwb-brand&post=81359"},{"taxonomy":"product_cat","embeddable":true,"href":"https:\/\/www.autonvaraosahaku.fi\/index.php?rest_route=%2Fwp%2Fv2%2Fproduct_cat&post=81359"},{"taxonomy":"product_tag","embeddable":true,"href":"https:\/\/www.autonvaraosahaku.fi\/index.php?rest_route=%2Fwp%2Fv2%2Fproduct_tag&post=81359"}],"curies":[{"name":"wp","href":"https:\/\/api.w.org\/{rel}","templated":true}]}}