{"id":81360,"date":"2021-02-21T20:16:13","date_gmt":"2021-02-21T20:16:13","guid":{"rendered":"https:\/\/www.autonvaraosahaku.fi\/?product=elring-009-360-tiivisteet"},"modified":"2021-02-21T20:16:17","modified_gmt":"2021-02-21T20:16:17","slug":"elring-009-360-tiivisteet","status":"publish","type":"product","link":"https:\/\/www.autonvaraosahaku.fi\/?product=elring-009-360-tiivisteet","title":{"rendered":"ELRING 009.360 Tiivisteet"},"content":{"rendered":"<p>Sis\u00e4l\u00e4pimitta [mm]: 72; Ulkol\u00e4pimitta [mm]: 85,4; Korkeus (mm): 18; Akselitiivisteen malli: B; Rihlamalli: Vaihdettava kierre; Materiaali: NBR (nitriili-butadi-kumi); Suojavaippa: Ilman suojakumia; Asennuspuoli: Hinterachse; MERCEDES-BENZ: SL R107,Stufenheck W123,S-CLASS W126,G-CLASS W460,COUPE C123,S-CLASS Coupe C126,G-CLASS W461,KOMBI Kombi S123,SL Coupe C107; PUCH: G-MODELL W 460; 0059971646<\/p>\n","protected":false},"excerpt":{"rendered":"<p>ELRING Akselitiiviste, Py\u00f6r\u00e4n Napa 009.360  MERCEDES-BENZ,PUCH,SL R107,Stufenheck W123,S-CLASS W126,G-CLASS W460,COUPE C123,S-CLASS Coupe C126<\/p>\n","protected":false},"featured_media":0,"template":"","meta":{"site-sidebar-layout":"default","site-content-layout":"default","ast-global-header-display":"","ast-main-header-display":"","ast-hfb-above-header-display":"","ast-hfb-below-header-display":"","ast-hfb-mobile-header-display":"","site-post-title":"","ast-breadcrumbs-content":"","ast-featured-img":"","footer-sml-layout":"","theme-transparent-header-meta":"","adv-header-id-meta":"","stick-header-meta":"","header-above-stick-meta":"","header-main-stick-meta":"","header-below-stick-meta":""},"pwb-brand":[26],"product_cat":[27],"product_tag":[],"class_list":{"0":"post-81360","1":"product","2":"type-product","3":"status-publish","5":"pwb-brand-elring","6":"product_cat-tiivisteet","7":"desktop-align-left","8":"tablet-align-left","9":"mobile-align-left","11":"first","12":"instock","13":"product-type-external"},"brands":[{"id":26,"name":"ELRING","slug":"elring"}],"_links":{"self":[{"href":"https:\/\/www.autonvaraosahaku.fi\/index.php?rest_route=\/wp\/v2\/product\/81360","targetHints":{"allow":["GET"]}}],"collection":[{"href":"https:\/\/www.autonvaraosahaku.fi\/index.php?rest_route=\/wp\/v2\/product"}],"about":[{"href":"https:\/\/www.autonvaraosahaku.fi\/index.php?rest_route=\/wp\/v2\/types\/product"}],"wp:attachment":[{"href":"https:\/\/www.autonvaraosahaku.fi\/index.php?rest_route=%2Fwp%2Fv2%2Fmedia&parent=81360"}],"wp:term":[{"taxonomy":"pwb-brand","embeddable":true,"href":"https:\/\/www.autonvaraosahaku.fi\/index.php?rest_route=%2Fwp%2Fv2%2Fpwb-brand&post=81360"},{"taxonomy":"product_cat","embeddable":true,"href":"https:\/\/www.autonvaraosahaku.fi\/index.php?rest_route=%2Fwp%2Fv2%2Fproduct_cat&post=81360"},{"taxonomy":"product_tag","embeddable":true,"href":"https:\/\/www.autonvaraosahaku.fi\/index.php?rest_route=%2Fwp%2Fv2%2Fproduct_tag&post=81360"}],"curies":[{"name":"wp","href":"https:\/\/api.w.org\/{rel}","templated":true}]}}