{"id":81389,"date":"2021-02-21T20:16:21","date_gmt":"2021-02-21T20:16:21","guid":{"rendered":"https:\/\/www.autonvaraosahaku.fi\/?product=meyle-100-121-1069-jaahdyttimen-letku"},"modified":"2021-02-21T20:16:28","modified_gmt":"2021-02-21T20:16:28","slug":"meyle-100-121-1069-jaahdyttimen-letku","status":"publish","type":"product","link":"https:\/\/www.autonvaraosahaku.fi\/?product=meyle-100-121-1069-jaahdyttimen-letku","title":{"rendered":"MEYLE 100 121 1069 J\u00e4\u00e4hdyttimen letku"},"content":{"rendered":"<p>J\u00e4\u00e4hdytysjohto: j\u00e4\u00e4hdytt\u00e4j\u00e4st\u00e4 vesipumppuun; lis\u00e4tieto: ORIGINAL Quality; AUDI: 80 8C, B4,80 89, 89Q, 8A, B3,CABRIOLET 8G7, B4,100 4A, C4,80 Avant 8C, B4,A6 Avant 4A, C4,A6 4A, C4,COUPE 89, 8B,100 Avant 4A, C4,90 89, 89Q, 8A, B3; 048121053C<\/p>\n","protected":false},"excerpt":{"rendered":"<p>MEYLE J\u00e4\u00e4hdyttimen Letku 100 121 1069  AUDI,80 8C, B4,80 89, 89Q, 8A, B3,CABRIOLET 8G7, B4,100 4A, C4,80 Avant 8C, B4,A6 Avant 4A, C4,A6 4A, C4<\/p>\n","protected":false},"featured_media":0,"template":"","meta":{"site-sidebar-layout":"default","site-content-layout":"default","ast-global-header-display":"","ast-main-header-display":"","ast-hfb-above-header-display":"","ast-hfb-below-header-display":"","ast-hfb-mobile-header-display":"","site-post-title":"","ast-breadcrumbs-content":"","ast-featured-img":"","footer-sml-layout":"","theme-transparent-header-meta":"","adv-header-id-meta":"","stick-header-meta":"","header-above-stick-meta":"","header-main-stick-meta":"","header-below-stick-meta":""},"pwb-brand":[84],"product_cat":[206],"product_tag":[],"class_list":{"0":"post-81389","1":"product","2":"type-product","3":"status-publish","5":"pwb-brand-meyle","6":"product_cat-jaahdyttimen-letku","7":"desktop-align-left","8":"tablet-align-left","9":"mobile-align-left","11":"first","12":"instock","13":"product-type-external"},"brands":[{"id":84,"name":"MEYLE","slug":"meyle"}],"_links":{"self":[{"href":"https:\/\/www.autonvaraosahaku.fi\/index.php?rest_route=\/wp\/v2\/product\/81389","targetHints":{"allow":["GET"]}}],"collection":[{"href":"https:\/\/www.autonvaraosahaku.fi\/index.php?rest_route=\/wp\/v2\/product"}],"about":[{"href":"https:\/\/www.autonvaraosahaku.fi\/index.php?rest_route=\/wp\/v2\/types\/product"}],"wp:attachment":[{"href":"https:\/\/www.autonvaraosahaku.fi\/index.php?rest_route=%2Fwp%2Fv2%2Fmedia&parent=81389"}],"wp:term":[{"taxonomy":"pwb-brand","embeddable":true,"href":"https:\/\/www.autonvaraosahaku.fi\/index.php?rest_route=%2Fwp%2Fv2%2Fpwb-brand&post=81389"},{"taxonomy":"product_cat","embeddable":true,"href":"https:\/\/www.autonvaraosahaku.fi\/index.php?rest_route=%2Fwp%2Fv2%2Fproduct_cat&post=81389"},{"taxonomy":"product_tag","embeddable":true,"href":"https:\/\/www.autonvaraosahaku.fi\/index.php?rest_route=%2Fwp%2Fv2%2Fproduct_tag&post=81389"}],"curies":[{"name":"wp","href":"https:\/\/api.w.org\/{rel}","templated":true}]}}