{"id":81408,"date":"2021-02-21T20:16:29","date_gmt":"2021-02-21T20:16:29","guid":{"rendered":"https:\/\/www.autonvaraosahaku.fi\/?product=febi-bilstein-17819-vetonivelen-suojakumi"},"modified":"2021-02-21T20:16:35","modified_gmt":"2021-02-21T20:16:35","slug":"febi-bilstein-17819-vetonivelen-suojakumi","status":"publish","type":"product","link":"https:\/\/www.autonvaraosahaku.fi\/?product=febi-bilstein-17819-vetonivelen-suojakumi","title":{"rendered":"FEBI BILSTEIN 17819 Vetonivelen suojakumi"},"content":{"rendered":"<p>Pituus (mm): 113; Materiaali: Thermoplast; Asennuspuoli: Etuakseli, Py\u00f6r\u00e4n puoli; Paino [kg]: 0,2; Sis\u00e4l\u00e4pimitta 1 [mm]: 35,5; Sis\u00e4l\u00e4pimitta 2 [mm]: 91, 91; Organisaationumerosta: 07235; CITRO\u00cbN: BERLINGO MF,XSARA PICASSO N68,BERLINGO Kasten M_,C5 I DC_,C5 I Break DE_,XSARA N1,XSARA Break N2,XANTIA X2,XSARA Coupe N0,XANTIA X1,XANTIA Break X2,ZX N2,JUMPY U6U,JUMPY Kasten BS_, BT_, BY_, BZ_,XANTIA Break X1,ZX Break N2,XSARA Kasten,XSARA Kasten\/Schr\u00e4gheck; PEUGEOT: 206 Schr\u00e4gheck 2A\/C,206 CC 2D,307 SW 3H,307 CC 3B,307 3A\/C,207 SW WK_,206 SW 2E\/K,307 Break 3E,306 Schr\u00e4gheck 7A, 7C, N3, N5,306 Cabriolet 7D, N3, N5,406 Break 8E\/F,PARTNER Combispace 5F,PARTNER Kasten 5,406 Coupe 8C,306 Break 7E, N3, N5,406 8B,306 7B, N3, N5,206 Stufenheck,405 I 15B,206 Van,605 6B,405 II 4B,306 Van N_, 7_,405 II Break 4E,405 I Break 15E,PARTNER Pritsche\/Fahrgestell,306 Kasten\/Schr\u00e4gheck; 329303, 329303; Vetoakselin Suojakumi,Paljekumi, Vetoakseli<\/p>\n","protected":false},"excerpt":{"rendered":"<p>FEBI BILSTEIN Vetonivelen Suojakumi 17819 Vetoakselin Suojakumi,Paljekumi, Vetoakseli CITRO\u00cbN,PEUGEOT,BERLINGO MF,XSARA PICASSO N68,BERLINGO Kasten M_<\/p>\n","protected":false},"featured_media":0,"template":"","meta":{"site-sidebar-layout":"default","site-content-layout":"default","ast-global-header-display":"","ast-main-header-display":"","ast-hfb-above-header-display":"","ast-hfb-below-header-display":"","ast-hfb-mobile-header-display":"","site-post-title":"","ast-breadcrumbs-content":"","ast-featured-img":"","footer-sml-layout":"","theme-transparent-header-meta":"","adv-header-id-meta":"","stick-header-meta":"","header-above-stick-meta":"","header-main-stick-meta":"","header-below-stick-meta":""},"pwb-brand":[50],"product_cat":[42],"product_tag":[],"class_list":{"0":"post-81408","1":"product","2":"type-product","3":"status-publish","5":"pwb-brand-febi-bilstein","6":"product_cat-vetonivelen-suojakumi","7":"desktop-align-left","8":"tablet-align-left","9":"mobile-align-left","11":"first","12":"instock","13":"product-type-external"},"brands":[{"id":50,"name":"FEBI BILSTEIN","slug":"febi-bilstein"}],"_links":{"self":[{"href":"https:\/\/www.autonvaraosahaku.fi\/index.php?rest_route=\/wp\/v2\/product\/81408","targetHints":{"allow":["GET"]}}],"collection":[{"href":"https:\/\/www.autonvaraosahaku.fi\/index.php?rest_route=\/wp\/v2\/product"}],"about":[{"href":"https:\/\/www.autonvaraosahaku.fi\/index.php?rest_route=\/wp\/v2\/types\/product"}],"wp:attachment":[{"href":"https:\/\/www.autonvaraosahaku.fi\/index.php?rest_route=%2Fwp%2Fv2%2Fmedia&parent=81408"}],"wp:term":[{"taxonomy":"pwb-brand","embeddable":true,"href":"https:\/\/www.autonvaraosahaku.fi\/index.php?rest_route=%2Fwp%2Fv2%2Fpwb-brand&post=81408"},{"taxonomy":"product_cat","embeddable":true,"href":"https:\/\/www.autonvaraosahaku.fi\/index.php?rest_route=%2Fwp%2Fv2%2Fproduct_cat&post=81408"},{"taxonomy":"product_tag","embeddable":true,"href":"https:\/\/www.autonvaraosahaku.fi\/index.php?rest_route=%2Fwp%2Fv2%2Fproduct_tag&post=81408"}],"curies":[{"name":"wp","href":"https:\/\/api.w.org\/{rel}","templated":true}]}}