{"id":81417,"date":"2021-02-21T20:16:36","date_gmt":"2021-02-21T20:16:36","guid":{"rendered":"https:\/\/www.autonvaraosahaku.fi\/?product=ae-v94402-imuventtiili"},"modified":"2021-02-21T20:16:39","modified_gmt":"2021-02-21T20:16:39","slug":"ae-v94402-imuventtiili","status":"publish","type":"product","link":"https:\/\/www.autonvaraosahaku.fi\/?product=ae-v94402-imuventtiili","title":{"rendered":"AE V94402 Imuventtiili"},"content":{"rendered":"<p>Pituus (mm): 100,000; Materiaali: Kromi-siliciumter\u00e4s; Korvaava tuote\/korvaava tiedote 2: Venttiili-istukka karkaistu, Venttilivarren p\u00e4\u00e4 karkaistu; Venttiililautasen l\u00e4pimitta [mm]: 32,000; Venttiilinvarren l\u00e4pimitta [mm]: 6,000; venttiiliistukan kulma [astetta]: 45; TECDOC-moottorinumero: 18945; BMW: 3 E46,3 Touring E91,3 E90,5 E60,1 E87,3 Touring E46,X3 E83,3 Compact E46,3 Coupe E46,X1 E84,1 E81,3 Coupe E92,3 Cabriolet E46,Z4 E85,3 Cabriolet E93,1 Cabriolet E88,1 Coupe E82; 11341440304<\/p>\n","protected":false},"excerpt":{"rendered":"<p>AE Imuventtiili V94402  BMW,3 E46,3 Touring E91,3 E90,5 E60,1 E87,3 Touring E46,X3 E83,3 Compact E46,3 Coupe E46,X1 E84,1 E81,3 Coupe E92<\/p>\n","protected":false},"featured_media":0,"template":"","meta":{"site-sidebar-layout":"default","site-content-layout":"default","ast-global-header-display":"","ast-main-header-display":"","ast-hfb-above-header-display":"","ast-hfb-below-header-display":"","ast-hfb-mobile-header-display":"","site-post-title":"","ast-breadcrumbs-content":"","ast-featured-img":"","footer-sml-layout":"","theme-transparent-header-meta":"","adv-header-id-meta":"","stick-header-meta":"","header-above-stick-meta":"","header-main-stick-meta":"","header-below-stick-meta":""},"pwb-brand":[190],"product_cat":[274],"product_tag":[],"class_list":{"0":"post-81417","1":"product","2":"type-product","3":"status-publish","5":"pwb-brand-ae","6":"product_cat-imuventtiili","7":"desktop-align-left","8":"tablet-align-left","9":"mobile-align-left","11":"first","12":"instock","13":"product-type-external"},"brands":[{"id":190,"name":"AE","slug":"ae"}],"_links":{"self":[{"href":"https:\/\/www.autonvaraosahaku.fi\/index.php?rest_route=\/wp\/v2\/product\/81417","targetHints":{"allow":["GET"]}}],"collection":[{"href":"https:\/\/www.autonvaraosahaku.fi\/index.php?rest_route=\/wp\/v2\/product"}],"about":[{"href":"https:\/\/www.autonvaraosahaku.fi\/index.php?rest_route=\/wp\/v2\/types\/product"}],"wp:attachment":[{"href":"https:\/\/www.autonvaraosahaku.fi\/index.php?rest_route=%2Fwp%2Fv2%2Fmedia&parent=81417"}],"wp:term":[{"taxonomy":"pwb-brand","embeddable":true,"href":"https:\/\/www.autonvaraosahaku.fi\/index.php?rest_route=%2Fwp%2Fv2%2Fpwb-brand&post=81417"},{"taxonomy":"product_cat","embeddable":true,"href":"https:\/\/www.autonvaraosahaku.fi\/index.php?rest_route=%2Fwp%2Fv2%2Fproduct_cat&post=81417"},{"taxonomy":"product_tag","embeddable":true,"href":"https:\/\/www.autonvaraosahaku.fi\/index.php?rest_route=%2Fwp%2Fv2%2Fproduct_tag&post=81417"}],"curies":[{"name":"wp","href":"https:\/\/api.w.org\/{rel}","templated":true}]}}