{"id":81437,"date":"2021-02-21T20:16:44","date_gmt":"2021-02-21T20:16:44","guid":{"rendered":"https:\/\/www.autonvaraosahaku.fi\/?product=optimal-802646-pyoranlaakerit"},"modified":"2021-02-21T20:16:46","modified_gmt":"2021-02-21T20:16:46","slug":"optimal-802646-pyoranlaakerit","status":"publish","type":"product","link":"https:\/\/www.autonvaraosahaku.fi\/?product=optimal-802646-pyoranlaakerit","title":{"rendered":"OPTIMAL 802646 Py\u00f6r\u00e4nlaakerit"},"content":{"rendered":"<p>Asennuspuoli: Oikea, Vasen, Taka-akseli; Leveys (mm): 25; Sis\u00e4l\u00e4pimitta [mm]: 35; Ulkol\u00e4pimitta [mm]: 72; Leveys 2 (mm): 17; Valmistusvuosi alkaen: 01\/1973; ALFA ROMEO: SPIDER 115,SPIDER 105,GIULIA,GT,1750-2000,MONTREAL,GIULIA GT,GTA Coupe; 135632007, 544040, 60537081, 60547722; Py\u00f6r\u00e4nlaakerisarja<\/p>\n","protected":false},"excerpt":{"rendered":"<p>OPTIMAL Py\u00f6r\u00e4nlaakerit 802646 Py\u00f6r\u00e4nlaakerisarja ALFA ROMEO,SPIDER 115,SPIDER 105,GIULIA,GT,1750-2000,MONTREAL,GIULIA GT,GTA Coupe<\/p>\n","protected":false},"featured_media":0,"template":"","meta":{"site-sidebar-layout":"default","site-content-layout":"default","ast-global-header-display":"","ast-main-header-display":"","ast-hfb-above-header-display":"","ast-hfb-below-header-display":"","ast-hfb-mobile-header-display":"","site-post-title":"","ast-breadcrumbs-content":"","ast-featured-img":"","footer-sml-layout":"","theme-transparent-header-meta":"","adv-header-id-meta":"","stick-header-meta":"","header-above-stick-meta":"","header-main-stick-meta":"","header-below-stick-meta":""},"pwb-brand":[307],"product_cat":[83],"product_tag":[],"class_list":{"0":"post-81437","1":"product","2":"type-product","3":"status-publish","5":"pwb-brand-optimal","6":"product_cat-pyoranlaakerit","7":"desktop-align-left","8":"tablet-align-left","9":"mobile-align-left","11":"first","12":"instock","13":"product-type-external"},"brands":[{"id":307,"name":"OPTIMAL","slug":"optimal"}],"_links":{"self":[{"href":"https:\/\/www.autonvaraosahaku.fi\/index.php?rest_route=\/wp\/v2\/product\/81437","targetHints":{"allow":["GET"]}}],"collection":[{"href":"https:\/\/www.autonvaraosahaku.fi\/index.php?rest_route=\/wp\/v2\/product"}],"about":[{"href":"https:\/\/www.autonvaraosahaku.fi\/index.php?rest_route=\/wp\/v2\/types\/product"}],"wp:attachment":[{"href":"https:\/\/www.autonvaraosahaku.fi\/index.php?rest_route=%2Fwp%2Fv2%2Fmedia&parent=81437"}],"wp:term":[{"taxonomy":"pwb-brand","embeddable":true,"href":"https:\/\/www.autonvaraosahaku.fi\/index.php?rest_route=%2Fwp%2Fv2%2Fpwb-brand&post=81437"},{"taxonomy":"product_cat","embeddable":true,"href":"https:\/\/www.autonvaraosahaku.fi\/index.php?rest_route=%2Fwp%2Fv2%2Fproduct_cat&post=81437"},{"taxonomy":"product_tag","embeddable":true,"href":"https:\/\/www.autonvaraosahaku.fi\/index.php?rest_route=%2Fwp%2Fv2%2Fproduct_tag&post=81437"}],"curies":[{"name":"wp","href":"https:\/\/api.w.org\/{rel}","templated":true}]}}