{"id":81438,"date":"2021-02-21T20:16:44","date_gmt":"2021-02-21T20:16:44","guid":{"rendered":"https:\/\/www.autonvaraosahaku.fi\/?product=corteco-19034925-venttiilinvarren-kumit"},"modified":"2021-02-21T20:16:47","modified_gmt":"2021-02-21T20:16:47","slug":"corteco-19034925-venttiilinvarren-kumit","status":"publish","type":"product","link":"https:\/\/www.autonvaraosahaku.fi\/?product=corteco-19034925-venttiilinvarren-kumit","title":{"rendered":"CORTECO 19034925 Venttiilinvarren kumit"},"content":{"rendered":"<p>Sis\u00e4l\u00e4pimitta 1 [mm]: 6; Ulkol\u00e4pimitta 1 [mm]: 11; Materiaali: FPM (fluori-kumi); Korkeus 1 (mm): 6,5; Korkeus 2 (mm): 10,7; Moottorinumero: 4G93; KIA: CEE&#8217;D Schr\u00e4gheck ED,SPORTAGE JE_, KM_,CERATO LD,CERATO Stufenheck LD; HYUNDAI: ACCENT II LC,ACCENT II Stufenheck LC; VOLVO: V40 Kombi VW,S40 I VS; MITSUBISHI: SPACE STAR DG_A,OUTLANDER XL II CW_W,CARISMA DA_,GRANDIS NA_W,COLT V CJ_, CP_,OUTLANDER I CU_W,LANCER Kombi CS_W,PAJERO PININ H6_W, H7_W,CARISMA Stufenheck DA_,PAJERO III V7_W, V6_W,GALANT VI Station Wagon EA_,GALANT VI EA_,PAJERO IV V8_W, V9_W,SPACE WAGON N9_W, N8_W,L 200 K7_T, K6_T,L 200 KB_T, KA_T,PAJERO II V3_W, V2_W, V4_W,LANCER Stufenheck CS_A, CT0,L 300 Bus P0_W, P1_W, P2_W,PAJERO SPORT K90,COLT IV CA_A,SPACE RUNNER N6_W,PAJERO CLASSIC V2_W,SPACE RUNNER N1_W, N2_W,L 400 \/ SPACE GEAR Bus PD_W, PC_W, PA_V, PB_V,LANCER VI CJ-CP_,LANCER V Station Wagon CB_W, CD_W,LANCER V CB\/D_A,SPACE WAGON N3_W, N4_W,LANCER IV C6_A, C7_A,PAJERO III Gel\u00e4ndewagen offen V6_W, V7_W,GALANT V Stufenheck E5_A, E7_A, E8_A,GALANT V E5_A, E7_A, E8_A,PAJERO II Canvas Top V2_W, V4_W,ECLIPSE IV DK_A,SANTAMO,GALANT Stufenheck DJ_, ED_, EF_,L 300 Pritsche\/Fahrgestell P1_T,ECLIPSE IV Cabriolet; ISUZU: GEMINI JT; MD184303, MD307342, 9091302095, 30874486<\/p>\n","protected":false},"excerpt":{"rendered":"<p>CORTECO Tiiviste, Venttiilivarsi 19034925  KIA,HYUNDAI,VOLVO,CEE&#8217;D Schr\u00e4gheck ED,SPORTAGE JE_, KM_,CERATO LD,CERATO Stufenheck LD,ACCENT II LC<\/p>\n","protected":false},"featured_media":0,"template":"","meta":{"site-sidebar-layout":"default","site-content-layout":"default","ast-global-header-display":"","ast-main-header-display":"","ast-hfb-above-header-display":"","ast-hfb-below-header-display":"","ast-hfb-mobile-header-display":"","site-post-title":"","ast-breadcrumbs-content":"","ast-featured-img":"","footer-sml-layout":"","theme-transparent-header-meta":"","adv-header-id-meta":"","stick-header-meta":"","header-above-stick-meta":"","header-main-stick-meta":"","header-below-stick-meta":""},"pwb-brand":[53],"product_cat":[170],"product_tag":[],"class_list":{"0":"post-81438","1":"product","2":"type-product","3":"status-publish","5":"pwb-brand-corteco","6":"product_cat-venttiilinvarren-kumit","7":"desktop-align-left","8":"tablet-align-left","9":"mobile-align-left","11":"first","12":"instock","13":"product-type-external"},"brands":[{"id":53,"name":"CORTECO","slug":"corteco"}],"_links":{"self":[{"href":"https:\/\/www.autonvaraosahaku.fi\/index.php?rest_route=\/wp\/v2\/product\/81438","targetHints":{"allow":["GET"]}}],"collection":[{"href":"https:\/\/www.autonvaraosahaku.fi\/index.php?rest_route=\/wp\/v2\/product"}],"about":[{"href":"https:\/\/www.autonvaraosahaku.fi\/index.php?rest_route=\/wp\/v2\/types\/product"}],"wp:attachment":[{"href":"https:\/\/www.autonvaraosahaku.fi\/index.php?rest_route=%2Fwp%2Fv2%2Fmedia&parent=81438"}],"wp:term":[{"taxonomy":"pwb-brand","embeddable":true,"href":"https:\/\/www.autonvaraosahaku.fi\/index.php?rest_route=%2Fwp%2Fv2%2Fpwb-brand&post=81438"},{"taxonomy":"product_cat","embeddable":true,"href":"https:\/\/www.autonvaraosahaku.fi\/index.php?rest_route=%2Fwp%2Fv2%2Fproduct_cat&post=81438"},{"taxonomy":"product_tag","embeddable":true,"href":"https:\/\/www.autonvaraosahaku.fi\/index.php?rest_route=%2Fwp%2Fv2%2Fproduct_tag&post=81438"}],"curies":[{"name":"wp","href":"https:\/\/api.w.org\/{rel}","templated":true}]}}