{"id":8144,"date":"2021-02-21T14:02:13","date_gmt":"2021-02-21T14:02:13","guid":{"rendered":"https:\/\/www.autonvaraosahaku.fi\/?product=ate-24-0133-0101-1-jarrulevyt"},"modified":"2021-02-21T14:02:14","modified_gmt":"2021-02-21T14:02:14","slug":"ate-24-0133-0101-1-jarrulevyt","status":"publish","type":"product","link":"https:\/\/www.autonvaraosahaku.fi\/?product=ate-24-0133-0101-1-jarrulevyt","title":{"rendered":"ATE 24.0133-0101.1 Jarrulevyt"},"content":{"rendered":"<p>Ulkol\u00e4pimitta [mm]: 288,0; Jarrulevyn paksuus (mm): 33,0; V\u00e4himm\u00e4ispaksuus (mm): 30,0; Jarrulevytyyppi: Tuuletettu; K\u00e4sittely: Seostettu \/ hiilletty; Pinta: pinnoitettu; Reikien m\u00e4\u00e4r\u00e4: 5; Reik\u00e4ympyr\u00e4-\u00d8 [mm]: 111,0; Korkeus (mm): 55,3; keskitt\u00e4misl\u00e4pimitta [mm]: 93,1; Sis\u00e4l\u00e4pimitta [mm]: 136,0; Kierremitta: M10x1,5; Korvaava tuote\/korvaava tiedote 2: Ruuveilla; MAPP-koodi saatavilla: ; Tarkistuskilpi: E1 90R-02C0115\/0646; Valmistusvuosi alkaen: 05\/2012; FORD: TRANSIT CUSTOM Kasten,TOURNEO CUSTOM Bus,TRANSIT CUSTOM Bus,TRANSIT Custom  Bus,TRANSIT Custom Pritsche\/Fahrgestell; 1763885, 1842994, BK211125BB, BK211125BC; Jarrulevy<\/p>\n","protected":false},"excerpt":{"rendered":"<p>ATE Jarrulevyt 24.0133-0101.1 Jarrulevy FORD,TRANSIT CUSTOM Kasten,TOURNEO CUSTOM Bus,TRANSIT CUSTOM Bus,TRANSIT Custom  Bus<\/p>\n","protected":false},"featured_media":0,"template":"","meta":{"site-sidebar-layout":"default","site-content-layout":"default","ast-global-header-display":"","ast-main-header-display":"","ast-hfb-above-header-display":"","ast-hfb-below-header-display":"","ast-hfb-mobile-header-display":"","site-post-title":"","ast-breadcrumbs-content":"","ast-featured-img":"","footer-sml-layout":"","theme-transparent-header-meta":"","adv-header-id-meta":"","stick-header-meta":"","header-above-stick-meta":"","header-main-stick-meta":"","header-below-stick-meta":""},"pwb-brand":[108],"product_cat":[66],"product_tag":[],"class_list":{"0":"post-8144","1":"product","2":"type-product","3":"status-publish","5":"pwb-brand-ate","6":"product_cat-jarrulevyt","7":"desktop-align-left","8":"tablet-align-left","9":"mobile-align-left","11":"first","12":"instock","13":"product-type-external"},"brands":[{"id":108,"name":"ATE","slug":"ate"}],"_links":{"self":[{"href":"https:\/\/www.autonvaraosahaku.fi\/index.php?rest_route=\/wp\/v2\/product\/8144","targetHints":{"allow":["GET"]}}],"collection":[{"href":"https:\/\/www.autonvaraosahaku.fi\/index.php?rest_route=\/wp\/v2\/product"}],"about":[{"href":"https:\/\/www.autonvaraosahaku.fi\/index.php?rest_route=\/wp\/v2\/types\/product"}],"wp:attachment":[{"href":"https:\/\/www.autonvaraosahaku.fi\/index.php?rest_route=%2Fwp%2Fv2%2Fmedia&parent=8144"}],"wp:term":[{"taxonomy":"pwb-brand","embeddable":true,"href":"https:\/\/www.autonvaraosahaku.fi\/index.php?rest_route=%2Fwp%2Fv2%2Fpwb-brand&post=8144"},{"taxonomy":"product_cat","embeddable":true,"href":"https:\/\/www.autonvaraosahaku.fi\/index.php?rest_route=%2Fwp%2Fv2%2Fproduct_cat&post=8144"},{"taxonomy":"product_tag","embeddable":true,"href":"https:\/\/www.autonvaraosahaku.fi\/index.php?rest_route=%2Fwp%2Fv2%2Fproduct_tag&post=8144"}],"curies":[{"name":"wp","href":"https:\/\/api.w.org\/{rel}","templated":true}]}}