{"id":81440,"date":"2021-02-21T20:16:44","date_gmt":"2021-02-21T20:16:44","guid":{"rendered":"https:\/\/www.autonvaraosahaku.fi\/?product=denso-dma-0114-ilmamassamittari"},"modified":"2021-02-21T20:16:47","modified_gmt":"2021-02-21T20:16:47","slug":"denso-dma-0114-ilmamassamittari","status":"publish","type":"product","link":"https:\/\/www.autonvaraosahaku.fi\/?product=denso-dma-0114-ilmamassamittari","title":{"rendered":"DENSO DMA-0114 Ilmamassamittari"},"content":{"rendered":"<p>Laatu: OE; K\u00e4ytt\u00f6: S\u00e4hk\u00f6inen; Napojen m\u00e4\u00e4r\u00e4: 5; Alustanumerosta: 031303; MAZDA: 3 BK,CX-7 ER,6 GG,3 Stufenheck BK; SUBARU: FORESTER SG,FORESTER SF,IMPREZA Stufenheck GD,LEGACY IV Station Wagon BL, BP, B13_,IMPREZA Station Wagon GG,LEGACY IV BL, BP; JAGUAR: S-TYPE CCX,XJ X350, X358,XJ NAW, NBW,XK 8 Convertible QDV,XK 8 Coupe QEV,XK Coupe QQ6_, _J43_,XK Cabriolet _J43_; 2W9312B579AB, 2W9312B579AC, C2C7636, LNE1620CA, LNE1620CB, L3K913215, 22680AA310, 2220446020; Ilmam\u00e4\u00e4r\u00e4mittari,MAF Anturi<\/p>\n","protected":false},"excerpt":{"rendered":"<p>DENSO Ilmamassamittari DMA-0114 Ilmam\u00e4\u00e4r\u00e4mittari,MAF Anturi MAZDA,SUBARU,JAGUAR,3 BK,CX-7 ER,6 GG,3 Stufenheck BK,FORESTER SG,FORESTER SF<\/p>\n","protected":false},"featured_media":0,"template":"","meta":{"site-sidebar-layout":"default","site-content-layout":"default","ast-global-header-display":"","ast-main-header-display":"","ast-hfb-above-header-display":"","ast-hfb-below-header-display":"","ast-hfb-mobile-header-display":"","site-post-title":"","ast-breadcrumbs-content":"","ast-featured-img":"","footer-sml-layout":"","theme-transparent-header-meta":"","adv-header-id-meta":"","stick-header-meta":"","header-above-stick-meta":"","header-main-stick-meta":"","header-below-stick-meta":""},"pwb-brand":[278],"product_cat":[270],"product_tag":[],"class_list":{"0":"post-81440","1":"product","2":"type-product","3":"status-publish","5":"pwb-brand-denso","6":"product_cat-ilmamassamittari","7":"desktop-align-left","8":"tablet-align-left","9":"mobile-align-left","11":"first","12":"instock","13":"product-type-external"},"brands":[{"id":278,"name":"DENSO","slug":"denso"}],"_links":{"self":[{"href":"https:\/\/www.autonvaraosahaku.fi\/index.php?rest_route=\/wp\/v2\/product\/81440","targetHints":{"allow":["GET"]}}],"collection":[{"href":"https:\/\/www.autonvaraosahaku.fi\/index.php?rest_route=\/wp\/v2\/product"}],"about":[{"href":"https:\/\/www.autonvaraosahaku.fi\/index.php?rest_route=\/wp\/v2\/types\/product"}],"wp:attachment":[{"href":"https:\/\/www.autonvaraosahaku.fi\/index.php?rest_route=%2Fwp%2Fv2%2Fmedia&parent=81440"}],"wp:term":[{"taxonomy":"pwb-brand","embeddable":true,"href":"https:\/\/www.autonvaraosahaku.fi\/index.php?rest_route=%2Fwp%2Fv2%2Fpwb-brand&post=81440"},{"taxonomy":"product_cat","embeddable":true,"href":"https:\/\/www.autonvaraosahaku.fi\/index.php?rest_route=%2Fwp%2Fv2%2Fproduct_cat&post=81440"},{"taxonomy":"product_tag","embeddable":true,"href":"https:\/\/www.autonvaraosahaku.fi\/index.php?rest_route=%2Fwp%2Fv2%2Fproduct_tag&post=81440"}],"curies":[{"name":"wp","href":"https:\/\/api.w.org\/{rel}","templated":true}]}}