{"id":81442,"date":"2021-02-21T20:16:44","date_gmt":"2021-02-21T20:16:44","guid":{"rendered":"https:\/\/www.autonvaraosahaku.fi\/?product=corteco-19027911b-tiivisteet"},"modified":"2021-02-21T20:16:48","modified_gmt":"2021-02-21T20:16:48","slug":"corteco-19027911b-tiivisteet","status":"publish","type":"product","link":"https:\/\/www.autonvaraosahaku.fi\/?product=corteco-19027911b-tiivisteet","title":{"rendered":"CORTECO 19027911B Tiivisteet"},"content":{"rendered":"<p>Sis\u00e4l\u00e4pimitta 1 [mm]: 42; Ulkol\u00e4pimitta 1 [mm]: 76; Korkeus 1 (mm): 12; Korkeus 2 (mm): 21,3; Materiaali: ACM (polyakryyli-kautsu); Rihlamalli: Oikea kierre; Asennuspuoli: Hinterachse; FORD: MAVERICK UDS, UNS; NISSAN: TERRANO II R20,PATROL GR II Wagon Y61,PICK UP D22,NAVARA D22,PATHFINDER R50,PATROL GR I Y60, GR,TERRANO I WD21,NP300,NAVARA Pritsche\/Fahrgestell D22,NAVARA Pick-up D21,TERRANO Van R20,PATROL II Pritsche\/Fahrgestell Y61,URVAN Bus E24,CABSTAR E Pick-up US,URVAN Kasten E24,PATHFINDER,PATROL Pick-up,CABSTAR Pritsche\/Fahrgestell F22, H40; INFINITI: QX4; 1956140, 38189C7021, 38189C7023, 38189C7123, 38189C7021, 38189C7023, 38189C7123, 5001871100<\/p>\n","protected":false},"excerpt":{"rendered":"<p>CORTECO Akselitiiviste, Tasauspy\u00f6r\u00e4st\u00f6 19027911B  FORD,NISSAN,INFINITI,MAVERICK UDS, UNS,TERRANO II R20,PATROL GR II Wagon Y61,PICK UP D22,NAVARA D22<\/p>\n","protected":false},"featured_media":0,"template":"","meta":{"site-sidebar-layout":"default","site-content-layout":"default","ast-global-header-display":"","ast-main-header-display":"","ast-hfb-above-header-display":"","ast-hfb-below-header-display":"","ast-hfb-mobile-header-display":"","site-post-title":"","ast-breadcrumbs-content":"","ast-featured-img":"","footer-sml-layout":"","theme-transparent-header-meta":"","adv-header-id-meta":"","stick-header-meta":"","header-above-stick-meta":"","header-main-stick-meta":"","header-below-stick-meta":""},"pwb-brand":[53],"product_cat":[27],"product_tag":[],"class_list":{"0":"post-81442","1":"product","2":"type-product","3":"status-publish","5":"pwb-brand-corteco","6":"product_cat-tiivisteet","7":"desktop-align-left","8":"tablet-align-left","9":"mobile-align-left","11":"first","12":"instock","13":"product-type-external"},"brands":[{"id":53,"name":"CORTECO","slug":"corteco"}],"_links":{"self":[{"href":"https:\/\/www.autonvaraosahaku.fi\/index.php?rest_route=\/wp\/v2\/product\/81442","targetHints":{"allow":["GET"]}}],"collection":[{"href":"https:\/\/www.autonvaraosahaku.fi\/index.php?rest_route=\/wp\/v2\/product"}],"about":[{"href":"https:\/\/www.autonvaraosahaku.fi\/index.php?rest_route=\/wp\/v2\/types\/product"}],"wp:attachment":[{"href":"https:\/\/www.autonvaraosahaku.fi\/index.php?rest_route=%2Fwp%2Fv2%2Fmedia&parent=81442"}],"wp:term":[{"taxonomy":"pwb-brand","embeddable":true,"href":"https:\/\/www.autonvaraosahaku.fi\/index.php?rest_route=%2Fwp%2Fv2%2Fpwb-brand&post=81442"},{"taxonomy":"product_cat","embeddable":true,"href":"https:\/\/www.autonvaraosahaku.fi\/index.php?rest_route=%2Fwp%2Fv2%2Fproduct_cat&post=81442"},{"taxonomy":"product_tag","embeddable":true,"href":"https:\/\/www.autonvaraosahaku.fi\/index.php?rest_route=%2Fwp%2Fv2%2Fproduct_tag&post=81442"}],"curies":[{"name":"wp","href":"https:\/\/api.w.org\/{rel}","templated":true}]}}