{"id":81457,"date":"2021-02-21T20:16:51","date_gmt":"2021-02-21T20:16:51","guid":{"rendered":"https:\/\/www.autonvaraosahaku.fi\/?product=corteco-12019250b-kampiakselin-tiiviste"},"modified":"2021-02-21T20:16:54","modified_gmt":"2021-02-21T20:16:54","slug":"corteco-12019250b-kampiakselin-tiiviste","status":"publish","type":"product","link":"https:\/\/www.autonvaraosahaku.fi\/?product=corteco-12019250b-kampiakselin-tiiviste","title":{"rendered":"CORTECO 12019250B Kampiakselin tiiviste"},"content":{"rendered":"<p>Asennuspuoli: Etup\u00e4\u00e4; Sis\u00e4l\u00e4pimitta 1 [mm]: 40; Ulkol\u00e4pimitta 1 [mm]: 52; Korkeus 1 (mm): 7; Materiaali: FPM (fluori-kumi); Rihlamalli: Oikea kierre; Suojavaippa: Suojakumilla; Moottorinumero: A13DTE; VW: L 80; MERCEDES-BENZ: CONECTO (O 345),SK,TOURINO (O 510); BMW: 3 E30,3 E21; OPEL: CORSA D,CORSA C F08, F68,ASTRA H Caravan L35,MERIVA,ASTRA H L48,ASTRA J Sports Tourer,VECTRA C Caravan,ASTRA J,ASTRA H GTC L08,MERIVA B,AGILA A H00,TIGRA TwinTop,ASTRA F Caravan 51_, 52_,COMBO Kasten\/Kombi,COMBO Tour,AGILA B H08,ASTRA J Stufenheck,CORSA D Van,CORSA C Kasten F08, W5L,ASTRA H Stufenheck L69,ASTRA H Kasten L70,COMBO Tour X12; FIAT: GRANDE PUNTO 199,PUNTO 188,PANDA 169,500 312,PUNTO EVO 199,DOBLO Cargo 223,500 C 312,DOBLO 119,DOBLO Kasten\/Kombi 263,PANDA Van 169,PUNTO 199,IDEA,PANDA 312,STRADA Pick-up 178E,QUBO 225,500L,DOBLO Gro\u00dfraumlimousine 152, 263,PUNTO Van 188AX,ULYSSE 220,FIORINO Kasten\/Kombi 225,LINEA 323,PUNTO Van 199,DOBLO Pritsche\/Fahrgestell 263,STRADA Pick-up 578_,500X,SIENA 178_; PEUGEOT: BIPPER AA_,BIPPER Tepee,305 II Break 581E; NISSAN: NV200 EVALIA,TIIDA Schr\u00e4gheck,CUBE Z12,TIIDA Stufenheck SC11X; VOLVO: FLC; SUZUKI: SWIFT III MZ, EZ,SWIFT IV FZ, NZ,WAGON R+ MM,SPLASH,IGNIS II; ALFA ROMEO: MITO 955; 55186757, 100CP5143, 1447221, FBU5115, 55186757, 55186757, 81965030431, 646089, 646910, 5001856970, 1611485E00, 646910, 85103232; Akselitiiviste, Kampiakseli<\/p>\n","protected":false},"excerpt":{"rendered":"<p>CORTECO Kampiakselin Tiiviste 12019250B Akselitiiviste, Kampiakseli VW,MERCEDES-BENZ,BMW,L 80,CONECTO (O 345),SK,TOURINO (O 510),3 E30,3 E21,CORSA D<\/p>\n","protected":false},"featured_media":0,"template":"","meta":{"site-sidebar-layout":"default","site-content-layout":"default","ast-global-header-display":"","ast-main-header-display":"","ast-hfb-above-header-display":"","ast-hfb-below-header-display":"","ast-hfb-mobile-header-display":"","site-post-title":"","ast-breadcrumbs-content":"","ast-featured-img":"","footer-sml-layout":"","theme-transparent-header-meta":"","adv-header-id-meta":"","stick-header-meta":"","header-above-stick-meta":"","header-main-stick-meta":"","header-below-stick-meta":""},"pwb-brand":[53],"product_cat":[88],"product_tag":[],"class_list":{"0":"post-81457","1":"product","2":"type-product","3":"status-publish","5":"pwb-brand-corteco","6":"product_cat-kampiakselin-tiiviste","7":"desktop-align-left","8":"tablet-align-left","9":"mobile-align-left","11":"first","12":"instock","13":"product-type-external"},"brands":[{"id":53,"name":"CORTECO","slug":"corteco"}],"_links":{"self":[{"href":"https:\/\/www.autonvaraosahaku.fi\/index.php?rest_route=\/wp\/v2\/product\/81457","targetHints":{"allow":["GET"]}}],"collection":[{"href":"https:\/\/www.autonvaraosahaku.fi\/index.php?rest_route=\/wp\/v2\/product"}],"about":[{"href":"https:\/\/www.autonvaraosahaku.fi\/index.php?rest_route=\/wp\/v2\/types\/product"}],"wp:attachment":[{"href":"https:\/\/www.autonvaraosahaku.fi\/index.php?rest_route=%2Fwp%2Fv2%2Fmedia&parent=81457"}],"wp:term":[{"taxonomy":"pwb-brand","embeddable":true,"href":"https:\/\/www.autonvaraosahaku.fi\/index.php?rest_route=%2Fwp%2Fv2%2Fpwb-brand&post=81457"},{"taxonomy":"product_cat","embeddable":true,"href":"https:\/\/www.autonvaraosahaku.fi\/index.php?rest_route=%2Fwp%2Fv2%2Fproduct_cat&post=81457"},{"taxonomy":"product_tag","embeddable":true,"href":"https:\/\/www.autonvaraosahaku.fi\/index.php?rest_route=%2Fwp%2Fv2%2Fproduct_tag&post=81457"}],"curies":[{"name":"wp","href":"https:\/\/api.w.org\/{rel}","templated":true}]}}