{"id":81495,"date":"2021-02-21T20:17:08","date_gmt":"2021-02-21T20:17:08","guid":{"rendered":"https:\/\/www.autonvaraosahaku.fi\/?product=mapco-91705-konepellin-kaasujousi"},"modified":"2021-02-21T20:17:10","modified_gmt":"2021-02-21T20:17:10","slug":"mapco-91705-konepellin-kaasujousi","status":"publish","type":"product","link":"https:\/\/www.autonvaraosahaku.fi\/?product=mapco-91705-konepellin-kaasujousi","title":{"rendered":"MAPCO 91705 Konepellin kaasujousi"},"content":{"rendered":"<p>Ty\u00f6nt\u00f6voima [N]: 310; Pituus (mm): 650; Isku (mm): 270; L\u00e4pimitta 1 [mm]: 8; Kopan l\u00e4pimitta (mm): 18; Vaihdettava pareittain: ; OPEL: VECTRA C Caravan,SIGNUM,VECTRA C,VECTRA C GTS; CADILLAC: SRX GMT265; 24454473; Kaasujousi, Konepelti<\/p>\n","protected":false},"excerpt":{"rendered":"<p>MAPCO Konepellin Kaasujousi 91705 Kaasujousi, Konepelti OPEL,CADILLAC,VECTRA C Caravan,SIGNUM,VECTRA C,VECTRA C GTS,SRX GMT265<\/p>\n","protected":false},"featured_media":0,"template":"","meta":{"site-sidebar-layout":"default","site-content-layout":"default","ast-global-header-display":"","ast-main-header-display":"","ast-hfb-above-header-display":"","ast-hfb-below-header-display":"","ast-hfb-mobile-header-display":"","site-post-title":"","ast-breadcrumbs-content":"","ast-featured-img":"","footer-sml-layout":"","theme-transparent-header-meta":"","adv-header-id-meta":"","stick-header-meta":"","header-above-stick-meta":"","header-main-stick-meta":"","header-below-stick-meta":""},"pwb-brand":[36],"product_cat":[194],"product_tag":[],"class_list":{"0":"post-81495","1":"product","2":"type-product","3":"status-publish","5":"pwb-brand-mapco","6":"product_cat-konepellin-kaasujousi","7":"desktop-align-left","8":"tablet-align-left","9":"mobile-align-left","11":"first","12":"instock","13":"product-type-external"},"brands":[{"id":36,"name":"MAPCO","slug":"mapco"}],"_links":{"self":[{"href":"https:\/\/www.autonvaraosahaku.fi\/index.php?rest_route=\/wp\/v2\/product\/81495","targetHints":{"allow":["GET"]}}],"collection":[{"href":"https:\/\/www.autonvaraosahaku.fi\/index.php?rest_route=\/wp\/v2\/product"}],"about":[{"href":"https:\/\/www.autonvaraosahaku.fi\/index.php?rest_route=\/wp\/v2\/types\/product"}],"wp:attachment":[{"href":"https:\/\/www.autonvaraosahaku.fi\/index.php?rest_route=%2Fwp%2Fv2%2Fmedia&parent=81495"}],"wp:term":[{"taxonomy":"pwb-brand","embeddable":true,"href":"https:\/\/www.autonvaraosahaku.fi\/index.php?rest_route=%2Fwp%2Fv2%2Fpwb-brand&post=81495"},{"taxonomy":"product_cat","embeddable":true,"href":"https:\/\/www.autonvaraosahaku.fi\/index.php?rest_route=%2Fwp%2Fv2%2Fproduct_cat&post=81495"},{"taxonomy":"product_tag","embeddable":true,"href":"https:\/\/www.autonvaraosahaku.fi\/index.php?rest_route=%2Fwp%2Fv2%2Fproduct_tag&post=81495"}],"curies":[{"name":"wp","href":"https:\/\/api.w.org\/{rel}","templated":true}]}}