{"id":8152,"date":"2021-02-21T14:02:13","date_gmt":"2021-02-21T14:02:13","guid":{"rendered":"https:\/\/www.autonvaraosahaku.fi\/?product=topran-502-798-anturit-sensorit"},"modified":"2021-02-21T14:02:14","modified_gmt":"2021-02-21T14:02:14","slug":"topran-502-798-anturit-sensorit","status":"publish","type":"product","link":"https:\/\/www.autonvaraosahaku.fi\/?product=topran-502-798-anturit-sensorit","title":{"rendered":"TOPRAN 502 798 Anturit (sensorit)"},"content":{"rendered":"<p>Varusteet: ajoneuvoille ajovalons\u00e4\u00e4d\u00f6ll\u00e4 (automaattisella); OE-numerolle: 3714 6 784 696; Moottorinumero: 750i\/iL; BMW: 3 E46,3 Touring E91,3 E90,5 E39,5 E60,1 E87,5 Touring E61,3 Touring E46,5 Touring E39,3 Compact E46,3 Coupe E46,1 E81,3 Coupe E92,3 Cabriolet E46,7 E38,Z4 E85,3 Cabriolet E93,7 E65, E66, E67,1 Cabriolet E88,1 Coupe E82,6 E63,Z4 Coupe E86,6 Cabriolet E64; 0141444, 1093697, 1093699, 37140141444, 37141093697, 37141093699, 37146778811, 37146784696, 6778811, 6784696<\/p>\n","protected":false},"excerpt":{"rendered":"<p>TOPRAN Sensori, Xenonvalo (Ajovalokorkeuden S\u00e4\u00e4t\u00f6) 502 798  BMW,3 E46,3 Touring E91,3 E90,5 E39,5 E60,1 E87,5 Touring E61,3 Touring E46,5 Touring E39<\/p>\n","protected":false},"featured_media":0,"template":"","meta":{"site-sidebar-layout":"default","site-content-layout":"default","ast-global-header-display":"","ast-main-header-display":"","ast-hfb-above-header-display":"","ast-hfb-below-header-display":"","ast-hfb-mobile-header-display":"","site-post-title":"","ast-breadcrumbs-content":"","ast-featured-img":"","footer-sml-layout":"","theme-transparent-header-meta":"","adv-header-id-meta":"","stick-header-meta":"","header-above-stick-meta":"","header-main-stick-meta":"","header-below-stick-meta":""},"pwb-brand":[18],"product_cat":[98],"product_tag":[],"class_list":{"0":"post-8152","1":"product","2":"type-product","3":"status-publish","5":"pwb-brand-topran","6":"product_cat-anturit-sensorit","7":"desktop-align-left","8":"tablet-align-left","9":"mobile-align-left","11":"first","12":"instock","13":"product-type-external"},"brands":[{"id":18,"name":"TOPRAN","slug":"topran"}],"_links":{"self":[{"href":"https:\/\/www.autonvaraosahaku.fi\/index.php?rest_route=\/wp\/v2\/product\/8152","targetHints":{"allow":["GET"]}}],"collection":[{"href":"https:\/\/www.autonvaraosahaku.fi\/index.php?rest_route=\/wp\/v2\/product"}],"about":[{"href":"https:\/\/www.autonvaraosahaku.fi\/index.php?rest_route=\/wp\/v2\/types\/product"}],"wp:attachment":[{"href":"https:\/\/www.autonvaraosahaku.fi\/index.php?rest_route=%2Fwp%2Fv2%2Fmedia&parent=8152"}],"wp:term":[{"taxonomy":"pwb-brand","embeddable":true,"href":"https:\/\/www.autonvaraosahaku.fi\/index.php?rest_route=%2Fwp%2Fv2%2Fpwb-brand&post=8152"},{"taxonomy":"product_cat","embeddable":true,"href":"https:\/\/www.autonvaraosahaku.fi\/index.php?rest_route=%2Fwp%2Fv2%2Fproduct_cat&post=8152"},{"taxonomy":"product_tag","embeddable":true,"href":"https:\/\/www.autonvaraosahaku.fi\/index.php?rest_route=%2Fwp%2Fv2%2Fproduct_tag&post=8152"}],"curies":[{"name":"wp","href":"https:\/\/api.w.org\/{rel}","templated":true}]}}