{"id":8153,"date":"2021-02-21T14:02:13","date_gmt":"2021-02-21T14:02:13","guid":{"rendered":"https:\/\/www.autonvaraosahaku.fi\/?product=brembo-08-4931-2x-jarrulevyt"},"modified":"2021-02-21T14:02:14","modified_gmt":"2021-02-21T14:02:14","slug":"brembo-08-4931-2x-jarrulevyt","status":"publish","type":"product","link":"https:\/\/www.autonvaraosahaku.fi\/?product=brembo-08-4931-2x-jarrulevyt","title":{"rendered":"BREMBO 08.4931.2X Jarrulevyt"},"content":{"rendered":"<p>Pinta: pinnoitettu; Kiristysmomentti: 85; keskitt\u00e4misl\u00e4pimitta [mm]: 63,6; Reikien m\u00e4\u00e4r\u00e4: 4; V\u00e4himm\u00e4ispaksuus (mm): 9,1; Jarrulevyn paksuus (mm): 10; Jarrulevytyyppi: Reijitetty, Vakiomalli; Korkeus (mm): 33; L\u00e4pimitta [mm]: 252,5; Tuotelinja: XTRA LINE; Tuning: 1; Asennuspuoli: Hinterachse; FORD: FIESTA V JH_, JD_,FIESTA VI,FOCUS Kombi DNW,FOCUS DAW, DBW,FOCUS Stufenheck DFW,SIERRA GBG, GB4,FIESTA VI Van,SCORPIO II GFR, GGR,SIERRA Schr\u00e4gheck GBC, GBG,SIERRA Schr\u00e4gheck GBC,SIERRA Kombi BNG,SIERRA Kombi BNC; 1073756, 1197572, 1323621, 1373781, 1473006, 1514237, 1630149, 1637969, 1659810, 1756882, 1780880, 4083484, 5022666, 5023483, 5030658, 7204066, 7S6Z2C026A, 95GX2A315EA, C1BC2A315AA; Jarrulevy<\/p>\n","protected":false},"excerpt":{"rendered":"<p>BREMBO Jarrulevyt 08.4931.2X Jarrulevy FORD,FIESTA V JH_, JD_,FIESTA VI,FOCUS Kombi DNW,FOCUS DAW, DBW,FOCUS Stufenheck DFW,SIERRA GBG, GB4<\/p>\n","protected":false},"featured_media":0,"template":"","meta":{"site-sidebar-layout":"default","site-content-layout":"default","ast-global-header-display":"","ast-main-header-display":"","ast-hfb-above-header-display":"","ast-hfb-below-header-display":"","ast-hfb-mobile-header-display":"","site-post-title":"","ast-breadcrumbs-content":"","ast-featured-img":"","footer-sml-layout":"","theme-transparent-header-meta":"","adv-header-id-meta":"","stick-header-meta":"","header-above-stick-meta":"","header-main-stick-meta":"","header-below-stick-meta":""},"pwb-brand":[146],"product_cat":[66],"product_tag":[],"class_list":{"0":"post-8153","1":"product","2":"type-product","3":"status-publish","5":"pwb-brand-brembo","6":"product_cat-jarrulevyt","7":"desktop-align-left","8":"tablet-align-left","9":"mobile-align-left","11":"first","12":"instock","13":"product-type-external"},"brands":[{"id":146,"name":"BREMBO","slug":"brembo"}],"_links":{"self":[{"href":"https:\/\/www.autonvaraosahaku.fi\/index.php?rest_route=\/wp\/v2\/product\/8153","targetHints":{"allow":["GET"]}}],"collection":[{"href":"https:\/\/www.autonvaraosahaku.fi\/index.php?rest_route=\/wp\/v2\/product"}],"about":[{"href":"https:\/\/www.autonvaraosahaku.fi\/index.php?rest_route=\/wp\/v2\/types\/product"}],"wp:attachment":[{"href":"https:\/\/www.autonvaraosahaku.fi\/index.php?rest_route=%2Fwp%2Fv2%2Fmedia&parent=8153"}],"wp:term":[{"taxonomy":"pwb-brand","embeddable":true,"href":"https:\/\/www.autonvaraosahaku.fi\/index.php?rest_route=%2Fwp%2Fv2%2Fpwb-brand&post=8153"},{"taxonomy":"product_cat","embeddable":true,"href":"https:\/\/www.autonvaraosahaku.fi\/index.php?rest_route=%2Fwp%2Fv2%2Fproduct_cat&post=8153"},{"taxonomy":"product_tag","embeddable":true,"href":"https:\/\/www.autonvaraosahaku.fi\/index.php?rest_route=%2Fwp%2Fv2%2Fproduct_tag&post=8153"}],"curies":[{"name":"wp","href":"https:\/\/api.w.org\/{rel}","templated":true}]}}