{"id":81540,"date":"2021-02-21T20:17:23","date_gmt":"2021-02-21T20:17:23","guid":{"rendered":"https:\/\/www.autonvaraosahaku.fi\/?product=lpr-7102-kytkin-paasylinteri"},"modified":"2021-02-21T20:17:27","modified_gmt":"2021-02-21T20:17:27","slug":"lpr-7102-kytkin-paasylinteri","status":"publish","type":"product","link":"https:\/\/www.autonvaraosahaku.fi\/?product=lpr-7102-kytkin-paasylinteri","title":{"rendered":"LPR 7102 Kytkin p\u00e4\u00e4sylinteri"},"content":{"rendered":"<p>Jarruj\u00e4rjestelm\u00e4: Bendix; Materiaali: Valurauta; Reik\u00e4-\u00d8 [mm]: 19,05; Kiinnityrreikien et\u00e4isyys [mm]: 50; Kierremitta: 12 x 1, 12 x 1; Valmistusvuosi alkaen: 09\/1983; ALFA ROMEO: 75 162B,GTV 116,ALFETTA GT 116,ALFETTA 116,MONTREAL,GIULIETTA 116,90 162,SZ,RZ; 1130518051, 113051805100, 11305180510000, 113051805101, 11305180510100, 1131518051, 113151805100, 11315180510000, 113151805101, 11315180510100, 60518094, 60518194; P\u00e4\u00e4sylinteri, Kytkin<\/p>\n","protected":false},"excerpt":{"rendered":"<p>LPR Kytkin P\u00e4\u00e4sylinteri 7102 P\u00e4\u00e4sylinteri, Kytkin ALFA ROMEO,75 162B,GTV 116,ALFETTA GT 116,ALFETTA 116,MONTREAL,GIULIETTA 116,90 162,SZ,RZ<\/p>\n","protected":false},"featured_media":0,"template":"","meta":{"site-sidebar-layout":"default","site-content-layout":"default","ast-global-header-display":"","ast-main-header-display":"","ast-hfb-above-header-display":"","ast-hfb-below-header-display":"","ast-hfb-mobile-header-display":"","site-post-title":"","ast-breadcrumbs-content":"","ast-featured-img":"","footer-sml-layout":"","theme-transparent-header-meta":"","adv-header-id-meta":"","stick-header-meta":"","header-above-stick-meta":"","header-main-stick-meta":"","header-below-stick-meta":""},"pwb-brand":[238],"product_cat":[239],"product_tag":[],"class_list":{"0":"post-81540","1":"product","2":"type-product","3":"status-publish","5":"pwb-brand-lpr","6":"product_cat-kytkin-paasylinteri","7":"desktop-align-left","8":"tablet-align-left","9":"mobile-align-left","11":"first","12":"instock","13":"product-type-external"},"brands":[{"id":238,"name":"LPR","slug":"lpr"}],"_links":{"self":[{"href":"https:\/\/www.autonvaraosahaku.fi\/index.php?rest_route=\/wp\/v2\/product\/81540","targetHints":{"allow":["GET"]}}],"collection":[{"href":"https:\/\/www.autonvaraosahaku.fi\/index.php?rest_route=\/wp\/v2\/product"}],"about":[{"href":"https:\/\/www.autonvaraosahaku.fi\/index.php?rest_route=\/wp\/v2\/types\/product"}],"wp:attachment":[{"href":"https:\/\/www.autonvaraosahaku.fi\/index.php?rest_route=%2Fwp%2Fv2%2Fmedia&parent=81540"}],"wp:term":[{"taxonomy":"pwb-brand","embeddable":true,"href":"https:\/\/www.autonvaraosahaku.fi\/index.php?rest_route=%2Fwp%2Fv2%2Fpwb-brand&post=81540"},{"taxonomy":"product_cat","embeddable":true,"href":"https:\/\/www.autonvaraosahaku.fi\/index.php?rest_route=%2Fwp%2Fv2%2Fproduct_cat&post=81540"},{"taxonomy":"product_tag","embeddable":true,"href":"https:\/\/www.autonvaraosahaku.fi\/index.php?rest_route=%2Fwp%2Fv2%2Fproduct_tag&post=81540"}],"curies":[{"name":"wp","href":"https:\/\/api.w.org\/{rel}","templated":true}]}}