{"id":81544,"date":"2021-02-21T20:17:23","date_gmt":"2021-02-21T20:17:23","guid":{"rendered":"https:\/\/www.autonvaraosahaku.fi\/?product=mapco-51610hps-koiranluu"},"modified":"2021-02-21T20:17:29","modified_gmt":"2021-02-21T20:17:29","slug":"mapco-51610hps-koiranluu","status":"publish","type":"product","link":"https:\/\/www.autonvaraosahaku.fi\/?product=mapco-51610hps-koiranluu","title":{"rendered":"MAPCO 51610HPS Koiranluu"},"content":{"rendered":"<p>Laatu: HPS standard; Tanko \/ tuki: Yhdystanko; Asennuspuoli: Taka-akseli, molemminpuolinen; Pituus (mm): 78; Kierremitta: M10x1,5; Tarvittava kappalem\u00e4\u00e4r\u00e4: 2; MAZDA: 5 CR19,3 BK,5 CW,3 Stufenheck BK; VOLVO: V50 MW,S40 II MS; FORD: FOCUS II Kombi DA_,FOCUS II DA_,FOCUS C-MAX,C-MAX DM2,FOCUS II Stufenheck DA_,FOCUS II Cabriolet; 1223923, 1231452, 1253969, 1304120, 1310333, 1335548, 1469208, 1734686, 2408359, 3M515C486BC, 3M515C486BD, BP4K28170C, BP4K28170D, BP4K28170E, BP4K28170F, 30683232, 30714466, 31212548; Kallistuksenvakaajan Yhdystanko,Tanko, Kallistuksenvaimennin<\/p>\n","protected":false},"excerpt":{"rendered":"<p>MAPCO Koiranluu 51610HPS Kallistuksenvakaajan Yhdystanko,Tanko, Kallistuksenvaimennin MAZDA,VOLVO,FORD,5 CR19,3 BK,5 CW,3 Stufenheck BK,V50 MW<\/p>\n","protected":false},"featured_media":0,"template":"","meta":{"site-sidebar-layout":"default","site-content-layout":"default","ast-global-header-display":"","ast-main-header-display":"","ast-hfb-above-header-display":"","ast-hfb-below-header-display":"","ast-hfb-mobile-header-display":"","site-post-title":"","ast-breadcrumbs-content":"","ast-featured-img":"","footer-sml-layout":"","theme-transparent-header-meta":"","adv-header-id-meta":"","stick-header-meta":"","header-above-stick-meta":"","header-main-stick-meta":"","header-below-stick-meta":""},"pwb-brand":[36],"product_cat":[38],"product_tag":[],"class_list":{"0":"post-81544","1":"product","2":"type-product","3":"status-publish","5":"pwb-brand-mapco","6":"product_cat-koiranluu","7":"desktop-align-left","8":"tablet-align-left","9":"mobile-align-left","11":"first","12":"instock","13":"product-type-external"},"brands":[{"id":36,"name":"MAPCO","slug":"mapco"}],"_links":{"self":[{"href":"https:\/\/www.autonvaraosahaku.fi\/index.php?rest_route=\/wp\/v2\/product\/81544","targetHints":{"allow":["GET"]}}],"collection":[{"href":"https:\/\/www.autonvaraosahaku.fi\/index.php?rest_route=\/wp\/v2\/product"}],"about":[{"href":"https:\/\/www.autonvaraosahaku.fi\/index.php?rest_route=\/wp\/v2\/types\/product"}],"wp:attachment":[{"href":"https:\/\/www.autonvaraosahaku.fi\/index.php?rest_route=%2Fwp%2Fv2%2Fmedia&parent=81544"}],"wp:term":[{"taxonomy":"pwb-brand","embeddable":true,"href":"https:\/\/www.autonvaraosahaku.fi\/index.php?rest_route=%2Fwp%2Fv2%2Fpwb-brand&post=81544"},{"taxonomy":"product_cat","embeddable":true,"href":"https:\/\/www.autonvaraosahaku.fi\/index.php?rest_route=%2Fwp%2Fv2%2Fproduct_cat&post=81544"},{"taxonomy":"product_tag","embeddable":true,"href":"https:\/\/www.autonvaraosahaku.fi\/index.php?rest_route=%2Fwp%2Fv2%2Fproduct_tag&post=81544"}],"curies":[{"name":"wp","href":"https:\/\/api.w.org\/{rel}","templated":true}]}}