{"id":81556,"date":"2021-02-21T20:17:32","date_gmt":"2021-02-21T20:17:32","guid":{"rendered":"https:\/\/www.autonvaraosahaku.fi\/?product=lpr-2700-kytkin-paasylinteri"},"modified":"2021-02-21T20:17:34","modified_gmt":"2021-02-21T20:17:34","slug":"lpr-2700-kytkin-paasylinteri","status":"publish","type":"product","link":"https:\/\/www.autonvaraosahaku.fi\/?product=lpr-2700-kytkin-paasylinteri","title":{"rendered":"LPR 2700 Kytkin p\u00e4\u00e4sylinteri"},"content":{"rendered":"<p>Kiinnityrreikien et\u00e4isyys [mm]: 35; Jarruj\u00e4rjestelm\u00e4: ATE; Materiaali: Valurauta; Reik\u00e4-\u00d8 [mm]: 19,05; Kierremitta: 12 x 1; tuotenumerolle: 2700; Alustanumeroon: 091118; MERCEDES-BENZ: Stufenheck W124,SL R107,Stufenheck W123,S-CLASS W126,COUPE C123,S-CLASS W116,KOMBI Kombi S123,T2\/L Kasten\/Kombi,T2\/LN1 Kasten\/Kombi,T2\/L Pritsche\/Fahrgestell,T1\/TN Pritsche\/Fahrgestell,T1\/TN Kasten\/Kombi,T2\/L Kommunalfahrzeug,T2\/L Kipper,O 309; 0002959106, 0012951406, 0012953406, 0012953906, 0012954406, A0002959106, A0012951406, A0012953406, A0012954406; P\u00e4\u00e4sylinteri, Kytkin<\/p>\n","protected":false},"excerpt":{"rendered":"<p>LPR Kytkin P\u00e4\u00e4sylinteri 2700 P\u00e4\u00e4sylinteri, Kytkin MERCEDES-BENZ,Stufenheck W124,SL R107,Stufenheck W123,S-CLASS W126,COUPE C123,S-CLASS W116<\/p>\n","protected":false},"featured_media":0,"template":"","meta":{"site-sidebar-layout":"default","site-content-layout":"default","ast-global-header-display":"","ast-main-header-display":"","ast-hfb-above-header-display":"","ast-hfb-below-header-display":"","ast-hfb-mobile-header-display":"","site-post-title":"","ast-breadcrumbs-content":"","ast-featured-img":"","footer-sml-layout":"","theme-transparent-header-meta":"","adv-header-id-meta":"","stick-header-meta":"","header-above-stick-meta":"","header-main-stick-meta":"","header-below-stick-meta":""},"pwb-brand":[238],"product_cat":[239],"product_tag":[],"class_list":{"0":"post-81556","1":"product","2":"type-product","3":"status-publish","5":"pwb-brand-lpr","6":"product_cat-kytkin-paasylinteri","7":"desktop-align-left","8":"tablet-align-left","9":"mobile-align-left","11":"first","12":"instock","13":"product-type-external"},"brands":[{"id":238,"name":"LPR","slug":"lpr"}],"_links":{"self":[{"href":"https:\/\/www.autonvaraosahaku.fi\/index.php?rest_route=\/wp\/v2\/product\/81556","targetHints":{"allow":["GET"]}}],"collection":[{"href":"https:\/\/www.autonvaraosahaku.fi\/index.php?rest_route=\/wp\/v2\/product"}],"about":[{"href":"https:\/\/www.autonvaraosahaku.fi\/index.php?rest_route=\/wp\/v2\/types\/product"}],"wp:attachment":[{"href":"https:\/\/www.autonvaraosahaku.fi\/index.php?rest_route=%2Fwp%2Fv2%2Fmedia&parent=81556"}],"wp:term":[{"taxonomy":"pwb-brand","embeddable":true,"href":"https:\/\/www.autonvaraosahaku.fi\/index.php?rest_route=%2Fwp%2Fv2%2Fpwb-brand&post=81556"},{"taxonomy":"product_cat","embeddable":true,"href":"https:\/\/www.autonvaraosahaku.fi\/index.php?rest_route=%2Fwp%2Fv2%2Fproduct_cat&post=81556"},{"taxonomy":"product_tag","embeddable":true,"href":"https:\/\/www.autonvaraosahaku.fi\/index.php?rest_route=%2Fwp%2Fv2%2Fproduct_tag&post=81556"}],"curies":[{"name":"wp","href":"https:\/\/api.w.org\/{rel}","templated":true}]}}